{"id":4778,"date":"2020-01-24T08:58:52","date_gmt":"2020-01-24T07:58:52","guid":{"rendered":"https:\/\/www.elgo-sruby.pl\/?page_id=4778"},"modified":"2025-01-20T13:59:12","modified_gmt":"2025-01-20T12:59:12","slug":"prety-gwintowane-jakie-dlugosci-na-metry-ciete","status":"publish","type":"page","link":"https:\/\/elgo.pl\/en\/prety-gwintowane-jakie-dlugosci-na-metry-ciete\/","title":{"rendered":"Pr\u0119ty gwintowane &#8211; jakie d\u0142ugo\u015bci \/ na&nbsp;metry \/ ci\u0119te"},"content":{"rendered":"","protected":false},"excerpt":{"rendered":"","protected":false},"author":1567,"featured_media":4529,"parent":0,"menu_order":6,"comment_status":"closed","ping_status":"closed","template":"","meta":{"_acf_changed":false,"footnotes":""},"class_list":["post-4778","page","type-page","status-publish","has-post-thumbnail","hentry","blog_categories-prety-gwintowane"],"acf":[],"yoast_head":"<!-- This site is optimized with the Yoast SEO plugin v27.3 - https:\/\/yoast.com\/product\/yoast-seo-wordpress\/ -->\n<title>Pr\u0119ty gwintowane - jakie d\u0142ugo\u015bci \/ na metry \/ ci\u0119te - ELGO \u015aruby<\/title>\n<meta name=\"description\" content=\"Elgo\u00a0produkuje pr\u0119ty w\u00a0dowolnych rozmiarach. Standardowe wymiary nie okre\u015blaj\u0105 definitywnie, jakie d\u0142ugo\u015bci mog\u0105 mie\u0107 pr\u0119ty gwintowane.\" \/>\n<meta name=\"robots\" content=\"noindex, nofollow\" \/>\n<meta property=\"og:locale\" content=\"en_US\" \/>\n<meta property=\"og:type\" content=\"article\" \/>\n<meta property=\"og:title\" content=\"Pr\u0119ty gwintowane - jakie d\u0142ugo\u015bci \/ na metry \/ ci\u0119te - ELGO \u015aruby\" \/>\n<meta property=\"og:description\" content=\"Elgo\u00a0produkuje pr\u0119ty w\u00a0dowolnych rozmiarach. Standardowe wymiary nie okre\u015blaj\u0105 definitywnie, jakie d\u0142ugo\u015bci mog\u0105 mie\u0107 pr\u0119ty gwintowane.\" \/>\n<meta property=\"og:url\" content=\"https:\/\/elgo.pl\/en\/prety-gwintowane-jakie-dlugosci-na-metry-ciete\/\" \/>\n<meta property=\"og:site_name\" content=\"ELGO \u015aruby\" \/>\n<meta property=\"article:modified_time\" content=\"2025-01-20T12:59:12+00:00\" \/>\n<meta property=\"og:image\" content=\"https:\/\/elgo.pl\/wp-content\/uploads\/2017\/05\/20180410_123523_D75_9644.jpg\" \/>\n\t<meta property=\"og:image:width\" content=\"1200\" \/>\n\t<meta property=\"og:image:height\" content=\"801\" \/>\n\t<meta property=\"og:image:type\" content=\"image\/jpeg\" \/>\n<meta name=\"twitter:card\" content=\"summary_large_image\" \/>\n<meta name=\"twitter:label1\" content=\"Est. reading time\" \/>\n\t<meta name=\"twitter:data1\" content=\"1 minute\" \/>\n<script type=\"application\/ld+json\" class=\"yoast-schema-graph\">{\"@context\":\"https:\\\/\\\/schema.org\",\"@graph\":[{\"@type\":\"WebPage\",\"@id\":\"https:\\\/\\\/elgo.pl\\\/en\\\/prety-gwintowane-jakie-dlugosci-na-metry-ciete\\\/\",\"url\":\"https:\\\/\\\/elgo.pl\\\/en\\\/prety-gwintowane-jakie-dlugosci-na-metry-ciete\\\/\",\"name\":\"Pr\u0119ty gwintowane - jakie d\u0142ugo\u015bci \\\/ na metry \\\/ ci\u0119te - ELGO \u015aruby\",\"isPartOf\":{\"@id\":\"https:\\\/\\\/elgo.pl\\\/#website\"},\"primaryImageOfPage\":{\"@id\":\"https:\\\/\\\/elgo.pl\\\/en\\\/prety-gwintowane-jakie-dlugosci-na-metry-ciete\\\/#primaryimage\"},\"image\":{\"@id\":\"https:\\\/\\\/elgo.pl\\\/en\\\/prety-gwintowane-jakie-dlugosci-na-metry-ciete\\\/#primaryimage\"},\"thumbnailUrl\":\"https:\\\/\\\/elgo.pl\\\/wp-content\\\/uploads\\\/2017\\\/05\\\/20180410_123523_D75_9644.jpg\",\"datePublished\":\"2020-01-24T07:58:52+00:00\",\"dateModified\":\"2025-01-20T12:59:12+00:00\",\"description\":\"Elgo\u00a0produkuje pr\u0119ty w\u00a0dowolnych rozmiarach. Standardowe wymiary nie okre\u015blaj\u0105 definitywnie, jakie d\u0142ugo\u015bci mog\u0105 mie\u0107 pr\u0119ty gwintowane.\",\"breadcrumb\":{\"@id\":\"https:\\\/\\\/elgo.pl\\\/en\\\/prety-gwintowane-jakie-dlugosci-na-metry-ciete\\\/#breadcrumb\"},\"inLanguage\":\"en-US\",\"potentialAction\":[{\"@type\":\"ReadAction\",\"target\":[\"https:\\\/\\\/elgo.pl\\\/en\\\/prety-gwintowane-jakie-dlugosci-na-metry-ciete\\\/\"]}]},{\"@type\":\"ImageObject\",\"inLanguage\":\"en-US\",\"@id\":\"https:\\\/\\\/elgo.pl\\\/en\\\/prety-gwintowane-jakie-dlugosci-na-metry-ciete\\\/#primaryimage\",\"url\":\"https:\\\/\\\/elgo.pl\\\/wp-content\\\/uploads\\\/2017\\\/05\\\/20180410_123523_D75_9644.jpg\",\"contentUrl\":\"https:\\\/\\\/elgo.pl\\\/wp-content\\\/uploads\\\/2017\\\/05\\\/20180410_123523_D75_9644.jpg\",\"width\":1200,\"height\":801,\"caption\":\"Pr\u0119ty gwintowane, DIN 975, DIN 976\"},{\"@type\":\"BreadcrumbList\",\"@id\":\"https:\\\/\\\/elgo.pl\\\/en\\\/prety-gwintowane-jakie-dlugosci-na-metry-ciete\\\/#breadcrumb\",\"itemListElement\":[{\"@type\":\"ListItem\",\"position\":1,\"name\":\"Strona g\u0142\u00f3wna\",\"item\":\"https:\\\/\\\/elgo.pl\\\/en\\\/\"},{\"@type\":\"ListItem\",\"position\":2,\"name\":\"Pr\u0119ty gwintowane &#8211; jakie d\u0142ugo\u015bci \\\/ na&nbsp;metry \\\/ ci\u0119te\"}]},{\"@type\":\"WebSite\",\"@id\":\"https:\\\/\\\/elgo.pl\\\/#website\",\"url\":\"https:\\\/\\\/elgo.pl\\\/\",\"name\":\"Elgo\",\"description\":\"ELGO takes special products, Bolts for flange bolts acid-resistant, in zinc plating, issues certificates. See product catalog.\",\"potentialAction\":[{\"@type\":\"SearchAction\",\"target\":{\"@type\":\"EntryPoint\",\"urlTemplate\":\"https:\\\/\\\/elgo.pl\\\/?s={search_term_string}\"},\"query-input\":{\"@type\":\"PropertyValueSpecification\",\"valueRequired\":true,\"valueName\":\"search_term_string\"}}],\"inLanguage\":\"en-US\"}]}<\/script>\n<!-- \/ Yoast SEO plugin. -->","yoast_head_json":{"title":"Pr\u0119ty gwintowane - jakie d\u0142ugo\u015bci \/ na metry \/ ci\u0119te - ELGO \u015aruby","description":"Elgo\u00a0produkuje pr\u0119ty w\u00a0dowolnych rozmiarach. Standardowe wymiary nie okre\u015blaj\u0105 definitywnie, jakie d\u0142ugo\u015bci mog\u0105 mie\u0107 pr\u0119ty gwintowane.","robots":{"index":"noindex","follow":"nofollow"},"og_locale":"en_US","og_type":"article","og_title":"Pr\u0119ty gwintowane - jakie d\u0142ugo\u015bci \/ na metry \/ ci\u0119te - ELGO \u015aruby","og_description":"Elgo\u00a0produkuje pr\u0119ty w\u00a0dowolnych rozmiarach. Standardowe wymiary nie okre\u015blaj\u0105 definitywnie, jakie d\u0142ugo\u015bci mog\u0105 mie\u0107 pr\u0119ty gwintowane.","og_url":"https:\/\/elgo.pl\/en\/prety-gwintowane-jakie-dlugosci-na-metry-ciete\/","og_site_name":"ELGO \u015aruby","article_modified_time":"2025-01-20T12:59:12+00:00","og_image":[{"width":1200,"height":801,"url":"https:\/\/elgo.pl\/wp-content\/uploads\/2017\/05\/20180410_123523_D75_9644.jpg","type":"image\/jpeg"}],"twitter_card":"summary_large_image","twitter_misc":{"Est. reading time":"1 minute"},"schema":{"@context":"https:\/\/schema.org","@graph":[{"@type":"WebPage","@id":"https:\/\/elgo.pl\/en\/prety-gwintowane-jakie-dlugosci-na-metry-ciete\/","url":"https:\/\/elgo.pl\/en\/prety-gwintowane-jakie-dlugosci-na-metry-ciete\/","name":"Pr\u0119ty gwintowane - jakie d\u0142ugo\u015bci \/ na metry \/ ci\u0119te - ELGO \u015aruby","isPartOf":{"@id":"https:\/\/elgo.pl\/#website"},"primaryImageOfPage":{"@id":"https:\/\/elgo.pl\/en\/prety-gwintowane-jakie-dlugosci-na-metry-ciete\/#primaryimage"},"image":{"@id":"https:\/\/elgo.pl\/en\/prety-gwintowane-jakie-dlugosci-na-metry-ciete\/#primaryimage"},"thumbnailUrl":"https:\/\/elgo.pl\/wp-content\/uploads\/2017\/05\/20180410_123523_D75_9644.jpg","datePublished":"2020-01-24T07:58:52+00:00","dateModified":"2025-01-20T12:59:12+00:00","description":"Elgo\u00a0produkuje pr\u0119ty w\u00a0dowolnych rozmiarach. Standardowe wymiary nie okre\u015blaj\u0105 definitywnie, jakie d\u0142ugo\u015bci mog\u0105 mie\u0107 pr\u0119ty gwintowane.","breadcrumb":{"@id":"https:\/\/elgo.pl\/en\/prety-gwintowane-jakie-dlugosci-na-metry-ciete\/#breadcrumb"},"inLanguage":"en-US","potentialAction":[{"@type":"ReadAction","target":["https:\/\/elgo.pl\/en\/prety-gwintowane-jakie-dlugosci-na-metry-ciete\/"]}]},{"@type":"ImageObject","inLanguage":"en-US","@id":"https:\/\/elgo.pl\/en\/prety-gwintowane-jakie-dlugosci-na-metry-ciete\/#primaryimage","url":"https:\/\/elgo.pl\/wp-content\/uploads\/2017\/05\/20180410_123523_D75_9644.jpg","contentUrl":"https:\/\/elgo.pl\/wp-content\/uploads\/2017\/05\/20180410_123523_D75_9644.jpg","width":1200,"height":801,"caption":"Pr\u0119ty gwintowane, DIN 975, DIN 976"},{"@type":"BreadcrumbList","@id":"https:\/\/elgo.pl\/en\/prety-gwintowane-jakie-dlugosci-na-metry-ciete\/#breadcrumb","itemListElement":[{"@type":"ListItem","position":1,"name":"Strona g\u0142\u00f3wna","item":"https:\/\/elgo.pl\/en\/"},{"@type":"ListItem","position":2,"name":"Pr\u0119ty gwintowane &#8211; jakie d\u0142ugo\u015bci \/ na&nbsp;metry \/ ci\u0119te"}]},{"@type":"WebSite","@id":"https:\/\/elgo.pl\/#website","url":"https:\/\/elgo.pl\/","name":"Elgo","description":"ELGO takes special products, Bolts for flange bolts acid-resistant, in zinc plating, issues certificates. See product catalog.","potentialAction":[{"@type":"SearchAction","target":{"@type":"EntryPoint","urlTemplate":"https:\/\/elgo.pl\/?s={search_term_string}"},"query-input":{"@type":"PropertyValueSpecification","valueRequired":true,"valueName":"search_term_string"}}],"inLanguage":"en-US"}]}},"_links":{"self":[{"href":"https:\/\/elgo.pl\/en\/wp-json\/wp\/v2\/pages\/4778","targetHints":{"allow":["GET"]}}],"collection":[{"href":"https:\/\/elgo.pl\/en\/wp-json\/wp\/v2\/pages"}],"about":[{"href":"https:\/\/elgo.pl\/en\/wp-json\/wp\/v2\/types\/page"}],"author":[{"embeddable":true,"href":"https:\/\/elgo.pl\/en\/wp-json\/wp\/v2\/users\/1567"}],"replies":[{"embeddable":true,"href":"https:\/\/elgo.pl\/en\/wp-json\/wp\/v2\/comments?post=4778"}],"version-history":[{"count":4,"href":"https:\/\/elgo.pl\/en\/wp-json\/wp\/v2\/pages\/4778\/revisions"}],"predecessor-version":[{"id":6881,"href":"https:\/\/elgo.pl\/en\/wp-json\/wp\/v2\/pages\/4778\/revisions\/6881"}],"wp:featuredmedia":[{"embeddable":true,"href":"https:\/\/elgo.pl\/en\/wp-json\/wp\/v2\/media\/4529"}],"wp:attachment":[{"href":"https:\/\/elgo.pl\/en\/wp-json\/wp\/v2\/media?parent=4778"}],"curies":[{"name":"wp","href":"https:\/\/api.w.org\/{rel}","templated":true}]}}