{"id":4809,"date":"2020-04-20T19:53:29","date_gmt":"2020-04-20T17:53:29","guid":{"rendered":"https:\/\/www.elgo-sruby.pl\/?page_id=4809"},"modified":"2025-01-20T13:12:23","modified_gmt":"2025-01-20T12:12:23","slug":"gwinty-calowe","status":"publish","type":"page","link":"https:\/\/elgo.pl\/en\/gwinty-calowe\/","title":{"rendered":"Gwinty calowe"},"content":{"rendered":"","protected":false},"excerpt":{"rendered":"","protected":false},"author":2125,"featured_media":0,"parent":0,"menu_order":1,"comment_status":"closed","ping_status":"closed","template":"","meta":{"_acf_changed":false,"footnotes":""},"class_list":["post-4809","page","type-page","status-publish","hentry"],"acf":[],"yoast_head":"<!-- This site is optimized with the Yoast SEO plugin v27.3 - https:\/\/yoast.com\/product\/yoast-seo-wordpress\/ -->\n<title>Gwinty calowe - ELGO \u015aruby<\/title>\n<meta name=\"description\" content=\"Gwinty calowe dziel\u0105 si\u0119 na calowe ameryka\u0144skie, zwane tak\u017ce zunifikowanymi (UNC), calowe drobnozwojowe (UNF) oraz ich brytyjskie odpowiedniki (BSW \u2013 gwint calowy angielski oraz BSF \u2013 drobnozwojowy brytyjski). Sprawd\u017acie ofert\u0119 ELGO \u015aRUBY.\" \/>\n<meta name=\"robots\" content=\"noindex, nofollow\" \/>\n<meta property=\"og:locale\" content=\"en_US\" \/>\n<meta property=\"og:type\" content=\"article\" \/>\n<meta property=\"og:title\" content=\"Gwinty calowe - ELGO \u015aruby\" \/>\n<meta property=\"og:description\" content=\"Gwinty calowe dziel\u0105 si\u0119 na calowe ameryka\u0144skie, zwane tak\u017ce zunifikowanymi (UNC), calowe drobnozwojowe (UNF) oraz ich brytyjskie odpowiedniki (BSW \u2013 gwint calowy angielski oraz BSF \u2013 drobnozwojowy brytyjski). Sprawd\u017acie ofert\u0119 ELGO \u015aRUBY.\" \/>\n<meta property=\"og:url\" content=\"https:\/\/elgo.pl\/en\/gwinty-calowe\/\" \/>\n<meta property=\"og:site_name\" content=\"ELGO \u015aruby\" \/>\n<meta property=\"article:modified_time\" content=\"2025-01-20T12:12:23+00:00\" \/>\n<meta name=\"twitter:card\" content=\"summary_large_image\" \/>\n<script type=\"application\/ld+json\" class=\"yoast-schema-graph\">{\"@context\":\"https:\\\/\\\/schema.org\",\"@graph\":[{\"@type\":\"WebPage\",\"@id\":\"https:\\\/\\\/elgo.pl\\\/en\\\/gwinty-calowe\\\/\",\"url\":\"https:\\\/\\\/elgo.pl\\\/en\\\/gwinty-calowe\\\/\",\"name\":\"Gwinty calowe - ELGO \u015aruby\",\"isPartOf\":{\"@id\":\"https:\\\/\\\/elgo.pl\\\/#website\"},\"datePublished\":\"2020-04-20T17:53:29+00:00\",\"dateModified\":\"2025-01-20T12:12:23+00:00\",\"description\":\"Gwinty calowe dziel\u0105 si\u0119 na calowe ameryka\u0144skie, zwane tak\u017ce zunifikowanymi (UNC), calowe drobnozwojowe (UNF) oraz ich brytyjskie odpowiedniki (BSW \u2013 gwint calowy angielski oraz BSF \u2013 drobnozwojowy brytyjski). Sprawd\u017acie ofert\u0119 ELGO \u015aRUBY.\",\"breadcrumb\":{\"@id\":\"https:\\\/\\\/elgo.pl\\\/en\\\/gwinty-calowe\\\/#breadcrumb\"},\"inLanguage\":\"en-US\",\"potentialAction\":[{\"@type\":\"ReadAction\",\"target\":[\"https:\\\/\\\/elgo.pl\\\/en\\\/gwinty-calowe\\\/\"]}]},{\"@type\":\"BreadcrumbList\",\"@id\":\"https:\\\/\\\/elgo.pl\\\/en\\\/gwinty-calowe\\\/#breadcrumb\",\"itemListElement\":[{\"@type\":\"ListItem\",\"position\":1,\"name\":\"Strona g\u0142\u00f3wna\",\"item\":\"https:\\\/\\\/elgo.pl\\\/en\\\/\"},{\"@type\":\"ListItem\",\"position\":2,\"name\":\"Gwinty calowe\"}]},{\"@type\":\"WebSite\",\"@id\":\"https:\\\/\\\/elgo.pl\\\/#website\",\"url\":\"https:\\\/\\\/elgo.pl\\\/\",\"name\":\"Elgo\",\"description\":\"ELGO takes special products, Bolts for flange bolts acid-resistant, in zinc plating, issues certificates. See product catalog.\",\"potentialAction\":[{\"@type\":\"SearchAction\",\"target\":{\"@type\":\"EntryPoint\",\"urlTemplate\":\"https:\\\/\\\/elgo.pl\\\/?s={search_term_string}\"},\"query-input\":{\"@type\":\"PropertyValueSpecification\",\"valueRequired\":true,\"valueName\":\"search_term_string\"}}],\"inLanguage\":\"en-US\"}]}<\/script>\n<!-- \/ Yoast SEO plugin. -->","yoast_head_json":{"title":"Gwinty calowe - ELGO \u015aruby","description":"Gwinty calowe dziel\u0105 si\u0119 na calowe ameryka\u0144skie, zwane tak\u017ce zunifikowanymi (UNC), calowe drobnozwojowe (UNF) oraz ich brytyjskie odpowiedniki (BSW \u2013 gwint calowy angielski oraz BSF \u2013 drobnozwojowy brytyjski). Sprawd\u017acie ofert\u0119 ELGO \u015aRUBY.","robots":{"index":"noindex","follow":"nofollow"},"og_locale":"en_US","og_type":"article","og_title":"Gwinty calowe - ELGO \u015aruby","og_description":"Gwinty calowe dziel\u0105 si\u0119 na calowe ameryka\u0144skie, zwane tak\u017ce zunifikowanymi (UNC), calowe drobnozwojowe (UNF) oraz ich brytyjskie odpowiedniki (BSW \u2013 gwint calowy angielski oraz BSF \u2013 drobnozwojowy brytyjski). Sprawd\u017acie ofert\u0119 ELGO \u015aRUBY.","og_url":"https:\/\/elgo.pl\/en\/gwinty-calowe\/","og_site_name":"ELGO \u015aruby","article_modified_time":"2025-01-20T12:12:23+00:00","twitter_card":"summary_large_image","schema":{"@context":"https:\/\/schema.org","@graph":[{"@type":"WebPage","@id":"https:\/\/elgo.pl\/en\/gwinty-calowe\/","url":"https:\/\/elgo.pl\/en\/gwinty-calowe\/","name":"Gwinty calowe - ELGO \u015aruby","isPartOf":{"@id":"https:\/\/elgo.pl\/#website"},"datePublished":"2020-04-20T17:53:29+00:00","dateModified":"2025-01-20T12:12:23+00:00","description":"Gwinty calowe dziel\u0105 si\u0119 na calowe ameryka\u0144skie, zwane tak\u017ce zunifikowanymi (UNC), calowe drobnozwojowe (UNF) oraz ich brytyjskie odpowiedniki (BSW \u2013 gwint calowy angielski oraz BSF \u2013 drobnozwojowy brytyjski). Sprawd\u017acie ofert\u0119 ELGO \u015aRUBY.","breadcrumb":{"@id":"https:\/\/elgo.pl\/en\/gwinty-calowe\/#breadcrumb"},"inLanguage":"en-US","potentialAction":[{"@type":"ReadAction","target":["https:\/\/elgo.pl\/en\/gwinty-calowe\/"]}]},{"@type":"BreadcrumbList","@id":"https:\/\/elgo.pl\/en\/gwinty-calowe\/#breadcrumb","itemListElement":[{"@type":"ListItem","position":1,"name":"Strona g\u0142\u00f3wna","item":"https:\/\/elgo.pl\/en\/"},{"@type":"ListItem","position":2,"name":"Gwinty calowe"}]},{"@type":"WebSite","@id":"https:\/\/elgo.pl\/#website","url":"https:\/\/elgo.pl\/","name":"Elgo","description":"ELGO takes special products, Bolts for flange bolts acid-resistant, in zinc plating, issues certificates. See product catalog.","potentialAction":[{"@type":"SearchAction","target":{"@type":"EntryPoint","urlTemplate":"https:\/\/elgo.pl\/?s={search_term_string}"},"query-input":{"@type":"PropertyValueSpecification","valueRequired":true,"valueName":"search_term_string"}}],"inLanguage":"en-US"}]}},"_links":{"self":[{"href":"https:\/\/elgo.pl\/en\/wp-json\/wp\/v2\/pages\/4809","targetHints":{"allow":["GET"]}}],"collection":[{"href":"https:\/\/elgo.pl\/en\/wp-json\/wp\/v2\/pages"}],"about":[{"href":"https:\/\/elgo.pl\/en\/wp-json\/wp\/v2\/types\/page"}],"author":[{"embeddable":true,"href":"https:\/\/elgo.pl\/en\/wp-json\/wp\/v2\/users\/2125"}],"replies":[{"embeddable":true,"href":"https:\/\/elgo.pl\/en\/wp-json\/wp\/v2\/comments?post=4809"}],"version-history":[{"count":3,"href":"https:\/\/elgo.pl\/en\/wp-json\/wp\/v2\/pages\/4809\/revisions"}],"predecessor-version":[{"id":6839,"href":"https:\/\/elgo.pl\/en\/wp-json\/wp\/v2\/pages\/4809\/revisions\/6839"}],"wp:attachment":[{"href":"https:\/\/elgo.pl\/en\/wp-json\/wp\/v2\/media?parent=4809"}],"curies":[{"name":"wp","href":"https:\/\/api.w.org\/{rel}","templated":true}]}}