{"id":4872,"date":"2020-06-30T10:47:16","date_gmt":"2020-06-30T08:47:16","guid":{"rendered":"https:\/\/www.elgo-sruby.pl\/?page_id=4872"},"modified":"2025-01-20T16:45:17","modified_gmt":"2025-01-20T15:45:17","slug":"przelicznik-wagowy","status":"publish","type":"page","link":"https:\/\/elgo.pl\/en\/przelicznik-wagowy\/","title":{"rendered":"Przelicznik wagowy"},"content":{"rendered":"","protected":false},"excerpt":{"rendered":"","protected":false},"author":2125,"featured_media":0,"parent":0,"menu_order":0,"comment_status":"closed","ping_status":"closed","template":"","meta":{"_acf_changed":false,"footnotes":""},"class_list":["post-4872","page","type-page","status-publish","hentry"],"acf":[],"yoast_head":"<!-- This site is optimized with the Yoast SEO plugin v27.3 - https:\/\/yoast.com\/product\/yoast-seo-wordpress\/ -->\n<title>Przelicznik wagowy - ELGO \u015aruby<\/title>\n<meta name=\"description\" content=\"Przelicznik wagowy - z okre\u015bleniem wagi pojedynczej bry\u0142y nie ma problemu. Wystarczy j\u0105 zmierzy\u0107 i pomno\u017cy\u0107 obj\u0119to\u015b\u0107 przez ci\u0119\u017car w\u0142a\u015bciwy materia\u0142u. Zadanie si\u0119 komplikuje, je\u015bli element\u00f3w jest wiele.\" \/>\n<meta name=\"robots\" content=\"noindex, nofollow\" \/>\n<meta property=\"og:locale\" content=\"en_US\" \/>\n<meta property=\"og:type\" content=\"article\" \/>\n<meta property=\"og:title\" content=\"Przelicznik wagowy - ELGO \u015aruby\" \/>\n<meta property=\"og:description\" content=\"Przelicznik wagowy - z okre\u015bleniem wagi pojedynczej bry\u0142y nie ma problemu. Wystarczy j\u0105 zmierzy\u0107 i pomno\u017cy\u0107 obj\u0119to\u015b\u0107 przez ci\u0119\u017car w\u0142a\u015bciwy materia\u0142u. Zadanie si\u0119 komplikuje, je\u015bli element\u00f3w jest wiele.\" \/>\n<meta property=\"og:url\" content=\"https:\/\/elgo.pl\/en\/przelicznik-wagowy\/\" \/>\n<meta property=\"og:site_name\" content=\"ELGO \u015aruby\" \/>\n<meta property=\"article:modified_time\" content=\"2025-01-20T15:45:17+00:00\" \/>\n<meta name=\"twitter:card\" content=\"summary_large_image\" \/>\n<script type=\"application\/ld+json\" class=\"yoast-schema-graph\">{\"@context\":\"https:\\\/\\\/schema.org\",\"@graph\":[{\"@type\":\"WebPage\",\"@id\":\"https:\\\/\\\/elgo.pl\\\/en\\\/przelicznik-wagowy\\\/\",\"url\":\"https:\\\/\\\/elgo.pl\\\/en\\\/przelicznik-wagowy\\\/\",\"name\":\"Przelicznik wagowy - ELGO \u015aruby\",\"isPartOf\":{\"@id\":\"https:\\\/\\\/elgo.pl\\\/#website\"},\"datePublished\":\"2020-06-30T08:47:16+00:00\",\"dateModified\":\"2025-01-20T15:45:17+00:00\",\"description\":\"Przelicznik wagowy - z okre\u015bleniem wagi pojedynczej bry\u0142y nie ma problemu. Wystarczy j\u0105 zmierzy\u0107 i pomno\u017cy\u0107 obj\u0119to\u015b\u0107 przez ci\u0119\u017car w\u0142a\u015bciwy materia\u0142u. Zadanie si\u0119 komplikuje, je\u015bli element\u00f3w jest wiele.\",\"breadcrumb\":{\"@id\":\"https:\\\/\\\/elgo.pl\\\/en\\\/przelicznik-wagowy\\\/#breadcrumb\"},\"inLanguage\":\"en-US\",\"potentialAction\":[{\"@type\":\"ReadAction\",\"target\":[\"https:\\\/\\\/elgo.pl\\\/en\\\/przelicznik-wagowy\\\/\"]}]},{\"@type\":\"BreadcrumbList\",\"@id\":\"https:\\\/\\\/elgo.pl\\\/en\\\/przelicznik-wagowy\\\/#breadcrumb\",\"itemListElement\":[{\"@type\":\"ListItem\",\"position\":1,\"name\":\"Strona g\u0142\u00f3wna\",\"item\":\"https:\\\/\\\/elgo.pl\\\/en\\\/\"},{\"@type\":\"ListItem\",\"position\":2,\"name\":\"Przelicznik wagowy\"}]},{\"@type\":\"WebSite\",\"@id\":\"https:\\\/\\\/elgo.pl\\\/#website\",\"url\":\"https:\\\/\\\/elgo.pl\\\/\",\"name\":\"Elgo\",\"description\":\"ELGO takes special products, Bolts for flange bolts acid-resistant, in zinc plating, issues certificates. See product catalog.\",\"potentialAction\":[{\"@type\":\"SearchAction\",\"target\":{\"@type\":\"EntryPoint\",\"urlTemplate\":\"https:\\\/\\\/elgo.pl\\\/?s={search_term_string}\"},\"query-input\":{\"@type\":\"PropertyValueSpecification\",\"valueRequired\":true,\"valueName\":\"search_term_string\"}}],\"inLanguage\":\"en-US\"}]}<\/script>\n<!-- \/ Yoast SEO plugin. -->","yoast_head_json":{"title":"Przelicznik wagowy - ELGO \u015aruby","description":"Przelicznik wagowy - z okre\u015bleniem wagi pojedynczej bry\u0142y nie ma problemu. Wystarczy j\u0105 zmierzy\u0107 i pomno\u017cy\u0107 obj\u0119to\u015b\u0107 przez ci\u0119\u017car w\u0142a\u015bciwy materia\u0142u. Zadanie si\u0119 komplikuje, je\u015bli element\u00f3w jest wiele.","robots":{"index":"noindex","follow":"nofollow"},"og_locale":"en_US","og_type":"article","og_title":"Przelicznik wagowy - ELGO \u015aruby","og_description":"Przelicznik wagowy - z okre\u015bleniem wagi pojedynczej bry\u0142y nie ma problemu. Wystarczy j\u0105 zmierzy\u0107 i pomno\u017cy\u0107 obj\u0119to\u015b\u0107 przez ci\u0119\u017car w\u0142a\u015bciwy materia\u0142u. Zadanie si\u0119 komplikuje, je\u015bli element\u00f3w jest wiele.","og_url":"https:\/\/elgo.pl\/en\/przelicznik-wagowy\/","og_site_name":"ELGO \u015aruby","article_modified_time":"2025-01-20T15:45:17+00:00","twitter_card":"summary_large_image","schema":{"@context":"https:\/\/schema.org","@graph":[{"@type":"WebPage","@id":"https:\/\/elgo.pl\/en\/przelicznik-wagowy\/","url":"https:\/\/elgo.pl\/en\/przelicznik-wagowy\/","name":"Przelicznik wagowy - ELGO \u015aruby","isPartOf":{"@id":"https:\/\/elgo.pl\/#website"},"datePublished":"2020-06-30T08:47:16+00:00","dateModified":"2025-01-20T15:45:17+00:00","description":"Przelicznik wagowy - z okre\u015bleniem wagi pojedynczej bry\u0142y nie ma problemu. Wystarczy j\u0105 zmierzy\u0107 i pomno\u017cy\u0107 obj\u0119to\u015b\u0107 przez ci\u0119\u017car w\u0142a\u015bciwy materia\u0142u. Zadanie si\u0119 komplikuje, je\u015bli element\u00f3w jest wiele.","breadcrumb":{"@id":"https:\/\/elgo.pl\/en\/przelicznik-wagowy\/#breadcrumb"},"inLanguage":"en-US","potentialAction":[{"@type":"ReadAction","target":["https:\/\/elgo.pl\/en\/przelicznik-wagowy\/"]}]},{"@type":"BreadcrumbList","@id":"https:\/\/elgo.pl\/en\/przelicznik-wagowy\/#breadcrumb","itemListElement":[{"@type":"ListItem","position":1,"name":"Strona g\u0142\u00f3wna","item":"https:\/\/elgo.pl\/en\/"},{"@type":"ListItem","position":2,"name":"Przelicznik wagowy"}]},{"@type":"WebSite","@id":"https:\/\/elgo.pl\/#website","url":"https:\/\/elgo.pl\/","name":"Elgo","description":"ELGO takes special products, Bolts for flange bolts acid-resistant, in zinc plating, issues certificates. See product catalog.","potentialAction":[{"@type":"SearchAction","target":{"@type":"EntryPoint","urlTemplate":"https:\/\/elgo.pl\/?s={search_term_string}"},"query-input":{"@type":"PropertyValueSpecification","valueRequired":true,"valueName":"search_term_string"}}],"inLanguage":"en-US"}]}},"_links":{"self":[{"href":"https:\/\/elgo.pl\/en\/wp-json\/wp\/v2\/pages\/4872","targetHints":{"allow":["GET"]}}],"collection":[{"href":"https:\/\/elgo.pl\/en\/wp-json\/wp\/v2\/pages"}],"about":[{"href":"https:\/\/elgo.pl\/en\/wp-json\/wp\/v2\/types\/page"}],"author":[{"embeddable":true,"href":"https:\/\/elgo.pl\/en\/wp-json\/wp\/v2\/users\/2125"}],"replies":[{"embeddable":true,"href":"https:\/\/elgo.pl\/en\/wp-json\/wp\/v2\/comments?post=4872"}],"version-history":[{"count":4,"href":"https:\/\/elgo.pl\/en\/wp-json\/wp\/v2\/pages\/4872\/revisions"}],"predecessor-version":[{"id":6896,"href":"https:\/\/elgo.pl\/en\/wp-json\/wp\/v2\/pages\/4872\/revisions\/6896"}],"wp:attachment":[{"href":"https:\/\/elgo.pl\/en\/wp-json\/wp\/v2\/media?parent=4872"}],"curies":[{"name":"wp","href":"https:\/\/api.w.org\/{rel}","templated":true}]}}