{"id":4951,"date":"2020-08-17T21:24:54","date_gmt":"2020-08-17T19:24:54","guid":{"rendered":"https:\/\/www.elgo-sruby.pl\/?page_id=4951"},"modified":"2025-01-20T13:36:29","modified_gmt":"2025-01-20T12:36:29","slug":"gwinty-calowe-porownanie","status":"publish","type":"page","link":"https:\/\/elgo.pl\/en\/gwinty-calowe-porownanie\/","title":{"rendered":"Gwinty calowe \u2013 tabela por\u00f3wnanie"},"content":{"rendered":"","protected":false},"excerpt":{"rendered":"","protected":false},"author":2125,"featured_media":0,"parent":0,"menu_order":0,"comment_status":"closed","ping_status":"closed","template":"","meta":{"_acf_changed":false,"footnotes":""},"class_list":["post-4951","page","type-page","status-publish","hentry","blog_categories-normy-i-specyfikacje"],"acf":[],"yoast_head":"<!-- This site is optimized with the Yoast SEO plugin v27.3 - https:\/\/yoast.com\/product\/yoast-seo-wordpress\/ -->\n<title>Gwinty calowe \u2013 tabela por\u00f3wnanie - ELGO \u015aruby<\/title>\n<meta name=\"description\" content=\"\u015aruba z odpowiednio dobranym gwintem ma znaczenie w efekcie ko\u0144cowym. Gwinty dzielimy ze wzgl\u0119du na wymiar, kierunek obrotu czy jednostk\u0119 miary.\" \/>\n<meta name=\"robots\" content=\"noindex, nofollow\" \/>\n<meta property=\"og:locale\" content=\"en_US\" \/>\n<meta property=\"og:type\" content=\"article\" \/>\n<meta property=\"og:title\" content=\"Gwinty calowe \u2013 tabela por\u00f3wnanie - ELGO \u015aruby\" \/>\n<meta property=\"og:description\" content=\"\u015aruba z odpowiednio dobranym gwintem ma znaczenie w efekcie ko\u0144cowym. Gwinty dzielimy ze wzgl\u0119du na wymiar, kierunek obrotu czy jednostk\u0119 miary.\" \/>\n<meta property=\"og:url\" content=\"https:\/\/elgo.pl\/en\/gwinty-calowe-porownanie\/\" \/>\n<meta property=\"og:site_name\" content=\"ELGO \u015aruby\" \/>\n<meta property=\"article:modified_time\" content=\"2025-01-20T12:36:29+00:00\" \/>\n<meta name=\"twitter:card\" content=\"summary_large_image\" \/>\n<meta name=\"twitter:label1\" content=\"Est. reading time\" \/>\n\t<meta name=\"twitter:data1\" content=\"1 minute\" \/>\n<script type=\"application\/ld+json\" class=\"yoast-schema-graph\">{\"@context\":\"https:\\\/\\\/schema.org\",\"@graph\":[{\"@type\":\"WebPage\",\"@id\":\"https:\\\/\\\/elgo.pl\\\/en\\\/gwinty-calowe-porownanie\\\/\",\"url\":\"https:\\\/\\\/elgo.pl\\\/en\\\/gwinty-calowe-porownanie\\\/\",\"name\":\"Gwinty calowe \u2013 tabela por\u00f3wnanie - ELGO \u015aruby\",\"isPartOf\":{\"@id\":\"https:\\\/\\\/elgo.pl\\\/#website\"},\"datePublished\":\"2020-08-17T19:24:54+00:00\",\"dateModified\":\"2025-01-20T12:36:29+00:00\",\"description\":\"\u015aruba z odpowiednio dobranym gwintem ma znaczenie w efekcie ko\u0144cowym. Gwinty dzielimy ze wzgl\u0119du na wymiar, kierunek obrotu czy jednostk\u0119 miary.\",\"breadcrumb\":{\"@id\":\"https:\\\/\\\/elgo.pl\\\/en\\\/gwinty-calowe-porownanie\\\/#breadcrumb\"},\"inLanguage\":\"en-US\",\"potentialAction\":[{\"@type\":\"ReadAction\",\"target\":[\"https:\\\/\\\/elgo.pl\\\/en\\\/gwinty-calowe-porownanie\\\/\"]}]},{\"@type\":\"BreadcrumbList\",\"@id\":\"https:\\\/\\\/elgo.pl\\\/en\\\/gwinty-calowe-porownanie\\\/#breadcrumb\",\"itemListElement\":[{\"@type\":\"ListItem\",\"position\":1,\"name\":\"Strona g\u0142\u00f3wna\",\"item\":\"https:\\\/\\\/elgo.pl\\\/en\\\/\"},{\"@type\":\"ListItem\",\"position\":2,\"name\":\"Gwinty calowe \u2013 tabela por\u00f3wnanie\"}]},{\"@type\":\"WebSite\",\"@id\":\"https:\\\/\\\/elgo.pl\\\/#website\",\"url\":\"https:\\\/\\\/elgo.pl\\\/\",\"name\":\"Elgo\",\"description\":\"ELGO takes special products, Bolts for flange bolts acid-resistant, in zinc plating, issues certificates. See product catalog.\",\"potentialAction\":[{\"@type\":\"SearchAction\",\"target\":{\"@type\":\"EntryPoint\",\"urlTemplate\":\"https:\\\/\\\/elgo.pl\\\/?s={search_term_string}\"},\"query-input\":{\"@type\":\"PropertyValueSpecification\",\"valueRequired\":true,\"valueName\":\"search_term_string\"}}],\"inLanguage\":\"en-US\"}]}<\/script>\n<!-- \/ Yoast SEO plugin. -->","yoast_head_json":{"title":"Gwinty calowe \u2013 tabela por\u00f3wnanie - ELGO \u015aruby","description":"\u015aruba z odpowiednio dobranym gwintem ma znaczenie w efekcie ko\u0144cowym. Gwinty dzielimy ze wzgl\u0119du na wymiar, kierunek obrotu czy jednostk\u0119 miary.","robots":{"index":"noindex","follow":"nofollow"},"og_locale":"en_US","og_type":"article","og_title":"Gwinty calowe \u2013 tabela por\u00f3wnanie - ELGO \u015aruby","og_description":"\u015aruba z odpowiednio dobranym gwintem ma znaczenie w efekcie ko\u0144cowym. Gwinty dzielimy ze wzgl\u0119du na wymiar, kierunek obrotu czy jednostk\u0119 miary.","og_url":"https:\/\/elgo.pl\/en\/gwinty-calowe-porownanie\/","og_site_name":"ELGO \u015aruby","article_modified_time":"2025-01-20T12:36:29+00:00","twitter_card":"summary_large_image","twitter_misc":{"Est. reading time":"1 minute"},"schema":{"@context":"https:\/\/schema.org","@graph":[{"@type":"WebPage","@id":"https:\/\/elgo.pl\/en\/gwinty-calowe-porownanie\/","url":"https:\/\/elgo.pl\/en\/gwinty-calowe-porownanie\/","name":"Gwinty calowe \u2013 tabela por\u00f3wnanie - ELGO \u015aruby","isPartOf":{"@id":"https:\/\/elgo.pl\/#website"},"datePublished":"2020-08-17T19:24:54+00:00","dateModified":"2025-01-20T12:36:29+00:00","description":"\u015aruba z odpowiednio dobranym gwintem ma znaczenie w efekcie ko\u0144cowym. Gwinty dzielimy ze wzgl\u0119du na wymiar, kierunek obrotu czy jednostk\u0119 miary.","breadcrumb":{"@id":"https:\/\/elgo.pl\/en\/gwinty-calowe-porownanie\/#breadcrumb"},"inLanguage":"en-US","potentialAction":[{"@type":"ReadAction","target":["https:\/\/elgo.pl\/en\/gwinty-calowe-porownanie\/"]}]},{"@type":"BreadcrumbList","@id":"https:\/\/elgo.pl\/en\/gwinty-calowe-porownanie\/#breadcrumb","itemListElement":[{"@type":"ListItem","position":1,"name":"Strona g\u0142\u00f3wna","item":"https:\/\/elgo.pl\/en\/"},{"@type":"ListItem","position":2,"name":"Gwinty calowe \u2013 tabela por\u00f3wnanie"}]},{"@type":"WebSite","@id":"https:\/\/elgo.pl\/#website","url":"https:\/\/elgo.pl\/","name":"Elgo","description":"ELGO takes special products, Bolts for flange bolts acid-resistant, in zinc plating, issues certificates. See product catalog.","potentialAction":[{"@type":"SearchAction","target":{"@type":"EntryPoint","urlTemplate":"https:\/\/elgo.pl\/?s={search_term_string}"},"query-input":{"@type":"PropertyValueSpecification","valueRequired":true,"valueName":"search_term_string"}}],"inLanguage":"en-US"}]}},"_links":{"self":[{"href":"https:\/\/elgo.pl\/en\/wp-json\/wp\/v2\/pages\/4951","targetHints":{"allow":["GET"]}}],"collection":[{"href":"https:\/\/elgo.pl\/en\/wp-json\/wp\/v2\/pages"}],"about":[{"href":"https:\/\/elgo.pl\/en\/wp-json\/wp\/v2\/types\/page"}],"author":[{"embeddable":true,"href":"https:\/\/elgo.pl\/en\/wp-json\/wp\/v2\/users\/2125"}],"replies":[{"embeddable":true,"href":"https:\/\/elgo.pl\/en\/wp-json\/wp\/v2\/comments?post=4951"}],"version-history":[{"count":5,"href":"https:\/\/elgo.pl\/en\/wp-json\/wp\/v2\/pages\/4951\/revisions"}],"predecessor-version":[{"id":7580,"href":"https:\/\/elgo.pl\/en\/wp-json\/wp\/v2\/pages\/4951\/revisions\/7580"}],"wp:attachment":[{"href":"https:\/\/elgo.pl\/en\/wp-json\/wp\/v2\/media?parent=4951"}],"curies":[{"name":"wp","href":"https:\/\/api.w.org\/{rel}","templated":true}]}}