{"id":5072,"date":"2021-01-09T12:50:52","date_gmt":"2021-01-09T11:50:52","guid":{"rendered":"https:\/\/www.elgo-sruby.pl\/?page_id=5072"},"modified":"2025-01-20T13:52:39","modified_gmt":"2025-01-20T12:52:39","slug":"mocowanie-paneli-fotowoltaicznych-do-blachodachowki","status":"publish","type":"page","link":"https:\/\/elgo.pl\/en\/mocowanie-paneli-fotowoltaicznych-do-blachodachowki\/","title":{"rendered":"Mocowanie paneli fotowoltaicznych do&nbsp;blachodach\u00f3wki"},"content":{"rendered":"","protected":false},"excerpt":{"rendered":"","protected":false},"author":2125,"featured_media":0,"parent":0,"menu_order":0,"comment_status":"closed","ping_status":"closed","template":"","meta":{"_acf_changed":false,"footnotes":""},"class_list":["post-5072","page","type-page","status-publish","hentry","blog_categories-fotowoltaika"],"acf":[],"yoast_head":"<!-- This site is optimized with the Yoast SEO plugin v27.3 - https:\/\/yoast.com\/product\/yoast-seo-wordpress\/ -->\n<title>Mocowanie paneli fotowoltaicznych do blachodach\u00f3wki - ELGO \u015aruby<\/title>\n<meta name=\"description\" content=\"Najpopularniejsze pokrycie dachowe w domkach jednorodzinnych w Polsce to blachodach\u00f3wka. Monta\u017c do niej paneli fotowoltaicznych wymaga odpowiedniego przygotowania ekipy.\" \/>\n<meta name=\"robots\" content=\"noindex, nofollow\" \/>\n<meta property=\"og:locale\" content=\"en_US\" \/>\n<meta property=\"og:type\" content=\"article\" \/>\n<meta property=\"og:title\" content=\"Mocowanie paneli fotowoltaicznych do blachodach\u00f3wki - ELGO \u015aruby\" \/>\n<meta property=\"og:description\" content=\"Najpopularniejsze pokrycie dachowe w domkach jednorodzinnych w Polsce to blachodach\u00f3wka. Monta\u017c do niej paneli fotowoltaicznych wymaga odpowiedniego przygotowania ekipy.\" \/>\n<meta property=\"og:url\" content=\"https:\/\/elgo.pl\/en\/mocowanie-paneli-fotowoltaicznych-do-blachodachowki\/\" \/>\n<meta property=\"og:site_name\" content=\"ELGO \u015aruby\" \/>\n<meta property=\"article:modified_time\" content=\"2025-01-20T12:52:39+00:00\" \/>\n<meta name=\"twitter:card\" content=\"summary_large_image\" \/>\n<script type=\"application\/ld+json\" class=\"yoast-schema-graph\">{\"@context\":\"https:\\\/\\\/schema.org\",\"@graph\":[{\"@type\":\"WebPage\",\"@id\":\"https:\\\/\\\/elgo.pl\\\/en\\\/mocowanie-paneli-fotowoltaicznych-do-blachodachowki\\\/\",\"url\":\"https:\\\/\\\/elgo.pl\\\/en\\\/mocowanie-paneli-fotowoltaicznych-do-blachodachowki\\\/\",\"name\":\"Mocowanie paneli fotowoltaicznych do blachodach\u00f3wki - ELGO \u015aruby\",\"isPartOf\":{\"@id\":\"https:\\\/\\\/elgo.pl\\\/#website\"},\"datePublished\":\"2021-01-09T11:50:52+00:00\",\"dateModified\":\"2025-01-20T12:52:39+00:00\",\"description\":\"Najpopularniejsze pokrycie dachowe w domkach jednorodzinnych w Polsce to blachodach\u00f3wka. Monta\u017c do niej paneli fotowoltaicznych wymaga odpowiedniego przygotowania ekipy.\",\"breadcrumb\":{\"@id\":\"https:\\\/\\\/elgo.pl\\\/en\\\/mocowanie-paneli-fotowoltaicznych-do-blachodachowki\\\/#breadcrumb\"},\"inLanguage\":\"en-US\",\"potentialAction\":[{\"@type\":\"ReadAction\",\"target\":[\"https:\\\/\\\/elgo.pl\\\/en\\\/mocowanie-paneli-fotowoltaicznych-do-blachodachowki\\\/\"]}]},{\"@type\":\"BreadcrumbList\",\"@id\":\"https:\\\/\\\/elgo.pl\\\/en\\\/mocowanie-paneli-fotowoltaicznych-do-blachodachowki\\\/#breadcrumb\",\"itemListElement\":[{\"@type\":\"ListItem\",\"position\":1,\"name\":\"Strona g\u0142\u00f3wna\",\"item\":\"https:\\\/\\\/elgo.pl\\\/en\\\/\"},{\"@type\":\"ListItem\",\"position\":2,\"name\":\"Mocowanie paneli fotowoltaicznych do&nbsp;blachodach\u00f3wki\"}]},{\"@type\":\"WebSite\",\"@id\":\"https:\\\/\\\/elgo.pl\\\/#website\",\"url\":\"https:\\\/\\\/elgo.pl\\\/\",\"name\":\"Elgo\",\"description\":\"ELGO takes special products, Bolts for flange bolts acid-resistant, in zinc plating, issues certificates. See product catalog.\",\"potentialAction\":[{\"@type\":\"SearchAction\",\"target\":{\"@type\":\"EntryPoint\",\"urlTemplate\":\"https:\\\/\\\/elgo.pl\\\/?s={search_term_string}\"},\"query-input\":{\"@type\":\"PropertyValueSpecification\",\"valueRequired\":true,\"valueName\":\"search_term_string\"}}],\"inLanguage\":\"en-US\"}]}<\/script>\n<!-- \/ Yoast SEO plugin. -->","yoast_head_json":{"title":"Mocowanie paneli fotowoltaicznych do blachodach\u00f3wki - ELGO \u015aruby","description":"Najpopularniejsze pokrycie dachowe w domkach jednorodzinnych w Polsce to blachodach\u00f3wka. Monta\u017c do niej paneli fotowoltaicznych wymaga odpowiedniego przygotowania ekipy.","robots":{"index":"noindex","follow":"nofollow"},"og_locale":"en_US","og_type":"article","og_title":"Mocowanie paneli fotowoltaicznych do blachodach\u00f3wki - ELGO \u015aruby","og_description":"Najpopularniejsze pokrycie dachowe w domkach jednorodzinnych w Polsce to blachodach\u00f3wka. Monta\u017c do niej paneli fotowoltaicznych wymaga odpowiedniego przygotowania ekipy.","og_url":"https:\/\/elgo.pl\/en\/mocowanie-paneli-fotowoltaicznych-do-blachodachowki\/","og_site_name":"ELGO \u015aruby","article_modified_time":"2025-01-20T12:52:39+00:00","twitter_card":"summary_large_image","schema":{"@context":"https:\/\/schema.org","@graph":[{"@type":"WebPage","@id":"https:\/\/elgo.pl\/en\/mocowanie-paneli-fotowoltaicznych-do-blachodachowki\/","url":"https:\/\/elgo.pl\/en\/mocowanie-paneli-fotowoltaicznych-do-blachodachowki\/","name":"Mocowanie paneli fotowoltaicznych do blachodach\u00f3wki - ELGO \u015aruby","isPartOf":{"@id":"https:\/\/elgo.pl\/#website"},"datePublished":"2021-01-09T11:50:52+00:00","dateModified":"2025-01-20T12:52:39+00:00","description":"Najpopularniejsze pokrycie dachowe w domkach jednorodzinnych w Polsce to blachodach\u00f3wka. Monta\u017c do niej paneli fotowoltaicznych wymaga odpowiedniego przygotowania ekipy.","breadcrumb":{"@id":"https:\/\/elgo.pl\/en\/mocowanie-paneli-fotowoltaicznych-do-blachodachowki\/#breadcrumb"},"inLanguage":"en-US","potentialAction":[{"@type":"ReadAction","target":["https:\/\/elgo.pl\/en\/mocowanie-paneli-fotowoltaicznych-do-blachodachowki\/"]}]},{"@type":"BreadcrumbList","@id":"https:\/\/elgo.pl\/en\/mocowanie-paneli-fotowoltaicznych-do-blachodachowki\/#breadcrumb","itemListElement":[{"@type":"ListItem","position":1,"name":"Strona g\u0142\u00f3wna","item":"https:\/\/elgo.pl\/en\/"},{"@type":"ListItem","position":2,"name":"Mocowanie paneli fotowoltaicznych do&nbsp;blachodach\u00f3wki"}]},{"@type":"WebSite","@id":"https:\/\/elgo.pl\/#website","url":"https:\/\/elgo.pl\/","name":"Elgo","description":"ELGO takes special products, Bolts for flange bolts acid-resistant, in zinc plating, issues certificates. See product catalog.","potentialAction":[{"@type":"SearchAction","target":{"@type":"EntryPoint","urlTemplate":"https:\/\/elgo.pl\/?s={search_term_string}"},"query-input":{"@type":"PropertyValueSpecification","valueRequired":true,"valueName":"search_term_string"}}],"inLanguage":"en-US"}]}},"_links":{"self":[{"href":"https:\/\/elgo.pl\/en\/wp-json\/wp\/v2\/pages\/5072","targetHints":{"allow":["GET"]}}],"collection":[{"href":"https:\/\/elgo.pl\/en\/wp-json\/wp\/v2\/pages"}],"about":[{"href":"https:\/\/elgo.pl\/en\/wp-json\/wp\/v2\/types\/page"}],"author":[{"embeddable":true,"href":"https:\/\/elgo.pl\/en\/wp-json\/wp\/v2\/users\/2125"}],"replies":[{"embeddable":true,"href":"https:\/\/elgo.pl\/en\/wp-json\/wp\/v2\/comments?post=5072"}],"version-history":[{"count":2,"href":"https:\/\/elgo.pl\/en\/wp-json\/wp\/v2\/pages\/5072\/revisions"}],"predecessor-version":[{"id":6870,"href":"https:\/\/elgo.pl\/en\/wp-json\/wp\/v2\/pages\/5072\/revisions\/6870"}],"wp:attachment":[{"href":"https:\/\/elgo.pl\/en\/wp-json\/wp\/v2\/media?parent=5072"}],"curies":[{"name":"wp","href":"https:\/\/api.w.org\/{rel}","templated":true}]}}