{"id":5091,"date":"2021-01-16T15:33:54","date_gmt":"2021-01-16T14:33:54","guid":{"rendered":"https:\/\/www.elgo-sruby.pl\/?page_id=5091"},"modified":"2025-01-20T13:51:07","modified_gmt":"2025-01-20T12:51:07","slug":"rodzaje-srub-stosowanych-przy-montazu-paneli-fotowoltaicznych","status":"publish","type":"page","link":"https:\/\/elgo.pl\/en\/rodzaje-srub-stosowanych-przy-montazu-paneli-fotowoltaicznych\/","title":{"rendered":"Rodzaje \u015brub stosowanych przy&nbsp;monta\u017cu paneli fotowoltaicznych"},"content":{"rendered":"","protected":false},"excerpt":{"rendered":"","protected":false},"author":2125,"featured_media":0,"parent":0,"menu_order":0,"comment_status":"closed","ping_status":"closed","template":"","meta":{"_acf_changed":false,"footnotes":""},"class_list":["post-5091","page","type-page","status-publish","hentry","blog_categories-fotowoltaika"],"acf":[],"yoast_head":"<!-- This site is optimized with the Yoast SEO plugin v27.3 - https:\/\/yoast.com\/product\/yoast-seo-wordpress\/ -->\n<title>Rodzaje \u015brub stosowanych przy monta\u017cu paneli fotowoltaicznych - ELGO \u015aruby<\/title>\n<meta name=\"description\" content=\"Przy monta\u017cu paneli fotowoltaicznych sprawdzaj\u0105 si\u0119 rodzaje \u015brub, kt\u00f3re mog\u0105 sprosta\u0107 specyficznym wyzwaniom. Sprawd\u017acie jakie s\u0105 ich rodzaje\" \/>\n<meta name=\"robots\" content=\"noindex, nofollow\" \/>\n<meta property=\"og:locale\" content=\"en_US\" \/>\n<meta property=\"og:type\" content=\"article\" \/>\n<meta property=\"og:title\" content=\"Rodzaje \u015brub stosowanych przy monta\u017cu paneli fotowoltaicznych - ELGO \u015aruby\" \/>\n<meta property=\"og:description\" content=\"Przy monta\u017cu paneli fotowoltaicznych sprawdzaj\u0105 si\u0119 rodzaje \u015brub, kt\u00f3re mog\u0105 sprosta\u0107 specyficznym wyzwaniom. Sprawd\u017acie jakie s\u0105 ich rodzaje\" \/>\n<meta property=\"og:url\" content=\"https:\/\/elgo.pl\/en\/rodzaje-srub-stosowanych-przy-montazu-paneli-fotowoltaicznych\/\" \/>\n<meta property=\"og:site_name\" content=\"ELGO \u015aruby\" \/>\n<meta property=\"article:modified_time\" content=\"2025-01-20T12:51:07+00:00\" \/>\n<meta name=\"twitter:card\" content=\"summary_large_image\" \/>\n<script type=\"application\/ld+json\" class=\"yoast-schema-graph\">{\"@context\":\"https:\\\/\\\/schema.org\",\"@graph\":[{\"@type\":\"WebPage\",\"@id\":\"https:\\\/\\\/elgo.pl\\\/en\\\/rodzaje-srub-stosowanych-przy-montazu-paneli-fotowoltaicznych\\\/\",\"url\":\"https:\\\/\\\/elgo.pl\\\/en\\\/rodzaje-srub-stosowanych-przy-montazu-paneli-fotowoltaicznych\\\/\",\"name\":\"Rodzaje \u015brub stosowanych przy monta\u017cu paneli fotowoltaicznych - ELGO \u015aruby\",\"isPartOf\":{\"@id\":\"https:\\\/\\\/elgo.pl\\\/#website\"},\"datePublished\":\"2021-01-16T14:33:54+00:00\",\"dateModified\":\"2025-01-20T12:51:07+00:00\",\"description\":\"Przy monta\u017cu paneli fotowoltaicznych sprawdzaj\u0105 si\u0119 rodzaje \u015brub, kt\u00f3re mog\u0105 sprosta\u0107 specyficznym wyzwaniom. Sprawd\u017acie jakie s\u0105 ich rodzaje\",\"breadcrumb\":{\"@id\":\"https:\\\/\\\/elgo.pl\\\/en\\\/rodzaje-srub-stosowanych-przy-montazu-paneli-fotowoltaicznych\\\/#breadcrumb\"},\"inLanguage\":\"en-US\",\"potentialAction\":[{\"@type\":\"ReadAction\",\"target\":[\"https:\\\/\\\/elgo.pl\\\/en\\\/rodzaje-srub-stosowanych-przy-montazu-paneli-fotowoltaicznych\\\/\"]}]},{\"@type\":\"BreadcrumbList\",\"@id\":\"https:\\\/\\\/elgo.pl\\\/en\\\/rodzaje-srub-stosowanych-przy-montazu-paneli-fotowoltaicznych\\\/#breadcrumb\",\"itemListElement\":[{\"@type\":\"ListItem\",\"position\":1,\"name\":\"Strona g\u0142\u00f3wna\",\"item\":\"https:\\\/\\\/elgo.pl\\\/en\\\/\"},{\"@type\":\"ListItem\",\"position\":2,\"name\":\"Rodzaje \u015brub stosowanych przy&nbsp;monta\u017cu paneli fotowoltaicznych\"}]},{\"@type\":\"WebSite\",\"@id\":\"https:\\\/\\\/elgo.pl\\\/#website\",\"url\":\"https:\\\/\\\/elgo.pl\\\/\",\"name\":\"Elgo\",\"description\":\"ELGO takes special products, Bolts for flange bolts acid-resistant, in zinc plating, issues certificates. See product catalog.\",\"potentialAction\":[{\"@type\":\"SearchAction\",\"target\":{\"@type\":\"EntryPoint\",\"urlTemplate\":\"https:\\\/\\\/elgo.pl\\\/?s={search_term_string}\"},\"query-input\":{\"@type\":\"PropertyValueSpecification\",\"valueRequired\":true,\"valueName\":\"search_term_string\"}}],\"inLanguage\":\"en-US\"}]}<\/script>\n<!-- \/ Yoast SEO plugin. -->","yoast_head_json":{"title":"Rodzaje \u015brub stosowanych przy monta\u017cu paneli fotowoltaicznych - ELGO \u015aruby","description":"Przy monta\u017cu paneli fotowoltaicznych sprawdzaj\u0105 si\u0119 rodzaje \u015brub, kt\u00f3re mog\u0105 sprosta\u0107 specyficznym wyzwaniom. Sprawd\u017acie jakie s\u0105 ich rodzaje","robots":{"index":"noindex","follow":"nofollow"},"og_locale":"en_US","og_type":"article","og_title":"Rodzaje \u015brub stosowanych przy monta\u017cu paneli fotowoltaicznych - ELGO \u015aruby","og_description":"Przy monta\u017cu paneli fotowoltaicznych sprawdzaj\u0105 si\u0119 rodzaje \u015brub, kt\u00f3re mog\u0105 sprosta\u0107 specyficznym wyzwaniom. Sprawd\u017acie jakie s\u0105 ich rodzaje","og_url":"https:\/\/elgo.pl\/en\/rodzaje-srub-stosowanych-przy-montazu-paneli-fotowoltaicznych\/","og_site_name":"ELGO \u015aruby","article_modified_time":"2025-01-20T12:51:07+00:00","twitter_card":"summary_large_image","schema":{"@context":"https:\/\/schema.org","@graph":[{"@type":"WebPage","@id":"https:\/\/elgo.pl\/en\/rodzaje-srub-stosowanych-przy-montazu-paneli-fotowoltaicznych\/","url":"https:\/\/elgo.pl\/en\/rodzaje-srub-stosowanych-przy-montazu-paneli-fotowoltaicznych\/","name":"Rodzaje \u015brub stosowanych przy monta\u017cu paneli fotowoltaicznych - ELGO \u015aruby","isPartOf":{"@id":"https:\/\/elgo.pl\/#website"},"datePublished":"2021-01-16T14:33:54+00:00","dateModified":"2025-01-20T12:51:07+00:00","description":"Przy monta\u017cu paneli fotowoltaicznych sprawdzaj\u0105 si\u0119 rodzaje \u015brub, kt\u00f3re mog\u0105 sprosta\u0107 specyficznym wyzwaniom. Sprawd\u017acie jakie s\u0105 ich rodzaje","breadcrumb":{"@id":"https:\/\/elgo.pl\/en\/rodzaje-srub-stosowanych-przy-montazu-paneli-fotowoltaicznych\/#breadcrumb"},"inLanguage":"en-US","potentialAction":[{"@type":"ReadAction","target":["https:\/\/elgo.pl\/en\/rodzaje-srub-stosowanych-przy-montazu-paneli-fotowoltaicznych\/"]}]},{"@type":"BreadcrumbList","@id":"https:\/\/elgo.pl\/en\/rodzaje-srub-stosowanych-przy-montazu-paneli-fotowoltaicznych\/#breadcrumb","itemListElement":[{"@type":"ListItem","position":1,"name":"Strona g\u0142\u00f3wna","item":"https:\/\/elgo.pl\/en\/"},{"@type":"ListItem","position":2,"name":"Rodzaje \u015brub stosowanych przy&nbsp;monta\u017cu paneli fotowoltaicznych"}]},{"@type":"WebSite","@id":"https:\/\/elgo.pl\/#website","url":"https:\/\/elgo.pl\/","name":"Elgo","description":"ELGO takes special products, Bolts for flange bolts acid-resistant, in zinc plating, issues certificates. See product catalog.","potentialAction":[{"@type":"SearchAction","target":{"@type":"EntryPoint","urlTemplate":"https:\/\/elgo.pl\/?s={search_term_string}"},"query-input":{"@type":"PropertyValueSpecification","valueRequired":true,"valueName":"search_term_string"}}],"inLanguage":"en-US"}]}},"_links":{"self":[{"href":"https:\/\/elgo.pl\/en\/wp-json\/wp\/v2\/pages\/5091","targetHints":{"allow":["GET"]}}],"collection":[{"href":"https:\/\/elgo.pl\/en\/wp-json\/wp\/v2\/pages"}],"about":[{"href":"https:\/\/elgo.pl\/en\/wp-json\/wp\/v2\/types\/page"}],"author":[{"embeddable":true,"href":"https:\/\/elgo.pl\/en\/wp-json\/wp\/v2\/users\/2125"}],"replies":[{"embeddable":true,"href":"https:\/\/elgo.pl\/en\/wp-json\/wp\/v2\/comments?post=5091"}],"version-history":[{"count":2,"href":"https:\/\/elgo.pl\/en\/wp-json\/wp\/v2\/pages\/5091\/revisions"}],"predecessor-version":[{"id":6867,"href":"https:\/\/elgo.pl\/en\/wp-json\/wp\/v2\/pages\/5091\/revisions\/6867"}],"wp:attachment":[{"href":"https:\/\/elgo.pl\/en\/wp-json\/wp\/v2\/media?parent=5091"}],"curies":[{"name":"wp","href":"https:\/\/api.w.org\/{rel}","templated":true}]}}