{"id":5094,"date":"2021-01-16T15:41:19","date_gmt":"2021-01-16T14:41:19","guid":{"rendered":"https:\/\/www.elgo-sruby.pl\/?page_id=5094"},"modified":"2025-01-20T13:52:03","modified_gmt":"2025-01-20T12:52:03","slug":"uchwyty-do-paneli-fotowoltaicznych-rodzaje-i-sposoby-montazu","status":"publish","type":"page","link":"https:\/\/elgo.pl\/en\/uchwyty-do-paneli-fotowoltaicznych-rodzaje-i-sposoby-montazu\/","title":{"rendered":"Uchwyty do&nbsp;paneli fotowoltaicznych &#8211; rodzaje i&nbsp;sposoby monta\u017cu"},"content":{"rendered":"","protected":false},"excerpt":{"rendered":"","protected":false},"author":2125,"featured_media":0,"parent":0,"menu_order":0,"comment_status":"closed","ping_status":"closed","template":"","meta":{"_acf_changed":false,"footnotes":""},"class_list":["post-5094","page","type-page","status-publish","hentry","blog_categories-fotowoltaika"],"acf":[],"yoast_head":"<!-- This site is optimized with the Yoast SEO plugin v27.3 - https:\/\/yoast.com\/product\/yoast-seo-wordpress\/ -->\n<title>Uchwyty do paneli fotowoltaicznych - rodzaje i sposoby monta\u017cu - ELGO \u015aruby<\/title>\n<meta name=\"description\" content=\"Uchwyty do paneli fotowoltaicznych zdecydowanie u\u0142atwiaj\u0105 monta\u017c system\u00f3w PV oraz stanowi\u0105 o wytrzyma\u0142o\u015bci ca\u0142ej instalacji\" \/>\n<meta name=\"robots\" content=\"noindex, nofollow\" \/>\n<meta property=\"og:locale\" content=\"en_US\" \/>\n<meta property=\"og:type\" content=\"article\" \/>\n<meta property=\"og:title\" content=\"Uchwyty do paneli fotowoltaicznych - rodzaje i sposoby monta\u017cu - ELGO \u015aruby\" \/>\n<meta property=\"og:description\" content=\"Uchwyty do paneli fotowoltaicznych zdecydowanie u\u0142atwiaj\u0105 monta\u017c system\u00f3w PV oraz stanowi\u0105 o wytrzyma\u0142o\u015bci ca\u0142ej instalacji\" \/>\n<meta property=\"og:url\" content=\"https:\/\/elgo.pl\/en\/uchwyty-do-paneli-fotowoltaicznych-rodzaje-i-sposoby-montazu\/\" \/>\n<meta property=\"og:site_name\" content=\"ELGO \u015aruby\" \/>\n<meta property=\"article:modified_time\" content=\"2025-01-20T12:52:03+00:00\" \/>\n<meta name=\"twitter:card\" content=\"summary_large_image\" \/>\n<script type=\"application\/ld+json\" class=\"yoast-schema-graph\">{\"@context\":\"https:\\\/\\\/schema.org\",\"@graph\":[{\"@type\":\"WebPage\",\"@id\":\"https:\\\/\\\/elgo.pl\\\/en\\\/uchwyty-do-paneli-fotowoltaicznych-rodzaje-i-sposoby-montazu\\\/\",\"url\":\"https:\\\/\\\/elgo.pl\\\/en\\\/uchwyty-do-paneli-fotowoltaicznych-rodzaje-i-sposoby-montazu\\\/\",\"name\":\"Uchwyty do paneli fotowoltaicznych - rodzaje i sposoby monta\u017cu - ELGO \u015aruby\",\"isPartOf\":{\"@id\":\"https:\\\/\\\/elgo.pl\\\/#website\"},\"datePublished\":\"2021-01-16T14:41:19+00:00\",\"dateModified\":\"2025-01-20T12:52:03+00:00\",\"description\":\"Uchwyty do paneli fotowoltaicznych zdecydowanie u\u0142atwiaj\u0105 monta\u017c system\u00f3w PV oraz stanowi\u0105 o wytrzyma\u0142o\u015bci ca\u0142ej instalacji\",\"breadcrumb\":{\"@id\":\"https:\\\/\\\/elgo.pl\\\/en\\\/uchwyty-do-paneli-fotowoltaicznych-rodzaje-i-sposoby-montazu\\\/#breadcrumb\"},\"inLanguage\":\"en-US\",\"potentialAction\":[{\"@type\":\"ReadAction\",\"target\":[\"https:\\\/\\\/elgo.pl\\\/en\\\/uchwyty-do-paneli-fotowoltaicznych-rodzaje-i-sposoby-montazu\\\/\"]}]},{\"@type\":\"BreadcrumbList\",\"@id\":\"https:\\\/\\\/elgo.pl\\\/en\\\/uchwyty-do-paneli-fotowoltaicznych-rodzaje-i-sposoby-montazu\\\/#breadcrumb\",\"itemListElement\":[{\"@type\":\"ListItem\",\"position\":1,\"name\":\"Strona g\u0142\u00f3wna\",\"item\":\"https:\\\/\\\/elgo.pl\\\/en\\\/\"},{\"@type\":\"ListItem\",\"position\":2,\"name\":\"Uchwyty do&nbsp;paneli fotowoltaicznych &#8211; rodzaje i&nbsp;sposoby monta\u017cu\"}]},{\"@type\":\"WebSite\",\"@id\":\"https:\\\/\\\/elgo.pl\\\/#website\",\"url\":\"https:\\\/\\\/elgo.pl\\\/\",\"name\":\"Elgo\",\"description\":\"ELGO takes special products, Bolts for flange bolts acid-resistant, in zinc plating, issues certificates. See product catalog.\",\"potentialAction\":[{\"@type\":\"SearchAction\",\"target\":{\"@type\":\"EntryPoint\",\"urlTemplate\":\"https:\\\/\\\/elgo.pl\\\/?s={search_term_string}\"},\"query-input\":{\"@type\":\"PropertyValueSpecification\",\"valueRequired\":true,\"valueName\":\"search_term_string\"}}],\"inLanguage\":\"en-US\"}]}<\/script>\n<!-- \/ Yoast SEO plugin. -->","yoast_head_json":{"title":"Uchwyty do paneli fotowoltaicznych - rodzaje i sposoby monta\u017cu - ELGO \u015aruby","description":"Uchwyty do paneli fotowoltaicznych zdecydowanie u\u0142atwiaj\u0105 monta\u017c system\u00f3w PV oraz stanowi\u0105 o wytrzyma\u0142o\u015bci ca\u0142ej instalacji","robots":{"index":"noindex","follow":"nofollow"},"og_locale":"en_US","og_type":"article","og_title":"Uchwyty do paneli fotowoltaicznych - rodzaje i sposoby monta\u017cu - ELGO \u015aruby","og_description":"Uchwyty do paneli fotowoltaicznych zdecydowanie u\u0142atwiaj\u0105 monta\u017c system\u00f3w PV oraz stanowi\u0105 o wytrzyma\u0142o\u015bci ca\u0142ej instalacji","og_url":"https:\/\/elgo.pl\/en\/uchwyty-do-paneli-fotowoltaicznych-rodzaje-i-sposoby-montazu\/","og_site_name":"ELGO \u015aruby","article_modified_time":"2025-01-20T12:52:03+00:00","twitter_card":"summary_large_image","schema":{"@context":"https:\/\/schema.org","@graph":[{"@type":"WebPage","@id":"https:\/\/elgo.pl\/en\/uchwyty-do-paneli-fotowoltaicznych-rodzaje-i-sposoby-montazu\/","url":"https:\/\/elgo.pl\/en\/uchwyty-do-paneli-fotowoltaicznych-rodzaje-i-sposoby-montazu\/","name":"Uchwyty do paneli fotowoltaicznych - rodzaje i sposoby monta\u017cu - ELGO \u015aruby","isPartOf":{"@id":"https:\/\/elgo.pl\/#website"},"datePublished":"2021-01-16T14:41:19+00:00","dateModified":"2025-01-20T12:52:03+00:00","description":"Uchwyty do paneli fotowoltaicznych zdecydowanie u\u0142atwiaj\u0105 monta\u017c system\u00f3w PV oraz stanowi\u0105 o wytrzyma\u0142o\u015bci ca\u0142ej instalacji","breadcrumb":{"@id":"https:\/\/elgo.pl\/en\/uchwyty-do-paneli-fotowoltaicznych-rodzaje-i-sposoby-montazu\/#breadcrumb"},"inLanguage":"en-US","potentialAction":[{"@type":"ReadAction","target":["https:\/\/elgo.pl\/en\/uchwyty-do-paneli-fotowoltaicznych-rodzaje-i-sposoby-montazu\/"]}]},{"@type":"BreadcrumbList","@id":"https:\/\/elgo.pl\/en\/uchwyty-do-paneli-fotowoltaicznych-rodzaje-i-sposoby-montazu\/#breadcrumb","itemListElement":[{"@type":"ListItem","position":1,"name":"Strona g\u0142\u00f3wna","item":"https:\/\/elgo.pl\/en\/"},{"@type":"ListItem","position":2,"name":"Uchwyty do&nbsp;paneli fotowoltaicznych &#8211; rodzaje i&nbsp;sposoby monta\u017cu"}]},{"@type":"WebSite","@id":"https:\/\/elgo.pl\/#website","url":"https:\/\/elgo.pl\/","name":"Elgo","description":"ELGO takes special products, Bolts for flange bolts acid-resistant, in zinc plating, issues certificates. See product catalog.","potentialAction":[{"@type":"SearchAction","target":{"@type":"EntryPoint","urlTemplate":"https:\/\/elgo.pl\/?s={search_term_string}"},"query-input":{"@type":"PropertyValueSpecification","valueRequired":true,"valueName":"search_term_string"}}],"inLanguage":"en-US"}]}},"_links":{"self":[{"href":"https:\/\/elgo.pl\/en\/wp-json\/wp\/v2\/pages\/5094","targetHints":{"allow":["GET"]}}],"collection":[{"href":"https:\/\/elgo.pl\/en\/wp-json\/wp\/v2\/pages"}],"about":[{"href":"https:\/\/elgo.pl\/en\/wp-json\/wp\/v2\/types\/page"}],"author":[{"embeddable":true,"href":"https:\/\/elgo.pl\/en\/wp-json\/wp\/v2\/users\/2125"}],"replies":[{"embeddable":true,"href":"https:\/\/elgo.pl\/en\/wp-json\/wp\/v2\/comments?post=5094"}],"version-history":[{"count":3,"href":"https:\/\/elgo.pl\/en\/wp-json\/wp\/v2\/pages\/5094\/revisions"}],"predecessor-version":[{"id":6868,"href":"https:\/\/elgo.pl\/en\/wp-json\/wp\/v2\/pages\/5094\/revisions\/6868"}],"wp:attachment":[{"href":"https:\/\/elgo.pl\/en\/wp-json\/wp\/v2\/media?parent=5094"}],"curies":[{"name":"wp","href":"https:\/\/api.w.org\/{rel}","templated":true}]}}