{"id":5259,"date":"2021-10-06T20:16:09","date_gmt":"2021-10-06T18:16:09","guid":{"rendered":"https:\/\/www.elgo-sruby.pl\/?page_id=5259"},"modified":"2025-01-20T13:57:55","modified_gmt":"2025-01-20T12:57:55","slug":"pret-gwintowany-z-czego-jest-wykonany-i-do-czego-sluzy","status":"publish","type":"page","link":"https:\/\/elgo.pl\/en\/pret-gwintowany-z-czego-jest-wykonany-i-do-czego-sluzy\/","title":{"rendered":"Pr\u0119t gwintowany &#8211; z&nbsp;czego jest wykonany i&nbsp;do czego s\u0142u\u017cy?"},"content":{"rendered":"","protected":false},"excerpt":{"rendered":"","protected":false},"author":2125,"featured_media":5562,"parent":0,"menu_order":0,"comment_status":"closed","ping_status":"closed","template":"","meta":{"_acf_changed":false,"footnotes":""},"class_list":["post-5259","page","type-page","status-publish","has-post-thumbnail","hentry","blog_categories-prety-gwintowane"],"acf":[],"yoast_head":"<!-- This site is optimized with the Yoast SEO plugin v27.3 - https:\/\/yoast.com\/product\/yoast-seo-wordpress\/ -->\n<title>Pr\u0119t gwintowany - z czego jest wykonany i do czego s\u0142u\u017cy? - ELGO \u015aruby<\/title>\n<meta name=\"description\" content=\"Pr\u0119ty gwintowane mimo swoich niewielkich rozmiar\u00f3w pe\u0142ni\u0105 istotn\u0105 funkcj\u0119 przy instalacji i tworzeniu r\u00f3\u017cnej wielko\u015bci konstrukcji.\" \/>\n<meta name=\"robots\" content=\"noindex, nofollow\" \/>\n<meta property=\"og:locale\" content=\"en_US\" \/>\n<meta property=\"og:type\" content=\"article\" \/>\n<meta property=\"og:title\" content=\"Pr\u0119t gwintowany - z czego jest wykonany i do czego s\u0142u\u017cy? - ELGO \u015aruby\" \/>\n<meta property=\"og:description\" content=\"Pr\u0119ty gwintowane mimo swoich niewielkich rozmiar\u00f3w pe\u0142ni\u0105 istotn\u0105 funkcj\u0119 przy instalacji i tworzeniu r\u00f3\u017cnej wielko\u015bci konstrukcji.\" \/>\n<meta property=\"og:url\" content=\"https:\/\/elgo.pl\/en\/pret-gwintowany-z-czego-jest-wykonany-i-do-czego-sluzy\/\" \/>\n<meta property=\"og:site_name\" content=\"ELGO \u015aruby\" \/>\n<meta property=\"article:modified_time\" content=\"2025-01-20T12:57:55+00:00\" \/>\n<meta property=\"og:image\" content=\"https:\/\/elgo.pl\/wp-content\/uploads\/2020\/06\/prety-gwintowane-produkcja.jpg\" \/>\n\t<meta property=\"og:image:width\" content=\"1200\" \/>\n\t<meta property=\"og:image:height\" content=\"801\" \/>\n\t<meta property=\"og:image:type\" content=\"image\/jpeg\" \/>\n<meta name=\"twitter:card\" content=\"summary_large_image\" \/>\n<meta name=\"twitter:label1\" content=\"Est. reading time\" \/>\n\t<meta name=\"twitter:data1\" content=\"1 minute\" \/>\n<script type=\"application\/ld+json\" class=\"yoast-schema-graph\">{\"@context\":\"https:\\\/\\\/schema.org\",\"@graph\":[{\"@type\":\"WebPage\",\"@id\":\"https:\\\/\\\/elgo.pl\\\/en\\\/pret-gwintowany-z-czego-jest-wykonany-i-do-czego-sluzy\\\/\",\"url\":\"https:\\\/\\\/elgo.pl\\\/en\\\/pret-gwintowany-z-czego-jest-wykonany-i-do-czego-sluzy\\\/\",\"name\":\"Pr\u0119t gwintowany - z czego jest wykonany i do czego s\u0142u\u017cy? - ELGO \u015aruby\",\"isPartOf\":{\"@id\":\"https:\\\/\\\/elgo.pl\\\/#website\"},\"primaryImageOfPage\":{\"@id\":\"https:\\\/\\\/elgo.pl\\\/en\\\/pret-gwintowany-z-czego-jest-wykonany-i-do-czego-sluzy\\\/#primaryimage\"},\"image\":{\"@id\":\"https:\\\/\\\/elgo.pl\\\/en\\\/pret-gwintowany-z-czego-jest-wykonany-i-do-czego-sluzy\\\/#primaryimage\"},\"thumbnailUrl\":\"https:\\\/\\\/elgo.pl\\\/wp-content\\\/uploads\\\/2020\\\/06\\\/prety-gwintowane-produkcja.jpg\",\"datePublished\":\"2021-10-06T18:16:09+00:00\",\"dateModified\":\"2025-01-20T12:57:55+00:00\",\"description\":\"Pr\u0119ty gwintowane mimo swoich niewielkich rozmiar\u00f3w pe\u0142ni\u0105 istotn\u0105 funkcj\u0119 przy instalacji i tworzeniu r\u00f3\u017cnej wielko\u015bci konstrukcji.\",\"breadcrumb\":{\"@id\":\"https:\\\/\\\/elgo.pl\\\/en\\\/pret-gwintowany-z-czego-jest-wykonany-i-do-czego-sluzy\\\/#breadcrumb\"},\"inLanguage\":\"en-US\",\"potentialAction\":[{\"@type\":\"ReadAction\",\"target\":[\"https:\\\/\\\/elgo.pl\\\/en\\\/pret-gwintowany-z-czego-jest-wykonany-i-do-czego-sluzy\\\/\"]}]},{\"@type\":\"ImageObject\",\"inLanguage\":\"en-US\",\"@id\":\"https:\\\/\\\/elgo.pl\\\/en\\\/pret-gwintowany-z-czego-jest-wykonany-i-do-czego-sluzy\\\/#primaryimage\",\"url\":\"https:\\\/\\\/elgo.pl\\\/wp-content\\\/uploads\\\/2020\\\/06\\\/prety-gwintowane-produkcja.jpg\",\"contentUrl\":\"https:\\\/\\\/elgo.pl\\\/wp-content\\\/uploads\\\/2020\\\/06\\\/prety-gwintowane-produkcja.jpg\",\"width\":1200,\"height\":801,\"caption\":\"produkcja pr\u0119ty gwintowane przelicznik wagowy\"},{\"@type\":\"BreadcrumbList\",\"@id\":\"https:\\\/\\\/elgo.pl\\\/en\\\/pret-gwintowany-z-czego-jest-wykonany-i-do-czego-sluzy\\\/#breadcrumb\",\"itemListElement\":[{\"@type\":\"ListItem\",\"position\":1,\"name\":\"Strona g\u0142\u00f3wna\",\"item\":\"https:\\\/\\\/elgo.pl\\\/en\\\/\"},{\"@type\":\"ListItem\",\"position\":2,\"name\":\"Pr\u0119t gwintowany &#8211; z&nbsp;czego jest wykonany i&nbsp;do czego s\u0142u\u017cy?\"}]},{\"@type\":\"WebSite\",\"@id\":\"https:\\\/\\\/elgo.pl\\\/#website\",\"url\":\"https:\\\/\\\/elgo.pl\\\/\",\"name\":\"Elgo\",\"description\":\"ELGO takes special products, Bolts for flange bolts acid-resistant, in zinc plating, issues certificates. See product catalog.\",\"potentialAction\":[{\"@type\":\"SearchAction\",\"target\":{\"@type\":\"EntryPoint\",\"urlTemplate\":\"https:\\\/\\\/elgo.pl\\\/?s={search_term_string}\"},\"query-input\":{\"@type\":\"PropertyValueSpecification\",\"valueRequired\":true,\"valueName\":\"search_term_string\"}}],\"inLanguage\":\"en-US\"}]}<\/script>\n<!-- \/ Yoast SEO plugin. -->","yoast_head_json":{"title":"Pr\u0119t gwintowany - z czego jest wykonany i do czego s\u0142u\u017cy? - ELGO \u015aruby","description":"Pr\u0119ty gwintowane mimo swoich niewielkich rozmiar\u00f3w pe\u0142ni\u0105 istotn\u0105 funkcj\u0119 przy instalacji i tworzeniu r\u00f3\u017cnej wielko\u015bci konstrukcji.","robots":{"index":"noindex","follow":"nofollow"},"og_locale":"en_US","og_type":"article","og_title":"Pr\u0119t gwintowany - z czego jest wykonany i do czego s\u0142u\u017cy? - ELGO \u015aruby","og_description":"Pr\u0119ty gwintowane mimo swoich niewielkich rozmiar\u00f3w pe\u0142ni\u0105 istotn\u0105 funkcj\u0119 przy instalacji i tworzeniu r\u00f3\u017cnej wielko\u015bci konstrukcji.","og_url":"https:\/\/elgo.pl\/en\/pret-gwintowany-z-czego-jest-wykonany-i-do-czego-sluzy\/","og_site_name":"ELGO \u015aruby","article_modified_time":"2025-01-20T12:57:55+00:00","og_image":[{"width":1200,"height":801,"url":"https:\/\/elgo.pl\/wp-content\/uploads\/2020\/06\/prety-gwintowane-produkcja.jpg","type":"image\/jpeg"}],"twitter_card":"summary_large_image","twitter_misc":{"Est. reading time":"1 minute"},"schema":{"@context":"https:\/\/schema.org","@graph":[{"@type":"WebPage","@id":"https:\/\/elgo.pl\/en\/pret-gwintowany-z-czego-jest-wykonany-i-do-czego-sluzy\/","url":"https:\/\/elgo.pl\/en\/pret-gwintowany-z-czego-jest-wykonany-i-do-czego-sluzy\/","name":"Pr\u0119t gwintowany - z czego jest wykonany i do czego s\u0142u\u017cy? - ELGO \u015aruby","isPartOf":{"@id":"https:\/\/elgo.pl\/#website"},"primaryImageOfPage":{"@id":"https:\/\/elgo.pl\/en\/pret-gwintowany-z-czego-jest-wykonany-i-do-czego-sluzy\/#primaryimage"},"image":{"@id":"https:\/\/elgo.pl\/en\/pret-gwintowany-z-czego-jest-wykonany-i-do-czego-sluzy\/#primaryimage"},"thumbnailUrl":"https:\/\/elgo.pl\/wp-content\/uploads\/2020\/06\/prety-gwintowane-produkcja.jpg","datePublished":"2021-10-06T18:16:09+00:00","dateModified":"2025-01-20T12:57:55+00:00","description":"Pr\u0119ty gwintowane mimo swoich niewielkich rozmiar\u00f3w pe\u0142ni\u0105 istotn\u0105 funkcj\u0119 przy instalacji i tworzeniu r\u00f3\u017cnej wielko\u015bci konstrukcji.","breadcrumb":{"@id":"https:\/\/elgo.pl\/en\/pret-gwintowany-z-czego-jest-wykonany-i-do-czego-sluzy\/#breadcrumb"},"inLanguage":"en-US","potentialAction":[{"@type":"ReadAction","target":["https:\/\/elgo.pl\/en\/pret-gwintowany-z-czego-jest-wykonany-i-do-czego-sluzy\/"]}]},{"@type":"ImageObject","inLanguage":"en-US","@id":"https:\/\/elgo.pl\/en\/pret-gwintowany-z-czego-jest-wykonany-i-do-czego-sluzy\/#primaryimage","url":"https:\/\/elgo.pl\/wp-content\/uploads\/2020\/06\/prety-gwintowane-produkcja.jpg","contentUrl":"https:\/\/elgo.pl\/wp-content\/uploads\/2020\/06\/prety-gwintowane-produkcja.jpg","width":1200,"height":801,"caption":"produkcja pr\u0119ty gwintowane przelicznik wagowy"},{"@type":"BreadcrumbList","@id":"https:\/\/elgo.pl\/en\/pret-gwintowany-z-czego-jest-wykonany-i-do-czego-sluzy\/#breadcrumb","itemListElement":[{"@type":"ListItem","position":1,"name":"Strona g\u0142\u00f3wna","item":"https:\/\/elgo.pl\/en\/"},{"@type":"ListItem","position":2,"name":"Pr\u0119t gwintowany &#8211; z&nbsp;czego jest wykonany i&nbsp;do czego s\u0142u\u017cy?"}]},{"@type":"WebSite","@id":"https:\/\/elgo.pl\/#website","url":"https:\/\/elgo.pl\/","name":"Elgo","description":"ELGO takes special products, Bolts for flange bolts acid-resistant, in zinc plating, issues certificates. See product catalog.","potentialAction":[{"@type":"SearchAction","target":{"@type":"EntryPoint","urlTemplate":"https:\/\/elgo.pl\/?s={search_term_string}"},"query-input":{"@type":"PropertyValueSpecification","valueRequired":true,"valueName":"search_term_string"}}],"inLanguage":"en-US"}]}},"_links":{"self":[{"href":"https:\/\/elgo.pl\/en\/wp-json\/wp\/v2\/pages\/5259","targetHints":{"allow":["GET"]}}],"collection":[{"href":"https:\/\/elgo.pl\/en\/wp-json\/wp\/v2\/pages"}],"about":[{"href":"https:\/\/elgo.pl\/en\/wp-json\/wp\/v2\/types\/page"}],"author":[{"embeddable":true,"href":"https:\/\/elgo.pl\/en\/wp-json\/wp\/v2\/users\/2125"}],"replies":[{"embeddable":true,"href":"https:\/\/elgo.pl\/en\/wp-json\/wp\/v2\/comments?post=5259"}],"version-history":[{"count":3,"href":"https:\/\/elgo.pl\/en\/wp-json\/wp\/v2\/pages\/5259\/revisions"}],"predecessor-version":[{"id":6878,"href":"https:\/\/elgo.pl\/en\/wp-json\/wp\/v2\/pages\/5259\/revisions\/6878"}],"wp:featuredmedia":[{"embeddable":true,"href":"https:\/\/elgo.pl\/en\/wp-json\/wp\/v2\/media\/5562"}],"wp:attachment":[{"href":"https:\/\/elgo.pl\/en\/wp-json\/wp\/v2\/media?parent=5259"}],"curies":[{"name":"wp","href":"https:\/\/api.w.org\/{rel}","templated":true}]}}