{"id":5290,"date":"2021-11-27T19:41:56","date_gmt":"2021-11-27T18:41:56","guid":{"rendered":"https:\/\/www.elgo-sruby.pl\/?page_id=5290"},"modified":"2025-01-20T13:55:14","modified_gmt":"2025-01-20T12:55:14","slug":"jak-dziala-podkladka-sprezysta","status":"publish","type":"page","link":"https:\/\/elgo.pl\/en\/jak-dziala-podkladka-sprezysta\/","title":{"rendered":"Jak dzia\u0142a podk\u0142adka spr\u0119\u017cysta?"},"content":{"rendered":"","protected":false},"excerpt":{"rendered":"","protected":false},"author":2125,"featured_media":0,"parent":0,"menu_order":0,"comment_status":"closed","ping_status":"closed","template":"","meta":{"_acf_changed":false,"footnotes":""},"class_list":["post-5290","page","type-page","status-publish","hentry","blog_categories-nakretki-i-podkladki"],"acf":[],"yoast_head":"<!-- This site is optimized with the Yoast SEO plugin v27.3 - https:\/\/yoast.com\/product\/yoast-seo-wordpress\/ -->\n<title>Jak dzia\u0142a podk\u0142adka spr\u0119\u017cysta? - ELGO \u015aruby<\/title>\n<meta name=\"description\" content=\"O trwa\u0142o\u015bci i solidno\u015bci \u0142\u0105czenia decyduje wiele element\u00f3w. Oczywi\u015bcie trudno sobie je wyobrazi\u0107 be\u017c nakr\u0119tki i \u015bruby, niemniej jednak bardzo wa\u017cn\u0105 rol\u0119 odgrywa tak\u017ce podk\u0142adka.\" \/>\n<meta name=\"robots\" content=\"noindex, nofollow\" \/>\n<meta property=\"og:locale\" content=\"en_US\" \/>\n<meta property=\"og:type\" content=\"article\" \/>\n<meta property=\"og:title\" content=\"Jak dzia\u0142a podk\u0142adka spr\u0119\u017cysta? - ELGO \u015aruby\" \/>\n<meta property=\"og:description\" content=\"O trwa\u0142o\u015bci i solidno\u015bci \u0142\u0105czenia decyduje wiele element\u00f3w. Oczywi\u015bcie trudno sobie je wyobrazi\u0107 be\u017c nakr\u0119tki i \u015bruby, niemniej jednak bardzo wa\u017cn\u0105 rol\u0119 odgrywa tak\u017ce podk\u0142adka.\" \/>\n<meta property=\"og:url\" content=\"https:\/\/elgo.pl\/en\/jak-dziala-podkladka-sprezysta\/\" \/>\n<meta property=\"og:site_name\" content=\"ELGO \u015aruby\" \/>\n<meta property=\"article:modified_time\" content=\"2025-01-20T12:55:14+00:00\" \/>\n<meta name=\"twitter:card\" content=\"summary_large_image\" \/>\n<script type=\"application\/ld+json\" class=\"yoast-schema-graph\">{\"@context\":\"https:\\\/\\\/schema.org\",\"@graph\":[{\"@type\":\"WebPage\",\"@id\":\"https:\\\/\\\/elgo.pl\\\/en\\\/jak-dziala-podkladka-sprezysta\\\/\",\"url\":\"https:\\\/\\\/elgo.pl\\\/en\\\/jak-dziala-podkladka-sprezysta\\\/\",\"name\":\"Jak dzia\u0142a podk\u0142adka spr\u0119\u017cysta? - ELGO \u015aruby\",\"isPartOf\":{\"@id\":\"https:\\\/\\\/elgo.pl\\\/#website\"},\"datePublished\":\"2021-11-27T18:41:56+00:00\",\"dateModified\":\"2025-01-20T12:55:14+00:00\",\"description\":\"O trwa\u0142o\u015bci i solidno\u015bci \u0142\u0105czenia decyduje wiele element\u00f3w. Oczywi\u015bcie trudno sobie je wyobrazi\u0107 be\u017c nakr\u0119tki i \u015bruby, niemniej jednak bardzo wa\u017cn\u0105 rol\u0119 odgrywa tak\u017ce podk\u0142adka.\",\"breadcrumb\":{\"@id\":\"https:\\\/\\\/elgo.pl\\\/en\\\/jak-dziala-podkladka-sprezysta\\\/#breadcrumb\"},\"inLanguage\":\"en-US\",\"potentialAction\":[{\"@type\":\"ReadAction\",\"target\":[\"https:\\\/\\\/elgo.pl\\\/en\\\/jak-dziala-podkladka-sprezysta\\\/\"]}]},{\"@type\":\"BreadcrumbList\",\"@id\":\"https:\\\/\\\/elgo.pl\\\/en\\\/jak-dziala-podkladka-sprezysta\\\/#breadcrumb\",\"itemListElement\":[{\"@type\":\"ListItem\",\"position\":1,\"name\":\"Strona g\u0142\u00f3wna\",\"item\":\"https:\\\/\\\/elgo.pl\\\/en\\\/\"},{\"@type\":\"ListItem\",\"position\":2,\"name\":\"Jak dzia\u0142a podk\u0142adka spr\u0119\u017cysta?\"}]},{\"@type\":\"WebSite\",\"@id\":\"https:\\\/\\\/elgo.pl\\\/#website\",\"url\":\"https:\\\/\\\/elgo.pl\\\/\",\"name\":\"Elgo\",\"description\":\"ELGO takes special products, Bolts for flange bolts acid-resistant, in zinc plating, issues certificates. See product catalog.\",\"potentialAction\":[{\"@type\":\"SearchAction\",\"target\":{\"@type\":\"EntryPoint\",\"urlTemplate\":\"https:\\\/\\\/elgo.pl\\\/?s={search_term_string}\"},\"query-input\":{\"@type\":\"PropertyValueSpecification\",\"valueRequired\":true,\"valueName\":\"search_term_string\"}}],\"inLanguage\":\"en-US\"}]}<\/script>\n<!-- \/ Yoast SEO plugin. -->","yoast_head_json":{"title":"Jak dzia\u0142a podk\u0142adka spr\u0119\u017cysta? - ELGO \u015aruby","description":"O trwa\u0142o\u015bci i solidno\u015bci \u0142\u0105czenia decyduje wiele element\u00f3w. Oczywi\u015bcie trudno sobie je wyobrazi\u0107 be\u017c nakr\u0119tki i \u015bruby, niemniej jednak bardzo wa\u017cn\u0105 rol\u0119 odgrywa tak\u017ce podk\u0142adka.","robots":{"index":"noindex","follow":"nofollow"},"og_locale":"en_US","og_type":"article","og_title":"Jak dzia\u0142a podk\u0142adka spr\u0119\u017cysta? - ELGO \u015aruby","og_description":"O trwa\u0142o\u015bci i solidno\u015bci \u0142\u0105czenia decyduje wiele element\u00f3w. Oczywi\u015bcie trudno sobie je wyobrazi\u0107 be\u017c nakr\u0119tki i \u015bruby, niemniej jednak bardzo wa\u017cn\u0105 rol\u0119 odgrywa tak\u017ce podk\u0142adka.","og_url":"https:\/\/elgo.pl\/en\/jak-dziala-podkladka-sprezysta\/","og_site_name":"ELGO \u015aruby","article_modified_time":"2025-01-20T12:55:14+00:00","twitter_card":"summary_large_image","schema":{"@context":"https:\/\/schema.org","@graph":[{"@type":"WebPage","@id":"https:\/\/elgo.pl\/en\/jak-dziala-podkladka-sprezysta\/","url":"https:\/\/elgo.pl\/en\/jak-dziala-podkladka-sprezysta\/","name":"Jak dzia\u0142a podk\u0142adka spr\u0119\u017cysta? - ELGO \u015aruby","isPartOf":{"@id":"https:\/\/elgo.pl\/#website"},"datePublished":"2021-11-27T18:41:56+00:00","dateModified":"2025-01-20T12:55:14+00:00","description":"O trwa\u0142o\u015bci i solidno\u015bci \u0142\u0105czenia decyduje wiele element\u00f3w. Oczywi\u015bcie trudno sobie je wyobrazi\u0107 be\u017c nakr\u0119tki i \u015bruby, niemniej jednak bardzo wa\u017cn\u0105 rol\u0119 odgrywa tak\u017ce podk\u0142adka.","breadcrumb":{"@id":"https:\/\/elgo.pl\/en\/jak-dziala-podkladka-sprezysta\/#breadcrumb"},"inLanguage":"en-US","potentialAction":[{"@type":"ReadAction","target":["https:\/\/elgo.pl\/en\/jak-dziala-podkladka-sprezysta\/"]}]},{"@type":"BreadcrumbList","@id":"https:\/\/elgo.pl\/en\/jak-dziala-podkladka-sprezysta\/#breadcrumb","itemListElement":[{"@type":"ListItem","position":1,"name":"Strona g\u0142\u00f3wna","item":"https:\/\/elgo.pl\/en\/"},{"@type":"ListItem","position":2,"name":"Jak dzia\u0142a podk\u0142adka spr\u0119\u017cysta?"}]},{"@type":"WebSite","@id":"https:\/\/elgo.pl\/#website","url":"https:\/\/elgo.pl\/","name":"Elgo","description":"ELGO takes special products, Bolts for flange bolts acid-resistant, in zinc plating, issues certificates. See product catalog.","potentialAction":[{"@type":"SearchAction","target":{"@type":"EntryPoint","urlTemplate":"https:\/\/elgo.pl\/?s={search_term_string}"},"query-input":{"@type":"PropertyValueSpecification","valueRequired":true,"valueName":"search_term_string"}}],"inLanguage":"en-US"}]}},"_links":{"self":[{"href":"https:\/\/elgo.pl\/en\/wp-json\/wp\/v2\/pages\/5290","targetHints":{"allow":["GET"]}}],"collection":[{"href":"https:\/\/elgo.pl\/en\/wp-json\/wp\/v2\/pages"}],"about":[{"href":"https:\/\/elgo.pl\/en\/wp-json\/wp\/v2\/types\/page"}],"author":[{"embeddable":true,"href":"https:\/\/elgo.pl\/en\/wp-json\/wp\/v2\/users\/2125"}],"replies":[{"embeddable":true,"href":"https:\/\/elgo.pl\/en\/wp-json\/wp\/v2\/comments?post=5290"}],"version-history":[{"count":3,"href":"https:\/\/elgo.pl\/en\/wp-json\/wp\/v2\/pages\/5290\/revisions"}],"predecessor-version":[{"id":6875,"href":"https:\/\/elgo.pl\/en\/wp-json\/wp\/v2\/pages\/5290\/revisions\/6875"}],"wp:attachment":[{"href":"https:\/\/elgo.pl\/en\/wp-json\/wp\/v2\/media?parent=5290"}],"curies":[{"name":"wp","href":"https:\/\/api.w.org\/{rel}","templated":true}]}}