{"id":5298,"date":"2021-11-27T19:52:56","date_gmt":"2021-11-27T18:52:56","guid":{"rendered":"https:\/\/www.elgo-sruby.pl\/?page_id=5298"},"modified":"2025-01-20T13:44:20","modified_gmt":"2025-01-20T12:44:20","slug":"jak-zabezpieczyc-srube-przed-rdza","status":"publish","type":"page","link":"https:\/\/elgo.pl\/en\/jak-zabezpieczyc-srube-przed-rdza\/","title":{"rendered":"Jak zabezpieczy\u0107 \u015brub\u0119 przed rdz\u0105?"},"content":{"rendered":"","protected":false},"excerpt":{"rendered":"","protected":false},"author":2125,"featured_media":0,"parent":0,"menu_order":0,"comment_status":"closed","ping_status":"closed","template":"","meta":{"_acf_changed":false,"footnotes":""},"class_list":["post-5298","page","type-page","status-publish","hentry","blog_categories-powloki-ochronne"],"acf":[],"yoast_head":"<!-- This site is optimized with the Yoast SEO plugin v27.3 - https:\/\/yoast.com\/product\/yoast-seo-wordpress\/ -->\n<title>Jak zabezpieczy\u0107 \u015brub\u0119 przed rdz\u0105? - ELGO \u015aruby<\/title>\n<meta name=\"description\" content=\"Nie ulega w\u0105tpliwo\u015bci, \u017ce \u015bruby s\u0105 jednymi z najwa\u017cniejszych element\u00f3w z\u0142\u0105cznych, bez kt\u00f3rych trudno wyobrazi\u0107 sobie trwa\u0142e i solidne po\u0142\u0105czenie \u015brubowe.\" \/>\n<meta name=\"robots\" content=\"noindex, nofollow\" \/>\n<meta property=\"og:locale\" content=\"en_US\" \/>\n<meta property=\"og:type\" content=\"article\" \/>\n<meta property=\"og:title\" content=\"Jak zabezpieczy\u0107 \u015brub\u0119 przed rdz\u0105? - ELGO \u015aruby\" \/>\n<meta property=\"og:description\" content=\"Nie ulega w\u0105tpliwo\u015bci, \u017ce \u015bruby s\u0105 jednymi z najwa\u017cniejszych element\u00f3w z\u0142\u0105cznych, bez kt\u00f3rych trudno wyobrazi\u0107 sobie trwa\u0142e i solidne po\u0142\u0105czenie \u015brubowe.\" \/>\n<meta property=\"og:url\" content=\"https:\/\/elgo.pl\/en\/jak-zabezpieczyc-srube-przed-rdza\/\" \/>\n<meta property=\"og:site_name\" content=\"ELGO \u015aruby\" \/>\n<meta property=\"article:modified_time\" content=\"2025-01-20T12:44:20+00:00\" \/>\n<meta name=\"twitter:card\" content=\"summary_large_image\" \/>\n<script type=\"application\/ld+json\" class=\"yoast-schema-graph\">{\"@context\":\"https:\\\/\\\/schema.org\",\"@graph\":[{\"@type\":\"WebPage\",\"@id\":\"https:\\\/\\\/elgo.pl\\\/en\\\/jak-zabezpieczyc-srube-przed-rdza\\\/\",\"url\":\"https:\\\/\\\/elgo.pl\\\/en\\\/jak-zabezpieczyc-srube-przed-rdza\\\/\",\"name\":\"Jak zabezpieczy\u0107 \u015brub\u0119 przed rdz\u0105? - ELGO \u015aruby\",\"isPartOf\":{\"@id\":\"https:\\\/\\\/elgo.pl\\\/#website\"},\"datePublished\":\"2021-11-27T18:52:56+00:00\",\"dateModified\":\"2025-01-20T12:44:20+00:00\",\"description\":\"Nie ulega w\u0105tpliwo\u015bci, \u017ce \u015bruby s\u0105 jednymi z najwa\u017cniejszych element\u00f3w z\u0142\u0105cznych, bez kt\u00f3rych trudno wyobrazi\u0107 sobie trwa\u0142e i solidne po\u0142\u0105czenie \u015brubowe.\",\"breadcrumb\":{\"@id\":\"https:\\\/\\\/elgo.pl\\\/en\\\/jak-zabezpieczyc-srube-przed-rdza\\\/#breadcrumb\"},\"inLanguage\":\"en-US\",\"potentialAction\":[{\"@type\":\"ReadAction\",\"target\":[\"https:\\\/\\\/elgo.pl\\\/en\\\/jak-zabezpieczyc-srube-przed-rdza\\\/\"]}]},{\"@type\":\"BreadcrumbList\",\"@id\":\"https:\\\/\\\/elgo.pl\\\/en\\\/jak-zabezpieczyc-srube-przed-rdza\\\/#breadcrumb\",\"itemListElement\":[{\"@type\":\"ListItem\",\"position\":1,\"name\":\"Strona g\u0142\u00f3wna\",\"item\":\"https:\\\/\\\/elgo.pl\\\/en\\\/\"},{\"@type\":\"ListItem\",\"position\":2,\"name\":\"Jak zabezpieczy\u0107 \u015brub\u0119 przed rdz\u0105?\"}]},{\"@type\":\"WebSite\",\"@id\":\"https:\\\/\\\/elgo.pl\\\/#website\",\"url\":\"https:\\\/\\\/elgo.pl\\\/\",\"name\":\"Elgo\",\"description\":\"ELGO takes special products, Bolts for flange bolts acid-resistant, in zinc plating, issues certificates. See product catalog.\",\"potentialAction\":[{\"@type\":\"SearchAction\",\"target\":{\"@type\":\"EntryPoint\",\"urlTemplate\":\"https:\\\/\\\/elgo.pl\\\/?s={search_term_string}\"},\"query-input\":{\"@type\":\"PropertyValueSpecification\",\"valueRequired\":true,\"valueName\":\"search_term_string\"}}],\"inLanguage\":\"en-US\"}]}<\/script>\n<!-- \/ Yoast SEO plugin. -->","yoast_head_json":{"title":"Jak zabezpieczy\u0107 \u015brub\u0119 przed rdz\u0105? - ELGO \u015aruby","description":"Nie ulega w\u0105tpliwo\u015bci, \u017ce \u015bruby s\u0105 jednymi z najwa\u017cniejszych element\u00f3w z\u0142\u0105cznych, bez kt\u00f3rych trudno wyobrazi\u0107 sobie trwa\u0142e i solidne po\u0142\u0105czenie \u015brubowe.","robots":{"index":"noindex","follow":"nofollow"},"og_locale":"en_US","og_type":"article","og_title":"Jak zabezpieczy\u0107 \u015brub\u0119 przed rdz\u0105? - ELGO \u015aruby","og_description":"Nie ulega w\u0105tpliwo\u015bci, \u017ce \u015bruby s\u0105 jednymi z najwa\u017cniejszych element\u00f3w z\u0142\u0105cznych, bez kt\u00f3rych trudno wyobrazi\u0107 sobie trwa\u0142e i solidne po\u0142\u0105czenie \u015brubowe.","og_url":"https:\/\/elgo.pl\/en\/jak-zabezpieczyc-srube-przed-rdza\/","og_site_name":"ELGO \u015aruby","article_modified_time":"2025-01-20T12:44:20+00:00","twitter_card":"summary_large_image","schema":{"@context":"https:\/\/schema.org","@graph":[{"@type":"WebPage","@id":"https:\/\/elgo.pl\/en\/jak-zabezpieczyc-srube-przed-rdza\/","url":"https:\/\/elgo.pl\/en\/jak-zabezpieczyc-srube-przed-rdza\/","name":"Jak zabezpieczy\u0107 \u015brub\u0119 przed rdz\u0105? - ELGO \u015aruby","isPartOf":{"@id":"https:\/\/elgo.pl\/#website"},"datePublished":"2021-11-27T18:52:56+00:00","dateModified":"2025-01-20T12:44:20+00:00","description":"Nie ulega w\u0105tpliwo\u015bci, \u017ce \u015bruby s\u0105 jednymi z najwa\u017cniejszych element\u00f3w z\u0142\u0105cznych, bez kt\u00f3rych trudno wyobrazi\u0107 sobie trwa\u0142e i solidne po\u0142\u0105czenie \u015brubowe.","breadcrumb":{"@id":"https:\/\/elgo.pl\/en\/jak-zabezpieczyc-srube-przed-rdza\/#breadcrumb"},"inLanguage":"en-US","potentialAction":[{"@type":"ReadAction","target":["https:\/\/elgo.pl\/en\/jak-zabezpieczyc-srube-przed-rdza\/"]}]},{"@type":"BreadcrumbList","@id":"https:\/\/elgo.pl\/en\/jak-zabezpieczyc-srube-przed-rdza\/#breadcrumb","itemListElement":[{"@type":"ListItem","position":1,"name":"Strona g\u0142\u00f3wna","item":"https:\/\/elgo.pl\/en\/"},{"@type":"ListItem","position":2,"name":"Jak zabezpieczy\u0107 \u015brub\u0119 przed rdz\u0105?"}]},{"@type":"WebSite","@id":"https:\/\/elgo.pl\/#website","url":"https:\/\/elgo.pl\/","name":"Elgo","description":"ELGO takes special products, Bolts for flange bolts acid-resistant, in zinc plating, issues certificates. See product catalog.","potentialAction":[{"@type":"SearchAction","target":{"@type":"EntryPoint","urlTemplate":"https:\/\/elgo.pl\/?s={search_term_string}"},"query-input":{"@type":"PropertyValueSpecification","valueRequired":true,"valueName":"search_term_string"}}],"inLanguage":"en-US"}]}},"_links":{"self":[{"href":"https:\/\/elgo.pl\/en\/wp-json\/wp\/v2\/pages\/5298","targetHints":{"allow":["GET"]}}],"collection":[{"href":"https:\/\/elgo.pl\/en\/wp-json\/wp\/v2\/pages"}],"about":[{"href":"https:\/\/elgo.pl\/en\/wp-json\/wp\/v2\/types\/page"}],"author":[{"embeddable":true,"href":"https:\/\/elgo.pl\/en\/wp-json\/wp\/v2\/users\/2125"}],"replies":[{"embeddable":true,"href":"https:\/\/elgo.pl\/en\/wp-json\/wp\/v2\/comments?post=5298"}],"version-history":[{"count":2,"href":"https:\/\/elgo.pl\/en\/wp-json\/wp\/v2\/pages\/5298\/revisions"}],"predecessor-version":[{"id":6861,"href":"https:\/\/elgo.pl\/en\/wp-json\/wp\/v2\/pages\/5298\/revisions\/6861"}],"wp:attachment":[{"href":"https:\/\/elgo.pl\/en\/wp-json\/wp\/v2\/media?parent=5298"}],"curies":[{"name":"wp","href":"https:\/\/api.w.org\/{rel}","templated":true}]}}