{"id":5461,"date":"2022-01-04T17:22:02","date_gmt":"2022-01-04T16:22:02","guid":{"rendered":"https:\/\/www.elgo-sruby.pl\/?page_id=5461"},"modified":"2025-01-20T14:03:34","modified_gmt":"2025-01-20T13:03:34","slug":"jak-wykorzystywane-sa-sruby-i-nakretki-do-polaczen-kolnierzowych-dla-przemyslu-gazowniczego-petrochemicznego-oraz-naftowego","status":"publish","type":"page","link":"https:\/\/elgo.pl\/en\/jak-wykorzystywane-sa-sruby-i-nakretki-do-polaczen-kolnierzowych-dla-przemyslu-gazowniczego-petrochemicznego-oraz-naftowego\/","title":{"rendered":"Jak wykorzystywane s\u0105 \u015bruby i&nbsp;nakr\u0119tki do&nbsp;po\u0142\u0105cze\u0144 ko\u0142nierzowych dla&nbsp;przemys\u0142u gazowniczego, petrochemicznego oraz&nbsp;naftowego?"},"content":{"rendered":"","protected":false},"excerpt":{"rendered":"","protected":false},"author":2125,"featured_media":0,"parent":0,"menu_order":0,"comment_status":"closed","ping_status":"closed","template":"","meta":{"_acf_changed":false,"footnotes":""},"class_list":["post-5461","page","type-page","status-publish","hentry"],"acf":[],"yoast_head":"<!-- This site is optimized with the Yoast SEO plugin v27.3 - https:\/\/yoast.com\/product\/yoast-seo-wordpress\/ -->\n<title>Jak wykorzystywane s\u0105 \u015bruby i nakr\u0119tki do po\u0142\u0105cze\u0144 ko\u0142nierzowych dla przemys\u0142u gazowniczego, petrochemicznego oraz naftowego? - ELGO \u015aruby<\/title>\n<meta name=\"description\" content=\"Przy konstruowaniu r\u00f3\u017cnego typu instalacji przemys\u0142owych, w tym przede wszystkim szeroko rozumianych instalacji hydraulicznych, najwa\u017cniejszym elementem, na kt\u00f3ry trzeba zwr\u00f3ci\u0107 szczeg\u00f3ln\u0105\u00a0 uwag\u0119 jest szczelno\u015b\u0107.\" \/>\n<meta name=\"robots\" content=\"noindex, nofollow\" \/>\n<meta property=\"og:locale\" content=\"en_US\" \/>\n<meta property=\"og:type\" content=\"article\" \/>\n<meta property=\"og:title\" content=\"Jak wykorzystywane s\u0105 \u015bruby i nakr\u0119tki do po\u0142\u0105cze\u0144 ko\u0142nierzowych dla przemys\u0142u gazowniczego, petrochemicznego oraz naftowego? - ELGO \u015aruby\" \/>\n<meta property=\"og:description\" content=\"Przy konstruowaniu r\u00f3\u017cnego typu instalacji przemys\u0142owych, w tym przede wszystkim szeroko rozumianych instalacji hydraulicznych, najwa\u017cniejszym elementem, na kt\u00f3ry trzeba zwr\u00f3ci\u0107 szczeg\u00f3ln\u0105\u00a0 uwag\u0119 jest szczelno\u015b\u0107.\" \/>\n<meta property=\"og:url\" content=\"https:\/\/elgo.pl\/en\/jak-wykorzystywane-sa-sruby-i-nakretki-do-polaczen-kolnierzowych-dla-przemyslu-gazowniczego-petrochemicznego-oraz-naftowego\/\" \/>\n<meta property=\"og:site_name\" content=\"ELGO \u015aruby\" \/>\n<meta property=\"article:modified_time\" content=\"2025-01-20T13:03:34+00:00\" \/>\n<meta name=\"twitter:card\" content=\"summary_large_image\" \/>\n<script type=\"application\/ld+json\" class=\"yoast-schema-graph\">{\"@context\":\"https:\\\/\\\/schema.org\",\"@graph\":[{\"@type\":\"WebPage\",\"@id\":\"https:\\\/\\\/elgo.pl\\\/en\\\/jak-wykorzystywane-sa-sruby-i-nakretki-do-polaczen-kolnierzowych-dla-przemyslu-gazowniczego-petrochemicznego-oraz-naftowego\\\/\",\"url\":\"https:\\\/\\\/elgo.pl\\\/en\\\/jak-wykorzystywane-sa-sruby-i-nakretki-do-polaczen-kolnierzowych-dla-przemyslu-gazowniczego-petrochemicznego-oraz-naftowego\\\/\",\"name\":\"Jak wykorzystywane s\u0105 \u015bruby i nakr\u0119tki do po\u0142\u0105cze\u0144 ko\u0142nierzowych dla przemys\u0142u gazowniczego, petrochemicznego oraz naftowego? - ELGO \u015aruby\",\"isPartOf\":{\"@id\":\"https:\\\/\\\/elgo.pl\\\/#website\"},\"datePublished\":\"2022-01-04T16:22:02+00:00\",\"dateModified\":\"2025-01-20T13:03:34+00:00\",\"description\":\"Przy konstruowaniu r\u00f3\u017cnego typu instalacji przemys\u0142owych, w tym przede wszystkim szeroko rozumianych instalacji hydraulicznych, najwa\u017cniejszym elementem, na kt\u00f3ry trzeba zwr\u00f3ci\u0107 szczeg\u00f3ln\u0105\u00a0 uwag\u0119 jest szczelno\u015b\u0107.\",\"breadcrumb\":{\"@id\":\"https:\\\/\\\/elgo.pl\\\/en\\\/jak-wykorzystywane-sa-sruby-i-nakretki-do-polaczen-kolnierzowych-dla-przemyslu-gazowniczego-petrochemicznego-oraz-naftowego\\\/#breadcrumb\"},\"inLanguage\":\"en-US\",\"potentialAction\":[{\"@type\":\"ReadAction\",\"target\":[\"https:\\\/\\\/elgo.pl\\\/en\\\/jak-wykorzystywane-sa-sruby-i-nakretki-do-polaczen-kolnierzowych-dla-przemyslu-gazowniczego-petrochemicznego-oraz-naftowego\\\/\"]}]},{\"@type\":\"BreadcrumbList\",\"@id\":\"https:\\\/\\\/elgo.pl\\\/en\\\/jak-wykorzystywane-sa-sruby-i-nakretki-do-polaczen-kolnierzowych-dla-przemyslu-gazowniczego-petrochemicznego-oraz-naftowego\\\/#breadcrumb\",\"itemListElement\":[{\"@type\":\"ListItem\",\"position\":1,\"name\":\"Strona g\u0142\u00f3wna\",\"item\":\"https:\\\/\\\/elgo.pl\\\/en\\\/\"},{\"@type\":\"ListItem\",\"position\":2,\"name\":\"Jak wykorzystywane s\u0105 \u015bruby i&nbsp;nakr\u0119tki do&nbsp;po\u0142\u0105cze\u0144 ko\u0142nierzowych dla&nbsp;przemys\u0142u gazowniczego, petrochemicznego oraz&nbsp;naftowego?\"}]},{\"@type\":\"WebSite\",\"@id\":\"https:\\\/\\\/elgo.pl\\\/#website\",\"url\":\"https:\\\/\\\/elgo.pl\\\/\",\"name\":\"Elgo\",\"description\":\"ELGO takes special products, Bolts for flange bolts acid-resistant, in zinc plating, issues certificates. See product catalog.\",\"potentialAction\":[{\"@type\":\"SearchAction\",\"target\":{\"@type\":\"EntryPoint\",\"urlTemplate\":\"https:\\\/\\\/elgo.pl\\\/?s={search_term_string}\"},\"query-input\":{\"@type\":\"PropertyValueSpecification\",\"valueRequired\":true,\"valueName\":\"search_term_string\"}}],\"inLanguage\":\"en-US\"}]}<\/script>\n<!-- \/ Yoast SEO plugin. -->","yoast_head_json":{"title":"Jak wykorzystywane s\u0105 \u015bruby i nakr\u0119tki do po\u0142\u0105cze\u0144 ko\u0142nierzowych dla przemys\u0142u gazowniczego, petrochemicznego oraz naftowego? - ELGO \u015aruby","description":"Przy konstruowaniu r\u00f3\u017cnego typu instalacji przemys\u0142owych, w tym przede wszystkim szeroko rozumianych instalacji hydraulicznych, najwa\u017cniejszym elementem, na kt\u00f3ry trzeba zwr\u00f3ci\u0107 szczeg\u00f3ln\u0105\u00a0 uwag\u0119 jest szczelno\u015b\u0107.","robots":{"index":"noindex","follow":"nofollow"},"og_locale":"en_US","og_type":"article","og_title":"Jak wykorzystywane s\u0105 \u015bruby i nakr\u0119tki do po\u0142\u0105cze\u0144 ko\u0142nierzowych dla przemys\u0142u gazowniczego, petrochemicznego oraz naftowego? - ELGO \u015aruby","og_description":"Przy konstruowaniu r\u00f3\u017cnego typu instalacji przemys\u0142owych, w tym przede wszystkim szeroko rozumianych instalacji hydraulicznych, najwa\u017cniejszym elementem, na kt\u00f3ry trzeba zwr\u00f3ci\u0107 szczeg\u00f3ln\u0105\u00a0 uwag\u0119 jest szczelno\u015b\u0107.","og_url":"https:\/\/elgo.pl\/en\/jak-wykorzystywane-sa-sruby-i-nakretki-do-polaczen-kolnierzowych-dla-przemyslu-gazowniczego-petrochemicznego-oraz-naftowego\/","og_site_name":"ELGO \u015aruby","article_modified_time":"2025-01-20T13:03:34+00:00","twitter_card":"summary_large_image","schema":{"@context":"https:\/\/schema.org","@graph":[{"@type":"WebPage","@id":"https:\/\/elgo.pl\/en\/jak-wykorzystywane-sa-sruby-i-nakretki-do-polaczen-kolnierzowych-dla-przemyslu-gazowniczego-petrochemicznego-oraz-naftowego\/","url":"https:\/\/elgo.pl\/en\/jak-wykorzystywane-sa-sruby-i-nakretki-do-polaczen-kolnierzowych-dla-przemyslu-gazowniczego-petrochemicznego-oraz-naftowego\/","name":"Jak wykorzystywane s\u0105 \u015bruby i nakr\u0119tki do po\u0142\u0105cze\u0144 ko\u0142nierzowych dla przemys\u0142u gazowniczego, petrochemicznego oraz naftowego? - ELGO \u015aruby","isPartOf":{"@id":"https:\/\/elgo.pl\/#website"},"datePublished":"2022-01-04T16:22:02+00:00","dateModified":"2025-01-20T13:03:34+00:00","description":"Przy konstruowaniu r\u00f3\u017cnego typu instalacji przemys\u0142owych, w tym przede wszystkim szeroko rozumianych instalacji hydraulicznych, najwa\u017cniejszym elementem, na kt\u00f3ry trzeba zwr\u00f3ci\u0107 szczeg\u00f3ln\u0105\u00a0 uwag\u0119 jest szczelno\u015b\u0107.","breadcrumb":{"@id":"https:\/\/elgo.pl\/en\/jak-wykorzystywane-sa-sruby-i-nakretki-do-polaczen-kolnierzowych-dla-przemyslu-gazowniczego-petrochemicznego-oraz-naftowego\/#breadcrumb"},"inLanguage":"en-US","potentialAction":[{"@type":"ReadAction","target":["https:\/\/elgo.pl\/en\/jak-wykorzystywane-sa-sruby-i-nakretki-do-polaczen-kolnierzowych-dla-przemyslu-gazowniczego-petrochemicznego-oraz-naftowego\/"]}]},{"@type":"BreadcrumbList","@id":"https:\/\/elgo.pl\/en\/jak-wykorzystywane-sa-sruby-i-nakretki-do-polaczen-kolnierzowych-dla-przemyslu-gazowniczego-petrochemicznego-oraz-naftowego\/#breadcrumb","itemListElement":[{"@type":"ListItem","position":1,"name":"Strona g\u0142\u00f3wna","item":"https:\/\/elgo.pl\/en\/"},{"@type":"ListItem","position":2,"name":"Jak wykorzystywane s\u0105 \u015bruby i&nbsp;nakr\u0119tki do&nbsp;po\u0142\u0105cze\u0144 ko\u0142nierzowych dla&nbsp;przemys\u0142u gazowniczego, petrochemicznego oraz&nbsp;naftowego?"}]},{"@type":"WebSite","@id":"https:\/\/elgo.pl\/#website","url":"https:\/\/elgo.pl\/","name":"Elgo","description":"ELGO takes special products, Bolts for flange bolts acid-resistant, in zinc plating, issues certificates. See product catalog.","potentialAction":[{"@type":"SearchAction","target":{"@type":"EntryPoint","urlTemplate":"https:\/\/elgo.pl\/?s={search_term_string}"},"query-input":{"@type":"PropertyValueSpecification","valueRequired":true,"valueName":"search_term_string"}}],"inLanguage":"en-US"}]}},"_links":{"self":[{"href":"https:\/\/elgo.pl\/en\/wp-json\/wp\/v2\/pages\/5461","targetHints":{"allow":["GET"]}}],"collection":[{"href":"https:\/\/elgo.pl\/en\/wp-json\/wp\/v2\/pages"}],"about":[{"href":"https:\/\/elgo.pl\/en\/wp-json\/wp\/v2\/types\/page"}],"author":[{"embeddable":true,"href":"https:\/\/elgo.pl\/en\/wp-json\/wp\/v2\/users\/2125"}],"replies":[{"embeddable":true,"href":"https:\/\/elgo.pl\/en\/wp-json\/wp\/v2\/comments?post=5461"}],"version-history":[{"count":3,"href":"https:\/\/elgo.pl\/en\/wp-json\/wp\/v2\/pages\/5461\/revisions"}],"predecessor-version":[{"id":6885,"href":"https:\/\/elgo.pl\/en\/wp-json\/wp\/v2\/pages\/5461\/revisions\/6885"}],"wp:attachment":[{"href":"https:\/\/elgo.pl\/en\/wp-json\/wp\/v2\/media?parent=5461"}],"curies":[{"name":"wp","href":"https:\/\/api.w.org\/{rel}","templated":true}]}}