{"id":5490,"date":"2022-03-03T19:56:32","date_gmt":"2022-03-03T18:56:32","guid":{"rendered":"https:\/\/www.elgo-sruby.pl\/?page_id=5490"},"modified":"2025-01-20T14:03:37","modified_gmt":"2025-01-20T13:03:37","slug":"roznice-miedzy-sruba-a-wkretem","status":"publish","type":"page","link":"https:\/\/elgo.pl\/en\/roznice-miedzy-sruba-a-wkretem\/","title":{"rendered":"R\u00f3\u017cnice mi\u0119dzy \u015brub\u0105 a&nbsp;wkr\u0119tem"},"content":{"rendered":"","protected":false},"excerpt":{"rendered":"","protected":false},"author":2125,"featured_media":0,"parent":0,"menu_order":0,"comment_status":"closed","ping_status":"closed","template":"","meta":{"_acf_changed":false,"footnotes":""},"class_list":["post-5490","page","type-page","status-publish","hentry"],"acf":[],"yoast_head":"<!-- This site is optimized with the Yoast SEO plugin v27.3 - https:\/\/yoast.com\/product\/yoast-seo-wordpress\/ -->\n<title>R\u00f3\u017cnice mi\u0119dzy \u015brub\u0105 a wkr\u0119tem - ELGO \u015aruby<\/title>\n<meta name=\"description\" content=\"Dla wielu os\u00f3b pytanie, jakie s\u0105 r\u00f3\u017cnice mi\u0119dzy \u015brub\u0105 a wkr\u0119tem, wydaje si\u0119 by\u0107 ma\u0142o skomplikowane, a odpowied\u017a na do\u015b\u0107 oczywista.\" \/>\n<meta name=\"robots\" content=\"noindex, nofollow\" \/>\n<meta property=\"og:locale\" content=\"en_US\" \/>\n<meta property=\"og:type\" content=\"article\" \/>\n<meta property=\"og:title\" content=\"R\u00f3\u017cnice mi\u0119dzy \u015brub\u0105 a wkr\u0119tem - ELGO \u015aruby\" \/>\n<meta property=\"og:description\" content=\"Dla wielu os\u00f3b pytanie, jakie s\u0105 r\u00f3\u017cnice mi\u0119dzy \u015brub\u0105 a wkr\u0119tem, wydaje si\u0119 by\u0107 ma\u0142o skomplikowane, a odpowied\u017a na do\u015b\u0107 oczywista.\" \/>\n<meta property=\"og:url\" content=\"https:\/\/elgo.pl\/en\/roznice-miedzy-sruba-a-wkretem\/\" \/>\n<meta property=\"og:site_name\" content=\"ELGO \u015aruby\" \/>\n<meta property=\"article:modified_time\" content=\"2025-01-20T13:03:37+00:00\" \/>\n<meta name=\"twitter:card\" content=\"summary_large_image\" \/>\n<script type=\"application\/ld+json\" class=\"yoast-schema-graph\">{\"@context\":\"https:\\\/\\\/schema.org\",\"@graph\":[{\"@type\":\"WebPage\",\"@id\":\"https:\\\/\\\/elgo.pl\\\/en\\\/roznice-miedzy-sruba-a-wkretem\\\/\",\"url\":\"https:\\\/\\\/elgo.pl\\\/en\\\/roznice-miedzy-sruba-a-wkretem\\\/\",\"name\":\"R\u00f3\u017cnice mi\u0119dzy \u015brub\u0105 a wkr\u0119tem - ELGO \u015aruby\",\"isPartOf\":{\"@id\":\"https:\\\/\\\/elgo.pl\\\/#website\"},\"datePublished\":\"2022-03-03T18:56:32+00:00\",\"dateModified\":\"2025-01-20T13:03:37+00:00\",\"description\":\"Dla wielu os\u00f3b pytanie, jakie s\u0105 r\u00f3\u017cnice mi\u0119dzy \u015brub\u0105 a wkr\u0119tem, wydaje si\u0119 by\u0107 ma\u0142o skomplikowane, a odpowied\u017a na do\u015b\u0107 oczywista.\",\"breadcrumb\":{\"@id\":\"https:\\\/\\\/elgo.pl\\\/en\\\/roznice-miedzy-sruba-a-wkretem\\\/#breadcrumb\"},\"inLanguage\":\"en-US\",\"potentialAction\":[{\"@type\":\"ReadAction\",\"target\":[\"https:\\\/\\\/elgo.pl\\\/en\\\/roznice-miedzy-sruba-a-wkretem\\\/\"]}]},{\"@type\":\"BreadcrumbList\",\"@id\":\"https:\\\/\\\/elgo.pl\\\/en\\\/roznice-miedzy-sruba-a-wkretem\\\/#breadcrumb\",\"itemListElement\":[{\"@type\":\"ListItem\",\"position\":1,\"name\":\"Strona g\u0142\u00f3wna\",\"item\":\"https:\\\/\\\/elgo.pl\\\/en\\\/\"},{\"@type\":\"ListItem\",\"position\":2,\"name\":\"R\u00f3\u017cnice mi\u0119dzy \u015brub\u0105 a&nbsp;wkr\u0119tem\"}]},{\"@type\":\"WebSite\",\"@id\":\"https:\\\/\\\/elgo.pl\\\/#website\",\"url\":\"https:\\\/\\\/elgo.pl\\\/\",\"name\":\"Elgo\",\"description\":\"ELGO takes special products, Bolts for flange bolts acid-resistant, in zinc plating, issues certificates. See product catalog.\",\"potentialAction\":[{\"@type\":\"SearchAction\",\"target\":{\"@type\":\"EntryPoint\",\"urlTemplate\":\"https:\\\/\\\/elgo.pl\\\/?s={search_term_string}\"},\"query-input\":{\"@type\":\"PropertyValueSpecification\",\"valueRequired\":true,\"valueName\":\"search_term_string\"}}],\"inLanguage\":\"en-US\"}]}<\/script>\n<!-- \/ Yoast SEO plugin. -->","yoast_head_json":{"title":"R\u00f3\u017cnice mi\u0119dzy \u015brub\u0105 a wkr\u0119tem - ELGO \u015aruby","description":"Dla wielu os\u00f3b pytanie, jakie s\u0105 r\u00f3\u017cnice mi\u0119dzy \u015brub\u0105 a wkr\u0119tem, wydaje si\u0119 by\u0107 ma\u0142o skomplikowane, a odpowied\u017a na do\u015b\u0107 oczywista.","robots":{"index":"noindex","follow":"nofollow"},"og_locale":"en_US","og_type":"article","og_title":"R\u00f3\u017cnice mi\u0119dzy \u015brub\u0105 a wkr\u0119tem - ELGO \u015aruby","og_description":"Dla wielu os\u00f3b pytanie, jakie s\u0105 r\u00f3\u017cnice mi\u0119dzy \u015brub\u0105 a wkr\u0119tem, wydaje si\u0119 by\u0107 ma\u0142o skomplikowane, a odpowied\u017a na do\u015b\u0107 oczywista.","og_url":"https:\/\/elgo.pl\/en\/roznice-miedzy-sruba-a-wkretem\/","og_site_name":"ELGO \u015aruby","article_modified_time":"2025-01-20T13:03:37+00:00","twitter_card":"summary_large_image","schema":{"@context":"https:\/\/schema.org","@graph":[{"@type":"WebPage","@id":"https:\/\/elgo.pl\/en\/roznice-miedzy-sruba-a-wkretem\/","url":"https:\/\/elgo.pl\/en\/roznice-miedzy-sruba-a-wkretem\/","name":"R\u00f3\u017cnice mi\u0119dzy \u015brub\u0105 a wkr\u0119tem - ELGO \u015aruby","isPartOf":{"@id":"https:\/\/elgo.pl\/#website"},"datePublished":"2022-03-03T18:56:32+00:00","dateModified":"2025-01-20T13:03:37+00:00","description":"Dla wielu os\u00f3b pytanie, jakie s\u0105 r\u00f3\u017cnice mi\u0119dzy \u015brub\u0105 a wkr\u0119tem, wydaje si\u0119 by\u0107 ma\u0142o skomplikowane, a odpowied\u017a na do\u015b\u0107 oczywista.","breadcrumb":{"@id":"https:\/\/elgo.pl\/en\/roznice-miedzy-sruba-a-wkretem\/#breadcrumb"},"inLanguage":"en-US","potentialAction":[{"@type":"ReadAction","target":["https:\/\/elgo.pl\/en\/roznice-miedzy-sruba-a-wkretem\/"]}]},{"@type":"BreadcrumbList","@id":"https:\/\/elgo.pl\/en\/roznice-miedzy-sruba-a-wkretem\/#breadcrumb","itemListElement":[{"@type":"ListItem","position":1,"name":"Strona g\u0142\u00f3wna","item":"https:\/\/elgo.pl\/en\/"},{"@type":"ListItem","position":2,"name":"R\u00f3\u017cnice mi\u0119dzy \u015brub\u0105 a&nbsp;wkr\u0119tem"}]},{"@type":"WebSite","@id":"https:\/\/elgo.pl\/#website","url":"https:\/\/elgo.pl\/","name":"Elgo","description":"ELGO takes special products, Bolts for flange bolts acid-resistant, in zinc plating, issues certificates. See product catalog.","potentialAction":[{"@type":"SearchAction","target":{"@type":"EntryPoint","urlTemplate":"https:\/\/elgo.pl\/?s={search_term_string}"},"query-input":{"@type":"PropertyValueSpecification","valueRequired":true,"valueName":"search_term_string"}}],"inLanguage":"en-US"}]}},"_links":{"self":[{"href":"https:\/\/elgo.pl\/en\/wp-json\/wp\/v2\/pages\/5490","targetHints":{"allow":["GET"]}}],"collection":[{"href":"https:\/\/elgo.pl\/en\/wp-json\/wp\/v2\/pages"}],"about":[{"href":"https:\/\/elgo.pl\/en\/wp-json\/wp\/v2\/types\/page"}],"author":[{"embeddable":true,"href":"https:\/\/elgo.pl\/en\/wp-json\/wp\/v2\/users\/2125"}],"replies":[{"embeddable":true,"href":"https:\/\/elgo.pl\/en\/wp-json\/wp\/v2\/comments?post=5490"}],"version-history":[{"count":2,"href":"https:\/\/elgo.pl\/en\/wp-json\/wp\/v2\/pages\/5490\/revisions"}],"predecessor-version":[{"id":6886,"href":"https:\/\/elgo.pl\/en\/wp-json\/wp\/v2\/pages\/5490\/revisions\/6886"}],"wp:attachment":[{"href":"https:\/\/elgo.pl\/en\/wp-json\/wp\/v2\/media?parent=5490"}],"curies":[{"name":"wp","href":"https:\/\/api.w.org\/{rel}","templated":true}]}}