{"id":5510,"date":"2022-03-03T22:01:18","date_gmt":"2022-03-03T21:01:18","guid":{"rendered":"https:\/\/www.elgo-sruby.pl\/?page_id=5510"},"modified":"2025-01-20T13:26:21","modified_gmt":"2025-01-20T12:26:21","slug":"jakie-sa-podstawowe-rodzaje-srub","status":"publish","type":"page","link":"https:\/\/elgo.pl\/en\/jakie-sa-podstawowe-rodzaje-srub\/","title":{"rendered":"Jakie s\u0105 podstawowe rodzaje \u015brub?"},"content":{"rendered":"","protected":false},"excerpt":{"rendered":"","protected":false},"author":2125,"featured_media":0,"parent":0,"menu_order":0,"comment_status":"closed","ping_status":"closed","template":"","meta":{"_acf_changed":false,"footnotes":""},"class_list":["post-5510","page","type-page","status-publish","hentry","blog_categories-sruby-i-wkrety"],"acf":[],"yoast_head":"<!-- This site is optimized with the Yoast SEO plugin v27.3 - https:\/\/yoast.com\/product\/yoast-seo-wordpress\/ -->\n<title>Jakie s\u0105 podstawowe rodzaje \u015brub? - ELGO \u015aruby<\/title>\n<meta name=\"description\" content=\"\u015aruby to elementy z\u0142\u0105czne wykorzystywane praktyczne w ka\u017cdym sektorze przemys\u0142u, od bran\u017cy meblowej, po budowlan\u0105. Trudno wyobrazi\u0107 sobie tworzenie nowych obiekt\u00f3w czy konstruowanie maszyn bez ich u\u017cycia.\" \/>\n<meta name=\"robots\" content=\"noindex, nofollow\" \/>\n<meta property=\"og:locale\" content=\"en_US\" \/>\n<meta property=\"og:type\" content=\"article\" \/>\n<meta property=\"og:title\" content=\"Jakie s\u0105 podstawowe rodzaje \u015brub? - ELGO \u015aruby\" \/>\n<meta property=\"og:description\" content=\"\u015aruby to elementy z\u0142\u0105czne wykorzystywane praktyczne w ka\u017cdym sektorze przemys\u0142u, od bran\u017cy meblowej, po budowlan\u0105. Trudno wyobrazi\u0107 sobie tworzenie nowych obiekt\u00f3w czy konstruowanie maszyn bez ich u\u017cycia.\" \/>\n<meta property=\"og:url\" content=\"https:\/\/elgo.pl\/en\/jakie-sa-podstawowe-rodzaje-srub\/\" \/>\n<meta property=\"og:site_name\" content=\"ELGO \u015aruby\" \/>\n<meta property=\"article:modified_time\" content=\"2025-01-20T12:26:21+00:00\" \/>\n<meta name=\"twitter:card\" content=\"summary_large_image\" \/>\n<script type=\"application\/ld+json\" class=\"yoast-schema-graph\">{\"@context\":\"https:\\\/\\\/schema.org\",\"@graph\":[{\"@type\":\"WebPage\",\"@id\":\"https:\\\/\\\/elgo.pl\\\/en\\\/jakie-sa-podstawowe-rodzaje-srub\\\/\",\"url\":\"https:\\\/\\\/elgo.pl\\\/en\\\/jakie-sa-podstawowe-rodzaje-srub\\\/\",\"name\":\"Jakie s\u0105 podstawowe rodzaje \u015brub? - ELGO \u015aruby\",\"isPartOf\":{\"@id\":\"https:\\\/\\\/elgo.pl\\\/#website\"},\"datePublished\":\"2022-03-03T21:01:18+00:00\",\"dateModified\":\"2025-01-20T12:26:21+00:00\",\"description\":\"\u015aruby to elementy z\u0142\u0105czne wykorzystywane praktyczne w ka\u017cdym sektorze przemys\u0142u, od bran\u017cy meblowej, po budowlan\u0105. Trudno wyobrazi\u0107 sobie tworzenie nowych obiekt\u00f3w czy konstruowanie maszyn bez ich u\u017cycia.\",\"breadcrumb\":{\"@id\":\"https:\\\/\\\/elgo.pl\\\/en\\\/jakie-sa-podstawowe-rodzaje-srub\\\/#breadcrumb\"},\"inLanguage\":\"en-US\",\"potentialAction\":[{\"@type\":\"ReadAction\",\"target\":[\"https:\\\/\\\/elgo.pl\\\/en\\\/jakie-sa-podstawowe-rodzaje-srub\\\/\"]}]},{\"@type\":\"BreadcrumbList\",\"@id\":\"https:\\\/\\\/elgo.pl\\\/en\\\/jakie-sa-podstawowe-rodzaje-srub\\\/#breadcrumb\",\"itemListElement\":[{\"@type\":\"ListItem\",\"position\":1,\"name\":\"Strona g\u0142\u00f3wna\",\"item\":\"https:\\\/\\\/elgo.pl\\\/en\\\/\"},{\"@type\":\"ListItem\",\"position\":2,\"name\":\"Jakie s\u0105 podstawowe rodzaje \u015brub?\"}]},{\"@type\":\"WebSite\",\"@id\":\"https:\\\/\\\/elgo.pl\\\/#website\",\"url\":\"https:\\\/\\\/elgo.pl\\\/\",\"name\":\"Elgo\",\"description\":\"ELGO takes special products, Bolts for flange bolts acid-resistant, in zinc plating, issues certificates. See product catalog.\",\"potentialAction\":[{\"@type\":\"SearchAction\",\"target\":{\"@type\":\"EntryPoint\",\"urlTemplate\":\"https:\\\/\\\/elgo.pl\\\/?s={search_term_string}\"},\"query-input\":{\"@type\":\"PropertyValueSpecification\",\"valueRequired\":true,\"valueName\":\"search_term_string\"}}],\"inLanguage\":\"en-US\"}]}<\/script>\n<!-- \/ Yoast SEO plugin. -->","yoast_head_json":{"title":"Jakie s\u0105 podstawowe rodzaje \u015brub? - ELGO \u015aruby","description":"\u015aruby to elementy z\u0142\u0105czne wykorzystywane praktyczne w ka\u017cdym sektorze przemys\u0142u, od bran\u017cy meblowej, po budowlan\u0105. Trudno wyobrazi\u0107 sobie tworzenie nowych obiekt\u00f3w czy konstruowanie maszyn bez ich u\u017cycia.","robots":{"index":"noindex","follow":"nofollow"},"og_locale":"en_US","og_type":"article","og_title":"Jakie s\u0105 podstawowe rodzaje \u015brub? - ELGO \u015aruby","og_description":"\u015aruby to elementy z\u0142\u0105czne wykorzystywane praktyczne w ka\u017cdym sektorze przemys\u0142u, od bran\u017cy meblowej, po budowlan\u0105. Trudno wyobrazi\u0107 sobie tworzenie nowych obiekt\u00f3w czy konstruowanie maszyn bez ich u\u017cycia.","og_url":"https:\/\/elgo.pl\/en\/jakie-sa-podstawowe-rodzaje-srub\/","og_site_name":"ELGO \u015aruby","article_modified_time":"2025-01-20T12:26:21+00:00","twitter_card":"summary_large_image","schema":{"@context":"https:\/\/schema.org","@graph":[{"@type":"WebPage","@id":"https:\/\/elgo.pl\/en\/jakie-sa-podstawowe-rodzaje-srub\/","url":"https:\/\/elgo.pl\/en\/jakie-sa-podstawowe-rodzaje-srub\/","name":"Jakie s\u0105 podstawowe rodzaje \u015brub? - ELGO \u015aruby","isPartOf":{"@id":"https:\/\/elgo.pl\/#website"},"datePublished":"2022-03-03T21:01:18+00:00","dateModified":"2025-01-20T12:26:21+00:00","description":"\u015aruby to elementy z\u0142\u0105czne wykorzystywane praktyczne w ka\u017cdym sektorze przemys\u0142u, od bran\u017cy meblowej, po budowlan\u0105. Trudno wyobrazi\u0107 sobie tworzenie nowych obiekt\u00f3w czy konstruowanie maszyn bez ich u\u017cycia.","breadcrumb":{"@id":"https:\/\/elgo.pl\/en\/jakie-sa-podstawowe-rodzaje-srub\/#breadcrumb"},"inLanguage":"en-US","potentialAction":[{"@type":"ReadAction","target":["https:\/\/elgo.pl\/en\/jakie-sa-podstawowe-rodzaje-srub\/"]}]},{"@type":"BreadcrumbList","@id":"https:\/\/elgo.pl\/en\/jakie-sa-podstawowe-rodzaje-srub\/#breadcrumb","itemListElement":[{"@type":"ListItem","position":1,"name":"Strona g\u0142\u00f3wna","item":"https:\/\/elgo.pl\/en\/"},{"@type":"ListItem","position":2,"name":"Jakie s\u0105 podstawowe rodzaje \u015brub?"}]},{"@type":"WebSite","@id":"https:\/\/elgo.pl\/#website","url":"https:\/\/elgo.pl\/","name":"Elgo","description":"ELGO takes special products, Bolts for flange bolts acid-resistant, in zinc plating, issues certificates. See product catalog.","potentialAction":[{"@type":"SearchAction","target":{"@type":"EntryPoint","urlTemplate":"https:\/\/elgo.pl\/?s={search_term_string}"},"query-input":{"@type":"PropertyValueSpecification","valueRequired":true,"valueName":"search_term_string"}}],"inLanguage":"en-US"}]}},"_links":{"self":[{"href":"https:\/\/elgo.pl\/en\/wp-json\/wp\/v2\/pages\/5510","targetHints":{"allow":["GET"]}}],"collection":[{"href":"https:\/\/elgo.pl\/en\/wp-json\/wp\/v2\/pages"}],"about":[{"href":"https:\/\/elgo.pl\/en\/wp-json\/wp\/v2\/types\/page"}],"author":[{"embeddable":true,"href":"https:\/\/elgo.pl\/en\/wp-json\/wp\/v2\/users\/2125"}],"replies":[{"embeddable":true,"href":"https:\/\/elgo.pl\/en\/wp-json\/wp\/v2\/comments?post=5510"}],"version-history":[{"count":2,"href":"https:\/\/elgo.pl\/en\/wp-json\/wp\/v2\/pages\/5510\/revisions"}],"predecessor-version":[{"id":6848,"href":"https:\/\/elgo.pl\/en\/wp-json\/wp\/v2\/pages\/5510\/revisions\/6848"}],"wp:attachment":[{"href":"https:\/\/elgo.pl\/en\/wp-json\/wp\/v2\/media?parent=5510"}],"curies":[{"name":"wp","href":"https:\/\/api.w.org\/{rel}","templated":true}]}}