{"id":5526,"date":"2022-04-10T15:55:42","date_gmt":"2022-04-10T13:55:42","guid":{"rendered":"https:\/\/www.elgo-sruby.pl\/?page_id=5526"},"modified":"2025-01-20T14:09:43","modified_gmt":"2025-01-20T13:09:43","slug":"nity-jak-wybrac-odpowiedni-rodzaj","status":"publish","type":"page","link":"https:\/\/elgo.pl\/en\/nity-jak-wybrac-odpowiedni-rodzaj\/","title":{"rendered":"Nity &#8211; jak wybra\u0107 odpowiedni rodzaj?"},"content":{"rendered":"","protected":false},"excerpt":{"rendered":"","protected":false},"author":2125,"featured_media":0,"parent":0,"menu_order":0,"comment_status":"closed","ping_status":"closed","template":"","meta":{"_acf_changed":false,"footnotes":""},"class_list":["post-5526","page","type-page","status-publish","hentry"],"acf":[],"yoast_head":"<!-- This site is optimized with the Yoast SEO plugin v27.3 - https:\/\/yoast.com\/product\/yoast-seo-wordpress\/ -->\n<title>Nity - jak wybra\u0107 odpowiedni rodzaj? - ELGO \u015aruby<\/title>\n<meta name=\"description\" content=\"Obecnie na rynku wyst\u0119puje wiele rodzaj\u00f3w nit\u00f3w. To, na kt\u00f3ry z nich wybierzemy, zale\u017cy od wielu czynnik\u00f3w, a szczeg\u00f3lnie od rodzaju materia\u0142u, kt\u00f3ry ma zosta\u0107 poddany obr\u00f3bce.\" \/>\n<meta name=\"robots\" content=\"noindex, nofollow\" \/>\n<meta property=\"og:locale\" content=\"en_US\" \/>\n<meta property=\"og:type\" content=\"article\" \/>\n<meta property=\"og:title\" content=\"Nity - jak wybra\u0107 odpowiedni rodzaj? - ELGO \u015aruby\" \/>\n<meta property=\"og:description\" content=\"Obecnie na rynku wyst\u0119puje wiele rodzaj\u00f3w nit\u00f3w. To, na kt\u00f3ry z nich wybierzemy, zale\u017cy od wielu czynnik\u00f3w, a szczeg\u00f3lnie od rodzaju materia\u0142u, kt\u00f3ry ma zosta\u0107 poddany obr\u00f3bce.\" \/>\n<meta property=\"og:url\" content=\"https:\/\/elgo.pl\/en\/nity-jak-wybrac-odpowiedni-rodzaj\/\" \/>\n<meta property=\"og:site_name\" content=\"ELGO \u015aruby\" \/>\n<meta property=\"article:modified_time\" content=\"2025-01-20T13:09:43+00:00\" \/>\n<meta name=\"twitter:card\" content=\"summary_large_image\" \/>\n<script type=\"application\/ld+json\" class=\"yoast-schema-graph\">{\"@context\":\"https:\\\/\\\/schema.org\",\"@graph\":[{\"@type\":\"WebPage\",\"@id\":\"https:\\\/\\\/elgo.pl\\\/en\\\/nity-jak-wybrac-odpowiedni-rodzaj\\\/\",\"url\":\"https:\\\/\\\/elgo.pl\\\/en\\\/nity-jak-wybrac-odpowiedni-rodzaj\\\/\",\"name\":\"Nity - jak wybra\u0107 odpowiedni rodzaj? - ELGO \u015aruby\",\"isPartOf\":{\"@id\":\"https:\\\/\\\/elgo.pl\\\/#website\"},\"datePublished\":\"2022-04-10T13:55:42+00:00\",\"dateModified\":\"2025-01-20T13:09:43+00:00\",\"description\":\"Obecnie na rynku wyst\u0119puje wiele rodzaj\u00f3w nit\u00f3w. To, na kt\u00f3ry z nich wybierzemy, zale\u017cy od wielu czynnik\u00f3w, a szczeg\u00f3lnie od rodzaju materia\u0142u, kt\u00f3ry ma zosta\u0107 poddany obr\u00f3bce.\",\"breadcrumb\":{\"@id\":\"https:\\\/\\\/elgo.pl\\\/en\\\/nity-jak-wybrac-odpowiedni-rodzaj\\\/#breadcrumb\"},\"inLanguage\":\"en-US\",\"potentialAction\":[{\"@type\":\"ReadAction\",\"target\":[\"https:\\\/\\\/elgo.pl\\\/en\\\/nity-jak-wybrac-odpowiedni-rodzaj\\\/\"]}]},{\"@type\":\"BreadcrumbList\",\"@id\":\"https:\\\/\\\/elgo.pl\\\/en\\\/nity-jak-wybrac-odpowiedni-rodzaj\\\/#breadcrumb\",\"itemListElement\":[{\"@type\":\"ListItem\",\"position\":1,\"name\":\"Strona g\u0142\u00f3wna\",\"item\":\"https:\\\/\\\/elgo.pl\\\/en\\\/\"},{\"@type\":\"ListItem\",\"position\":2,\"name\":\"Nity &#8211; jak wybra\u0107 odpowiedni rodzaj?\"}]},{\"@type\":\"WebSite\",\"@id\":\"https:\\\/\\\/elgo.pl\\\/#website\",\"url\":\"https:\\\/\\\/elgo.pl\\\/\",\"name\":\"Elgo\",\"description\":\"ELGO takes special products, Bolts for flange bolts acid-resistant, in zinc plating, issues certificates. See product catalog.\",\"potentialAction\":[{\"@type\":\"SearchAction\",\"target\":{\"@type\":\"EntryPoint\",\"urlTemplate\":\"https:\\\/\\\/elgo.pl\\\/?s={search_term_string}\"},\"query-input\":{\"@type\":\"PropertyValueSpecification\",\"valueRequired\":true,\"valueName\":\"search_term_string\"}}],\"inLanguage\":\"en-US\"}]}<\/script>\n<!-- \/ Yoast SEO plugin. -->","yoast_head_json":{"title":"Nity - jak wybra\u0107 odpowiedni rodzaj? - ELGO \u015aruby","description":"Obecnie na rynku wyst\u0119puje wiele rodzaj\u00f3w nit\u00f3w. To, na kt\u00f3ry z nich wybierzemy, zale\u017cy od wielu czynnik\u00f3w, a szczeg\u00f3lnie od rodzaju materia\u0142u, kt\u00f3ry ma zosta\u0107 poddany obr\u00f3bce.","robots":{"index":"noindex","follow":"nofollow"},"og_locale":"en_US","og_type":"article","og_title":"Nity - jak wybra\u0107 odpowiedni rodzaj? - ELGO \u015aruby","og_description":"Obecnie na rynku wyst\u0119puje wiele rodzaj\u00f3w nit\u00f3w. To, na kt\u00f3ry z nich wybierzemy, zale\u017cy od wielu czynnik\u00f3w, a szczeg\u00f3lnie od rodzaju materia\u0142u, kt\u00f3ry ma zosta\u0107 poddany obr\u00f3bce.","og_url":"https:\/\/elgo.pl\/en\/nity-jak-wybrac-odpowiedni-rodzaj\/","og_site_name":"ELGO \u015aruby","article_modified_time":"2025-01-20T13:09:43+00:00","twitter_card":"summary_large_image","schema":{"@context":"https:\/\/schema.org","@graph":[{"@type":"WebPage","@id":"https:\/\/elgo.pl\/en\/nity-jak-wybrac-odpowiedni-rodzaj\/","url":"https:\/\/elgo.pl\/en\/nity-jak-wybrac-odpowiedni-rodzaj\/","name":"Nity - jak wybra\u0107 odpowiedni rodzaj? - ELGO \u015aruby","isPartOf":{"@id":"https:\/\/elgo.pl\/#website"},"datePublished":"2022-04-10T13:55:42+00:00","dateModified":"2025-01-20T13:09:43+00:00","description":"Obecnie na rynku wyst\u0119puje wiele rodzaj\u00f3w nit\u00f3w. To, na kt\u00f3ry z nich wybierzemy, zale\u017cy od wielu czynnik\u00f3w, a szczeg\u00f3lnie od rodzaju materia\u0142u, kt\u00f3ry ma zosta\u0107 poddany obr\u00f3bce.","breadcrumb":{"@id":"https:\/\/elgo.pl\/en\/nity-jak-wybrac-odpowiedni-rodzaj\/#breadcrumb"},"inLanguage":"en-US","potentialAction":[{"@type":"ReadAction","target":["https:\/\/elgo.pl\/en\/nity-jak-wybrac-odpowiedni-rodzaj\/"]}]},{"@type":"BreadcrumbList","@id":"https:\/\/elgo.pl\/en\/nity-jak-wybrac-odpowiedni-rodzaj\/#breadcrumb","itemListElement":[{"@type":"ListItem","position":1,"name":"Strona g\u0142\u00f3wna","item":"https:\/\/elgo.pl\/en\/"},{"@type":"ListItem","position":2,"name":"Nity &#8211; jak wybra\u0107 odpowiedni rodzaj?"}]},{"@type":"WebSite","@id":"https:\/\/elgo.pl\/#website","url":"https:\/\/elgo.pl\/","name":"Elgo","description":"ELGO takes special products, Bolts for flange bolts acid-resistant, in zinc plating, issues certificates. See product catalog.","potentialAction":[{"@type":"SearchAction","target":{"@type":"EntryPoint","urlTemplate":"https:\/\/elgo.pl\/?s={search_term_string}"},"query-input":{"@type":"PropertyValueSpecification","valueRequired":true,"valueName":"search_term_string"}}],"inLanguage":"en-US"}]}},"_links":{"self":[{"href":"https:\/\/elgo.pl\/en\/wp-json\/wp\/v2\/pages\/5526","targetHints":{"allow":["GET"]}}],"collection":[{"href":"https:\/\/elgo.pl\/en\/wp-json\/wp\/v2\/pages"}],"about":[{"href":"https:\/\/elgo.pl\/en\/wp-json\/wp\/v2\/types\/page"}],"author":[{"embeddable":true,"href":"https:\/\/elgo.pl\/en\/wp-json\/wp\/v2\/users\/2125"}],"replies":[{"embeddable":true,"href":"https:\/\/elgo.pl\/en\/wp-json\/wp\/v2\/comments?post=5526"}],"version-history":[{"count":1,"href":"https:\/\/elgo.pl\/en\/wp-json\/wp\/v2\/pages\/5526\/revisions"}],"predecessor-version":[{"id":5687,"href":"https:\/\/elgo.pl\/en\/wp-json\/wp\/v2\/pages\/5526\/revisions\/5687"}],"wp:attachment":[{"href":"https:\/\/elgo.pl\/en\/wp-json\/wp\/v2\/media?parent=5526"}],"curies":[{"name":"wp","href":"https:\/\/api.w.org\/{rel}","templated":true}]}}