{"id":5538,"date":"2022-06-11T22:02:46","date_gmt":"2022-06-11T20:02:46","guid":{"rendered":"https:\/\/www.elgo-sruby.pl\/?page_id=5538"},"modified":"2022-06-11T22:03:26","modified_gmt":"2022-06-11T20:03:26","slug":"sruby-pasowane-jaka-jest-ich-budowa-i-charakterystyka","status":"publish","type":"page","link":"https:\/\/elgo.pl\/en\/sruby-pasowane-jaka-jest-ich-budowa-i-charakterystyka\/","title":{"rendered":"\u015aruby pasowane jaka jest ich budowa i&nbsp;charakterystyka"},"content":{"rendered":"","protected":false},"excerpt":{"rendered":"","protected":false},"author":2125,"featured_media":0,"parent":0,"menu_order":0,"comment_status":"closed","ping_status":"closed","template":"","meta":{"_acf_changed":false,"footnotes":""},"class_list":["post-5538","page","type-page","status-publish","hentry"],"acf":[],"yoast_head":"<!-- This site is optimized with the Yoast SEO plugin v27.3 - https:\/\/yoast.com\/product\/yoast-seo-wordpress\/ -->\n<title>\u015aruby pasowane jaka jest ich budowa i charakterystyka - ELGO \u015aruby<\/title>\n<meta name=\"description\" content=\"\u015aruby pasowane s\u0105 jednym z rodzaj\u00f3w \u015brub i \u0142\u0105cznik\u00f3w, kt\u00f3re mo\u017cna wykorzysta\u0107 do realizacji pewnych prac i zada\u0144. To, co ich wyr\u00f3\u017cnia od innych tego typu element\u00f3w z\u0142\u0105cznych, to przede wszystkim do\u015b\u0107 specyficzna konstrukcja.\" \/>\n<meta name=\"robots\" content=\"noindex, nofollow\" \/>\n<meta property=\"og:locale\" content=\"en_US\" \/>\n<meta property=\"og:type\" content=\"article\" \/>\n<meta property=\"og:title\" content=\"\u015aruby pasowane jaka jest ich budowa i charakterystyka - ELGO \u015aruby\" \/>\n<meta property=\"og:description\" content=\"\u015aruby pasowane s\u0105 jednym z rodzaj\u00f3w \u015brub i \u0142\u0105cznik\u00f3w, kt\u00f3re mo\u017cna wykorzysta\u0107 do realizacji pewnych prac i zada\u0144. To, co ich wyr\u00f3\u017cnia od innych tego typu element\u00f3w z\u0142\u0105cznych, to przede wszystkim do\u015b\u0107 specyficzna konstrukcja.\" \/>\n<meta property=\"og:url\" content=\"https:\/\/elgo.pl\/en\/sruby-pasowane-jaka-jest-ich-budowa-i-charakterystyka\/\" \/>\n<meta property=\"og:site_name\" content=\"ELGO \u015aruby\" \/>\n<meta property=\"article:modified_time\" content=\"2022-06-11T20:03:26+00:00\" \/>\n<meta name=\"twitter:card\" content=\"summary_large_image\" \/>\n<script type=\"application\/ld+json\" class=\"yoast-schema-graph\">{\"@context\":\"https:\\\/\\\/schema.org\",\"@graph\":[{\"@type\":\"WebPage\",\"@id\":\"https:\\\/\\\/elgo.pl\\\/en\\\/sruby-pasowane-jaka-jest-ich-budowa-i-charakterystyka\\\/\",\"url\":\"https:\\\/\\\/elgo.pl\\\/en\\\/sruby-pasowane-jaka-jest-ich-budowa-i-charakterystyka\\\/\",\"name\":\"\u015aruby pasowane jaka jest ich budowa i charakterystyka - ELGO \u015aruby\",\"isPartOf\":{\"@id\":\"https:\\\/\\\/elgo.pl\\\/#website\"},\"datePublished\":\"2022-06-11T20:02:46+00:00\",\"dateModified\":\"2022-06-11T20:03:26+00:00\",\"description\":\"\u015aruby pasowane s\u0105 jednym z rodzaj\u00f3w \u015brub i \u0142\u0105cznik\u00f3w, kt\u00f3re mo\u017cna wykorzysta\u0107 do realizacji pewnych prac i zada\u0144. To, co ich wyr\u00f3\u017cnia od innych tego typu element\u00f3w z\u0142\u0105cznych, to przede wszystkim do\u015b\u0107 specyficzna konstrukcja.\",\"breadcrumb\":{\"@id\":\"https:\\\/\\\/elgo.pl\\\/en\\\/sruby-pasowane-jaka-jest-ich-budowa-i-charakterystyka\\\/#breadcrumb\"},\"inLanguage\":\"en-US\",\"potentialAction\":[{\"@type\":\"ReadAction\",\"target\":[\"https:\\\/\\\/elgo.pl\\\/en\\\/sruby-pasowane-jaka-jest-ich-budowa-i-charakterystyka\\\/\"]}]},{\"@type\":\"BreadcrumbList\",\"@id\":\"https:\\\/\\\/elgo.pl\\\/en\\\/sruby-pasowane-jaka-jest-ich-budowa-i-charakterystyka\\\/#breadcrumb\",\"itemListElement\":[{\"@type\":\"ListItem\",\"position\":1,\"name\":\"Strona g\u0142\u00f3wna\",\"item\":\"https:\\\/\\\/elgo.pl\\\/en\\\/\"},{\"@type\":\"ListItem\",\"position\":2,\"name\":\"\u015aruby pasowane jaka jest ich budowa i&nbsp;charakterystyka\"}]},{\"@type\":\"WebSite\",\"@id\":\"https:\\\/\\\/elgo.pl\\\/#website\",\"url\":\"https:\\\/\\\/elgo.pl\\\/\",\"name\":\"Elgo\",\"description\":\"ELGO takes special products, Bolts for flange bolts acid-resistant, in zinc plating, issues certificates. See product catalog.\",\"potentialAction\":[{\"@type\":\"SearchAction\",\"target\":{\"@type\":\"EntryPoint\",\"urlTemplate\":\"https:\\\/\\\/elgo.pl\\\/?s={search_term_string}\"},\"query-input\":{\"@type\":\"PropertyValueSpecification\",\"valueRequired\":true,\"valueName\":\"search_term_string\"}}],\"inLanguage\":\"en-US\"}]}<\/script>\n<!-- \/ Yoast SEO plugin. -->","yoast_head_json":{"title":"\u015aruby pasowane jaka jest ich budowa i charakterystyka - ELGO \u015aruby","description":"\u015aruby pasowane s\u0105 jednym z rodzaj\u00f3w \u015brub i \u0142\u0105cznik\u00f3w, kt\u00f3re mo\u017cna wykorzysta\u0107 do realizacji pewnych prac i zada\u0144. To, co ich wyr\u00f3\u017cnia od innych tego typu element\u00f3w z\u0142\u0105cznych, to przede wszystkim do\u015b\u0107 specyficzna konstrukcja.","robots":{"index":"noindex","follow":"nofollow"},"og_locale":"en_US","og_type":"article","og_title":"\u015aruby pasowane jaka jest ich budowa i charakterystyka - ELGO \u015aruby","og_description":"\u015aruby pasowane s\u0105 jednym z rodzaj\u00f3w \u015brub i \u0142\u0105cznik\u00f3w, kt\u00f3re mo\u017cna wykorzysta\u0107 do realizacji pewnych prac i zada\u0144. To, co ich wyr\u00f3\u017cnia od innych tego typu element\u00f3w z\u0142\u0105cznych, to przede wszystkim do\u015b\u0107 specyficzna konstrukcja.","og_url":"https:\/\/elgo.pl\/en\/sruby-pasowane-jaka-jest-ich-budowa-i-charakterystyka\/","og_site_name":"ELGO \u015aruby","article_modified_time":"2022-06-11T20:03:26+00:00","twitter_card":"summary_large_image","schema":{"@context":"https:\/\/schema.org","@graph":[{"@type":"WebPage","@id":"https:\/\/elgo.pl\/en\/sruby-pasowane-jaka-jest-ich-budowa-i-charakterystyka\/","url":"https:\/\/elgo.pl\/en\/sruby-pasowane-jaka-jest-ich-budowa-i-charakterystyka\/","name":"\u015aruby pasowane jaka jest ich budowa i charakterystyka - ELGO \u015aruby","isPartOf":{"@id":"https:\/\/elgo.pl\/#website"},"datePublished":"2022-06-11T20:02:46+00:00","dateModified":"2022-06-11T20:03:26+00:00","description":"\u015aruby pasowane s\u0105 jednym z rodzaj\u00f3w \u015brub i \u0142\u0105cznik\u00f3w, kt\u00f3re mo\u017cna wykorzysta\u0107 do realizacji pewnych prac i zada\u0144. To, co ich wyr\u00f3\u017cnia od innych tego typu element\u00f3w z\u0142\u0105cznych, to przede wszystkim do\u015b\u0107 specyficzna konstrukcja.","breadcrumb":{"@id":"https:\/\/elgo.pl\/en\/sruby-pasowane-jaka-jest-ich-budowa-i-charakterystyka\/#breadcrumb"},"inLanguage":"en-US","potentialAction":[{"@type":"ReadAction","target":["https:\/\/elgo.pl\/en\/sruby-pasowane-jaka-jest-ich-budowa-i-charakterystyka\/"]}]},{"@type":"BreadcrumbList","@id":"https:\/\/elgo.pl\/en\/sruby-pasowane-jaka-jest-ich-budowa-i-charakterystyka\/#breadcrumb","itemListElement":[{"@type":"ListItem","position":1,"name":"Strona g\u0142\u00f3wna","item":"https:\/\/elgo.pl\/en\/"},{"@type":"ListItem","position":2,"name":"\u015aruby pasowane jaka jest ich budowa i&nbsp;charakterystyka"}]},{"@type":"WebSite","@id":"https:\/\/elgo.pl\/#website","url":"https:\/\/elgo.pl\/","name":"Elgo","description":"ELGO takes special products, Bolts for flange bolts acid-resistant, in zinc plating, issues certificates. See product catalog.","potentialAction":[{"@type":"SearchAction","target":{"@type":"EntryPoint","urlTemplate":"https:\/\/elgo.pl\/?s={search_term_string}"},"query-input":{"@type":"PropertyValueSpecification","valueRequired":true,"valueName":"search_term_string"}}],"inLanguage":"en-US"}]}},"_links":{"self":[{"href":"https:\/\/elgo.pl\/en\/wp-json\/wp\/v2\/pages\/5538","targetHints":{"allow":["GET"]}}],"collection":[{"href":"https:\/\/elgo.pl\/en\/wp-json\/wp\/v2\/pages"}],"about":[{"href":"https:\/\/elgo.pl\/en\/wp-json\/wp\/v2\/types\/page"}],"author":[{"embeddable":true,"href":"https:\/\/elgo.pl\/en\/wp-json\/wp\/v2\/users\/2125"}],"replies":[{"embeddable":true,"href":"https:\/\/elgo.pl\/en\/wp-json\/wp\/v2\/comments?post=5538"}],"version-history":[{"count":0,"href":"https:\/\/elgo.pl\/en\/wp-json\/wp\/v2\/pages\/5538\/revisions"}],"wp:attachment":[{"href":"https:\/\/elgo.pl\/en\/wp-json\/wp\/v2\/media?parent=5538"}],"curies":[{"name":"wp","href":"https:\/\/api.w.org\/{rel}","templated":true}]}}