{"id":5543,"date":"2022-06-11T22:08:02","date_gmt":"2022-06-11T20:08:02","guid":{"rendered":"https:\/\/www.elgo-sruby.pl\/?page_id=5543"},"modified":"2022-06-11T22:11:48","modified_gmt":"2022-06-11T20:11:48","slug":"wkrety-samowiercace-jakie-sa-ich-rodzaje","status":"publish","type":"page","link":"https:\/\/elgo.pl\/en\/wkrety-samowiercace-jakie-sa-ich-rodzaje\/","title":{"rendered":"Wkr\u0119ty samowierc\u0105ce jakie s\u0105 ich rodzaje?"},"content":{"rendered":"","protected":false},"excerpt":{"rendered":"","protected":false},"author":2125,"featured_media":0,"parent":0,"menu_order":0,"comment_status":"closed","ping_status":"closed","template":"","meta":{"_acf_changed":false,"footnotes":""},"class_list":["post-5543","page","type-page","status-publish","hentry"],"acf":[],"yoast_head":"<!-- This site is optimized with the Yoast SEO plugin v27.3 - https:\/\/yoast.com\/product\/yoast-seo-wordpress\/ -->\n<title>Wkr\u0119ty samowierc\u0105ce jakie s\u0105 ich rodzaje? - ELGO \u015aruby<\/title>\n<meta name=\"description\" content=\"Wkr\u0119ty s\u0105 elementami z\u0142\u0105czonymi, kt\u00f3re maj\u0105 szerokie spektrum zastosowania i\u00a0mog\u0105 by\u0107 wykorzystywane w\u00a0bardzo wielu pacach w\u00a0tym m.in. budowalnych i\u00a0remontowych.\" \/>\n<meta name=\"robots\" content=\"noindex, nofollow\" \/>\n<meta property=\"og:locale\" content=\"en_US\" \/>\n<meta property=\"og:type\" content=\"article\" \/>\n<meta property=\"og:title\" content=\"Wkr\u0119ty samowierc\u0105ce jakie s\u0105 ich rodzaje? - ELGO \u015aruby\" \/>\n<meta property=\"og:description\" content=\"Wkr\u0119ty s\u0105 elementami z\u0142\u0105czonymi, kt\u00f3re maj\u0105 szerokie spektrum zastosowania i\u00a0mog\u0105 by\u0107 wykorzystywane w\u00a0bardzo wielu pacach w\u00a0tym m.in. budowalnych i\u00a0remontowych.\" \/>\n<meta property=\"og:url\" content=\"https:\/\/elgo.pl\/en\/wkrety-samowiercace-jakie-sa-ich-rodzaje\/\" \/>\n<meta property=\"og:site_name\" content=\"ELGO \u015aruby\" \/>\n<meta property=\"article:modified_time\" content=\"2022-06-11T20:11:48+00:00\" \/>\n<meta name=\"twitter:card\" content=\"summary_large_image\" \/>\n<script type=\"application\/ld+json\" class=\"yoast-schema-graph\">{\"@context\":\"https:\\\/\\\/schema.org\",\"@graph\":[{\"@type\":\"WebPage\",\"@id\":\"https:\\\/\\\/elgo.pl\\\/en\\\/wkrety-samowiercace-jakie-sa-ich-rodzaje\\\/\",\"url\":\"https:\\\/\\\/elgo.pl\\\/en\\\/wkrety-samowiercace-jakie-sa-ich-rodzaje\\\/\",\"name\":\"Wkr\u0119ty samowierc\u0105ce jakie s\u0105 ich rodzaje? - ELGO \u015aruby\",\"isPartOf\":{\"@id\":\"https:\\\/\\\/elgo.pl\\\/#website\"},\"datePublished\":\"2022-06-11T20:08:02+00:00\",\"dateModified\":\"2022-06-11T20:11:48+00:00\",\"description\":\"Wkr\u0119ty s\u0105 elementami z\u0142\u0105czonymi, kt\u00f3re maj\u0105 szerokie spektrum zastosowania i\u00a0mog\u0105 by\u0107 wykorzystywane w\u00a0bardzo wielu pacach w\u00a0tym m.in. budowalnych i\u00a0remontowych.\",\"breadcrumb\":{\"@id\":\"https:\\\/\\\/elgo.pl\\\/en\\\/wkrety-samowiercace-jakie-sa-ich-rodzaje\\\/#breadcrumb\"},\"inLanguage\":\"en-US\",\"potentialAction\":[{\"@type\":\"ReadAction\",\"target\":[\"https:\\\/\\\/elgo.pl\\\/en\\\/wkrety-samowiercace-jakie-sa-ich-rodzaje\\\/\"]}]},{\"@type\":\"BreadcrumbList\",\"@id\":\"https:\\\/\\\/elgo.pl\\\/en\\\/wkrety-samowiercace-jakie-sa-ich-rodzaje\\\/#breadcrumb\",\"itemListElement\":[{\"@type\":\"ListItem\",\"position\":1,\"name\":\"Strona g\u0142\u00f3wna\",\"item\":\"https:\\\/\\\/elgo.pl\\\/en\\\/\"},{\"@type\":\"ListItem\",\"position\":2,\"name\":\"Wkr\u0119ty samowierc\u0105ce jakie s\u0105 ich rodzaje?\"}]},{\"@type\":\"WebSite\",\"@id\":\"https:\\\/\\\/elgo.pl\\\/#website\",\"url\":\"https:\\\/\\\/elgo.pl\\\/\",\"name\":\"Elgo\",\"description\":\"ELGO takes special products, Bolts for flange bolts acid-resistant, in zinc plating, issues certificates. See product catalog.\",\"potentialAction\":[{\"@type\":\"SearchAction\",\"target\":{\"@type\":\"EntryPoint\",\"urlTemplate\":\"https:\\\/\\\/elgo.pl\\\/?s={search_term_string}\"},\"query-input\":{\"@type\":\"PropertyValueSpecification\",\"valueRequired\":true,\"valueName\":\"search_term_string\"}}],\"inLanguage\":\"en-US\"}]}<\/script>\n<!-- \/ Yoast SEO plugin. -->","yoast_head_json":{"title":"Wkr\u0119ty samowierc\u0105ce jakie s\u0105 ich rodzaje? - ELGO \u015aruby","description":"Wkr\u0119ty s\u0105 elementami z\u0142\u0105czonymi, kt\u00f3re maj\u0105 szerokie spektrum zastosowania i\u00a0mog\u0105 by\u0107 wykorzystywane w\u00a0bardzo wielu pacach w\u00a0tym m.in. budowalnych i\u00a0remontowych.","robots":{"index":"noindex","follow":"nofollow"},"og_locale":"en_US","og_type":"article","og_title":"Wkr\u0119ty samowierc\u0105ce jakie s\u0105 ich rodzaje? - ELGO \u015aruby","og_description":"Wkr\u0119ty s\u0105 elementami z\u0142\u0105czonymi, kt\u00f3re maj\u0105 szerokie spektrum zastosowania i\u00a0mog\u0105 by\u0107 wykorzystywane w\u00a0bardzo wielu pacach w\u00a0tym m.in. budowalnych i\u00a0remontowych.","og_url":"https:\/\/elgo.pl\/en\/wkrety-samowiercace-jakie-sa-ich-rodzaje\/","og_site_name":"ELGO \u015aruby","article_modified_time":"2022-06-11T20:11:48+00:00","twitter_card":"summary_large_image","schema":{"@context":"https:\/\/schema.org","@graph":[{"@type":"WebPage","@id":"https:\/\/elgo.pl\/en\/wkrety-samowiercace-jakie-sa-ich-rodzaje\/","url":"https:\/\/elgo.pl\/en\/wkrety-samowiercace-jakie-sa-ich-rodzaje\/","name":"Wkr\u0119ty samowierc\u0105ce jakie s\u0105 ich rodzaje? - ELGO \u015aruby","isPartOf":{"@id":"https:\/\/elgo.pl\/#website"},"datePublished":"2022-06-11T20:08:02+00:00","dateModified":"2022-06-11T20:11:48+00:00","description":"Wkr\u0119ty s\u0105 elementami z\u0142\u0105czonymi, kt\u00f3re maj\u0105 szerokie spektrum zastosowania i\u00a0mog\u0105 by\u0107 wykorzystywane w\u00a0bardzo wielu pacach w\u00a0tym m.in. budowalnych i\u00a0remontowych.","breadcrumb":{"@id":"https:\/\/elgo.pl\/en\/wkrety-samowiercace-jakie-sa-ich-rodzaje\/#breadcrumb"},"inLanguage":"en-US","potentialAction":[{"@type":"ReadAction","target":["https:\/\/elgo.pl\/en\/wkrety-samowiercace-jakie-sa-ich-rodzaje\/"]}]},{"@type":"BreadcrumbList","@id":"https:\/\/elgo.pl\/en\/wkrety-samowiercace-jakie-sa-ich-rodzaje\/#breadcrumb","itemListElement":[{"@type":"ListItem","position":1,"name":"Strona g\u0142\u00f3wna","item":"https:\/\/elgo.pl\/en\/"},{"@type":"ListItem","position":2,"name":"Wkr\u0119ty samowierc\u0105ce jakie s\u0105 ich rodzaje?"}]},{"@type":"WebSite","@id":"https:\/\/elgo.pl\/#website","url":"https:\/\/elgo.pl\/","name":"Elgo","description":"ELGO takes special products, Bolts for flange bolts acid-resistant, in zinc plating, issues certificates. See product catalog.","potentialAction":[{"@type":"SearchAction","target":{"@type":"EntryPoint","urlTemplate":"https:\/\/elgo.pl\/?s={search_term_string}"},"query-input":{"@type":"PropertyValueSpecification","valueRequired":true,"valueName":"search_term_string"}}],"inLanguage":"en-US"}]}},"_links":{"self":[{"href":"https:\/\/elgo.pl\/en\/wp-json\/wp\/v2\/pages\/5543","targetHints":{"allow":["GET"]}}],"collection":[{"href":"https:\/\/elgo.pl\/en\/wp-json\/wp\/v2\/pages"}],"about":[{"href":"https:\/\/elgo.pl\/en\/wp-json\/wp\/v2\/types\/page"}],"author":[{"embeddable":true,"href":"https:\/\/elgo.pl\/en\/wp-json\/wp\/v2\/users\/2125"}],"replies":[{"embeddable":true,"href":"https:\/\/elgo.pl\/en\/wp-json\/wp\/v2\/comments?post=5543"}],"version-history":[{"count":0,"href":"https:\/\/elgo.pl\/en\/wp-json\/wp\/v2\/pages\/5543\/revisions"}],"wp:attachment":[{"href":"https:\/\/elgo.pl\/en\/wp-json\/wp\/v2\/media?parent=5543"}],"curies":[{"name":"wp","href":"https:\/\/api.w.org\/{rel}","templated":true}]}}