{"id":5593,"date":"2022-07-28T14:00:27","date_gmt":"2022-07-28T12:00:27","guid":{"rendered":"https:\/\/www.elgo-sruby.pl\/?page_id=5593"},"modified":"2025-01-20T11:29:21","modified_gmt":"2025-01-20T10:29:21","slug":"walcowanie-gwintow-uslugi-na-zamowienie","status":"publish","type":"page","link":"https:\/\/elgo.pl\/en\/walcowanie-gwintow-uslugi-na-zamowienie\/","title":{"rendered":"Walcowanie gwint\u00f3w &#8211; us\u0142ugi na&nbsp;zam\u00f3wienie"},"content":{"rendered":"","protected":false},"excerpt":{"rendered":"","protected":false},"author":2125,"featured_media":5556,"parent":0,"menu_order":1,"comment_status":"closed","ping_status":"closed","template":"","meta":{"_acf_changed":false,"footnotes":""},"class_list":["post-5593","page","type-page","status-publish","has-post-thumbnail","hentry"],"acf":[],"yoast_head":"<!-- This site is optimized with the Yoast SEO plugin v27.3 - https:\/\/yoast.com\/product\/yoast-seo-wordpress\/ -->\n<title>Walcowanie gwint\u00f3w - us\u0142ugi na zam\u00f3wienie - ELGO \u015aruby<\/title>\n<meta name=\"description\" content=\"Elgo oferuje us\u0142ugowe walcowanie gwint\u00f3w metrycznych, trapezowych, drobnozwojnych, calowych, wg\u0142\u0119bne (poprzeczne) i przelotowe, od M8 do M72\" \/>\n<meta name=\"robots\" content=\"noindex, nofollow\" \/>\n<meta property=\"og:locale\" content=\"en_US\" \/>\n<meta property=\"og:type\" content=\"article\" \/>\n<meta property=\"og:title\" content=\"Walcowanie gwint\u00f3w - us\u0142ugi na zam\u00f3wienie - ELGO \u015aruby\" \/>\n<meta property=\"og:description\" content=\"Elgo oferuje us\u0142ugowe walcowanie gwint\u00f3w metrycznych, trapezowych, drobnozwojnych, calowych, wg\u0142\u0119bne (poprzeczne) i przelotowe, od M8 do M72\" \/>\n<meta property=\"og:url\" content=\"https:\/\/elgo.pl\/en\/walcowanie-gwintow-uslugi-na-zamowienie\/\" \/>\n<meta property=\"og:site_name\" content=\"ELGO \u015aruby\" \/>\n<meta property=\"article:modified_time\" content=\"2025-01-20T10:29:21+00:00\" \/>\n<meta property=\"og:image\" content=\"https:\/\/elgo.pl\/wp-content\/uploads\/2020\/06\/prety-gwintowane-din-975.jpg\" \/>\n\t<meta property=\"og:image:width\" content=\"1904\" \/>\n\t<meta property=\"og:image:height\" content=\"1903\" \/>\n\t<meta property=\"og:image:type\" content=\"image\/jpeg\" \/>\n<meta name=\"twitter:card\" content=\"summary_large_image\" \/>\n<meta name=\"twitter:label1\" content=\"Est. reading time\" \/>\n\t<meta name=\"twitter:data1\" content=\"1 minute\" \/>\n<script type=\"application\/ld+json\" class=\"yoast-schema-graph\">{\"@context\":\"https:\\\/\\\/schema.org\",\"@graph\":[{\"@type\":\"WebPage\",\"@id\":\"https:\\\/\\\/elgo.pl\\\/en\\\/walcowanie-gwintow-uslugi-na-zamowienie\\\/\",\"url\":\"https:\\\/\\\/elgo.pl\\\/en\\\/walcowanie-gwintow-uslugi-na-zamowienie\\\/\",\"name\":\"Walcowanie gwint\u00f3w - us\u0142ugi na zam\u00f3wienie - ELGO \u015aruby\",\"isPartOf\":{\"@id\":\"https:\\\/\\\/elgo.pl\\\/#website\"},\"primaryImageOfPage\":{\"@id\":\"https:\\\/\\\/elgo.pl\\\/en\\\/walcowanie-gwintow-uslugi-na-zamowienie\\\/#primaryimage\"},\"image\":{\"@id\":\"https:\\\/\\\/elgo.pl\\\/en\\\/walcowanie-gwintow-uslugi-na-zamowienie\\\/#primaryimage\"},\"thumbnailUrl\":\"https:\\\/\\\/elgo.pl\\\/wp-content\\\/uploads\\\/2020\\\/06\\\/prety-gwintowane-din-975.jpg\",\"datePublished\":\"2022-07-28T12:00:27+00:00\",\"dateModified\":\"2025-01-20T10:29:21+00:00\",\"description\":\"Elgo oferuje us\u0142ugowe walcowanie gwint\u00f3w metrycznych, trapezowych, drobnozwojnych, calowych, wg\u0142\u0119bne (poprzeczne) i przelotowe, od M8 do M72\",\"breadcrumb\":{\"@id\":\"https:\\\/\\\/elgo.pl\\\/en\\\/walcowanie-gwintow-uslugi-na-zamowienie\\\/#breadcrumb\"},\"inLanguage\":\"en-US\",\"potentialAction\":[{\"@type\":\"ReadAction\",\"target\":[\"https:\\\/\\\/elgo.pl\\\/en\\\/walcowanie-gwintow-uslugi-na-zamowienie\\\/\"]}]},{\"@type\":\"ImageObject\",\"inLanguage\":\"en-US\",\"@id\":\"https:\\\/\\\/elgo.pl\\\/en\\\/walcowanie-gwintow-uslugi-na-zamowienie\\\/#primaryimage\",\"url\":\"https:\\\/\\\/elgo.pl\\\/wp-content\\\/uploads\\\/2020\\\/06\\\/prety-gwintowane-din-975.jpg\",\"contentUrl\":\"https:\\\/\\\/elgo.pl\\\/wp-content\\\/uploads\\\/2020\\\/06\\\/prety-gwintowane-din-975.jpg\",\"width\":1904,\"height\":1903,\"caption\":\"szpilki walcowane\"},{\"@type\":\"BreadcrumbList\",\"@id\":\"https:\\\/\\\/elgo.pl\\\/en\\\/walcowanie-gwintow-uslugi-na-zamowienie\\\/#breadcrumb\",\"itemListElement\":[{\"@type\":\"ListItem\",\"position\":1,\"name\":\"Strona g\u0142\u00f3wna\",\"item\":\"https:\\\/\\\/elgo.pl\\\/en\\\/\"},{\"@type\":\"ListItem\",\"position\":2,\"name\":\"Walcowanie gwint\u00f3w &#8211; us\u0142ugi na&nbsp;zam\u00f3wienie\"}]},{\"@type\":\"WebSite\",\"@id\":\"https:\\\/\\\/elgo.pl\\\/#website\",\"url\":\"https:\\\/\\\/elgo.pl\\\/\",\"name\":\"Elgo\",\"description\":\"ELGO takes special products, Bolts for flange bolts acid-resistant, in zinc plating, issues certificates. See product catalog.\",\"potentialAction\":[{\"@type\":\"SearchAction\",\"target\":{\"@type\":\"EntryPoint\",\"urlTemplate\":\"https:\\\/\\\/elgo.pl\\\/?s={search_term_string}\"},\"query-input\":{\"@type\":\"PropertyValueSpecification\",\"valueRequired\":true,\"valueName\":\"search_term_string\"}}],\"inLanguage\":\"en-US\"}]}<\/script>\n<!-- \/ Yoast SEO plugin. -->","yoast_head_json":{"title":"Walcowanie gwint\u00f3w - us\u0142ugi na zam\u00f3wienie - ELGO \u015aruby","description":"Elgo oferuje us\u0142ugowe walcowanie gwint\u00f3w metrycznych, trapezowych, drobnozwojnych, calowych, wg\u0142\u0119bne (poprzeczne) i przelotowe, od M8 do M72","robots":{"index":"noindex","follow":"nofollow"},"og_locale":"en_US","og_type":"article","og_title":"Walcowanie gwint\u00f3w - us\u0142ugi na zam\u00f3wienie - ELGO \u015aruby","og_description":"Elgo oferuje us\u0142ugowe walcowanie gwint\u00f3w metrycznych, trapezowych, drobnozwojnych, calowych, wg\u0142\u0119bne (poprzeczne) i przelotowe, od M8 do M72","og_url":"https:\/\/elgo.pl\/en\/walcowanie-gwintow-uslugi-na-zamowienie\/","og_site_name":"ELGO \u015aruby","article_modified_time":"2025-01-20T10:29:21+00:00","og_image":[{"width":1904,"height":1903,"url":"https:\/\/elgo.pl\/wp-content\/uploads\/2020\/06\/prety-gwintowane-din-975.jpg","type":"image\/jpeg"}],"twitter_card":"summary_large_image","twitter_misc":{"Est. reading time":"1 minute"},"schema":{"@context":"https:\/\/schema.org","@graph":[{"@type":"WebPage","@id":"https:\/\/elgo.pl\/en\/walcowanie-gwintow-uslugi-na-zamowienie\/","url":"https:\/\/elgo.pl\/en\/walcowanie-gwintow-uslugi-na-zamowienie\/","name":"Walcowanie gwint\u00f3w - us\u0142ugi na zam\u00f3wienie - ELGO \u015aruby","isPartOf":{"@id":"https:\/\/elgo.pl\/#website"},"primaryImageOfPage":{"@id":"https:\/\/elgo.pl\/en\/walcowanie-gwintow-uslugi-na-zamowienie\/#primaryimage"},"image":{"@id":"https:\/\/elgo.pl\/en\/walcowanie-gwintow-uslugi-na-zamowienie\/#primaryimage"},"thumbnailUrl":"https:\/\/elgo.pl\/wp-content\/uploads\/2020\/06\/prety-gwintowane-din-975.jpg","datePublished":"2022-07-28T12:00:27+00:00","dateModified":"2025-01-20T10:29:21+00:00","description":"Elgo oferuje us\u0142ugowe walcowanie gwint\u00f3w metrycznych, trapezowych, drobnozwojnych, calowych, wg\u0142\u0119bne (poprzeczne) i przelotowe, od M8 do M72","breadcrumb":{"@id":"https:\/\/elgo.pl\/en\/walcowanie-gwintow-uslugi-na-zamowienie\/#breadcrumb"},"inLanguage":"en-US","potentialAction":[{"@type":"ReadAction","target":["https:\/\/elgo.pl\/en\/walcowanie-gwintow-uslugi-na-zamowienie\/"]}]},{"@type":"ImageObject","inLanguage":"en-US","@id":"https:\/\/elgo.pl\/en\/walcowanie-gwintow-uslugi-na-zamowienie\/#primaryimage","url":"https:\/\/elgo.pl\/wp-content\/uploads\/2020\/06\/prety-gwintowane-din-975.jpg","contentUrl":"https:\/\/elgo.pl\/wp-content\/uploads\/2020\/06\/prety-gwintowane-din-975.jpg","width":1904,"height":1903,"caption":"szpilki walcowane"},{"@type":"BreadcrumbList","@id":"https:\/\/elgo.pl\/en\/walcowanie-gwintow-uslugi-na-zamowienie\/#breadcrumb","itemListElement":[{"@type":"ListItem","position":1,"name":"Strona g\u0142\u00f3wna","item":"https:\/\/elgo.pl\/en\/"},{"@type":"ListItem","position":2,"name":"Walcowanie gwint\u00f3w &#8211; us\u0142ugi na&nbsp;zam\u00f3wienie"}]},{"@type":"WebSite","@id":"https:\/\/elgo.pl\/#website","url":"https:\/\/elgo.pl\/","name":"Elgo","description":"ELGO takes special products, Bolts for flange bolts acid-resistant, in zinc plating, issues certificates. See product catalog.","potentialAction":[{"@type":"SearchAction","target":{"@type":"EntryPoint","urlTemplate":"https:\/\/elgo.pl\/?s={search_term_string}"},"query-input":{"@type":"PropertyValueSpecification","valueRequired":true,"valueName":"search_term_string"}}],"inLanguage":"en-US"}]}},"_links":{"self":[{"href":"https:\/\/elgo.pl\/en\/wp-json\/wp\/v2\/pages\/5593","targetHints":{"allow":["GET"]}}],"collection":[{"href":"https:\/\/elgo.pl\/en\/wp-json\/wp\/v2\/pages"}],"about":[{"href":"https:\/\/elgo.pl\/en\/wp-json\/wp\/v2\/types\/page"}],"author":[{"embeddable":true,"href":"https:\/\/elgo.pl\/en\/wp-json\/wp\/v2\/users\/2125"}],"replies":[{"embeddable":true,"href":"https:\/\/elgo.pl\/en\/wp-json\/wp\/v2\/comments?post=5593"}],"version-history":[{"count":2,"href":"https:\/\/elgo.pl\/en\/wp-json\/wp\/v2\/pages\/5593\/revisions"}],"predecessor-version":[{"id":6832,"href":"https:\/\/elgo.pl\/en\/wp-json\/wp\/v2\/pages\/5593\/revisions\/6832"}],"wp:featuredmedia":[{"embeddable":true,"href":"https:\/\/elgo.pl\/en\/wp-json\/wp\/v2\/media\/5556"}],"wp:attachment":[{"href":"https:\/\/elgo.pl\/en\/wp-json\/wp\/v2\/media?parent=5593"}],"curies":[{"name":"wp","href":"https:\/\/api.w.org\/{rel}","templated":true}]}}