{"id":5607,"date":"2022-08-13T09:32:59","date_gmt":"2022-08-13T07:32:59","guid":{"rendered":"https:\/\/www.elgo-sruby.pl\/?page_id=5607"},"modified":"2022-08-13T09:32:59","modified_gmt":"2022-08-13T07:32:59","slug":"jakie-sa-zalety-srub-nierdzewnych","status":"publish","type":"page","link":"https:\/\/elgo.pl\/en\/jakie-sa-zalety-srub-nierdzewnych\/","title":{"rendered":"Jakie s\u0105 zalety \u015brub nierdzewnych?"},"content":{"rendered":"","protected":false},"excerpt":{"rendered":"","protected":false},"author":2125,"featured_media":0,"parent":0,"menu_order":0,"comment_status":"closed","ping_status":"closed","template":"","meta":{"_acf_changed":false,"footnotes":""},"class_list":["post-5607","page","type-page","status-publish","hentry"],"acf":[],"yoast_head":"<!-- This site is optimized with the Yoast SEO plugin v27.3 - https:\/\/yoast.com\/product\/yoast-seo-wordpress\/ -->\n<title>Jakie s\u0105 zalety \u015brub nierdzewnych? - ELGO \u015aruby<\/title>\n<meta name=\"description\" content=\"Po\u0142\u0105czenie \u015brubowe jest \u015bwietnym rozwi\u0105zaniem, je\u015bli zale\u017cy nam na zespoleniu element\u00f3w, kt\u00f3re chcemy zamontowa\u0107.\" \/>\n<meta name=\"robots\" content=\"noindex, nofollow\" \/>\n<meta property=\"og:locale\" content=\"en_US\" \/>\n<meta property=\"og:type\" content=\"article\" \/>\n<meta property=\"og:title\" content=\"Jakie s\u0105 zalety \u015brub nierdzewnych? - ELGO \u015aruby\" \/>\n<meta property=\"og:description\" content=\"Po\u0142\u0105czenie \u015brubowe jest \u015bwietnym rozwi\u0105zaniem, je\u015bli zale\u017cy nam na zespoleniu element\u00f3w, kt\u00f3re chcemy zamontowa\u0107.\" \/>\n<meta property=\"og:url\" content=\"https:\/\/elgo.pl\/en\/jakie-sa-zalety-srub-nierdzewnych\/\" \/>\n<meta property=\"og:site_name\" content=\"ELGO \u015aruby\" \/>\n<meta name=\"twitter:card\" content=\"summary_large_image\" \/>\n<script type=\"application\/ld+json\" class=\"yoast-schema-graph\">{\"@context\":\"https:\\\/\\\/schema.org\",\"@graph\":[{\"@type\":\"WebPage\",\"@id\":\"https:\\\/\\\/elgo.pl\\\/en\\\/jakie-sa-zalety-srub-nierdzewnych\\\/\",\"url\":\"https:\\\/\\\/elgo.pl\\\/en\\\/jakie-sa-zalety-srub-nierdzewnych\\\/\",\"name\":\"Jakie s\u0105 zalety \u015brub nierdzewnych? - ELGO \u015aruby\",\"isPartOf\":{\"@id\":\"https:\\\/\\\/elgo.pl\\\/#website\"},\"datePublished\":\"2022-08-13T07:32:59+00:00\",\"description\":\"Po\u0142\u0105czenie \u015brubowe jest \u015bwietnym rozwi\u0105zaniem, je\u015bli zale\u017cy nam na zespoleniu element\u00f3w, kt\u00f3re chcemy zamontowa\u0107.\",\"breadcrumb\":{\"@id\":\"https:\\\/\\\/elgo.pl\\\/en\\\/jakie-sa-zalety-srub-nierdzewnych\\\/#breadcrumb\"},\"inLanguage\":\"en-US\",\"potentialAction\":[{\"@type\":\"ReadAction\",\"target\":[\"https:\\\/\\\/elgo.pl\\\/en\\\/jakie-sa-zalety-srub-nierdzewnych\\\/\"]}]},{\"@type\":\"BreadcrumbList\",\"@id\":\"https:\\\/\\\/elgo.pl\\\/en\\\/jakie-sa-zalety-srub-nierdzewnych\\\/#breadcrumb\",\"itemListElement\":[{\"@type\":\"ListItem\",\"position\":1,\"name\":\"Strona g\u0142\u00f3wna\",\"item\":\"https:\\\/\\\/elgo.pl\\\/en\\\/\"},{\"@type\":\"ListItem\",\"position\":2,\"name\":\"Jakie s\u0105 zalety \u015brub nierdzewnych?\"}]},{\"@type\":\"WebSite\",\"@id\":\"https:\\\/\\\/elgo.pl\\\/#website\",\"url\":\"https:\\\/\\\/elgo.pl\\\/\",\"name\":\"Elgo\",\"description\":\"ELGO takes special products, Bolts for flange bolts acid-resistant, in zinc plating, issues certificates. See product catalog.\",\"potentialAction\":[{\"@type\":\"SearchAction\",\"target\":{\"@type\":\"EntryPoint\",\"urlTemplate\":\"https:\\\/\\\/elgo.pl\\\/?s={search_term_string}\"},\"query-input\":{\"@type\":\"PropertyValueSpecification\",\"valueRequired\":true,\"valueName\":\"search_term_string\"}}],\"inLanguage\":\"en-US\"}]}<\/script>\n<!-- \/ Yoast SEO plugin. -->","yoast_head_json":{"title":"Jakie s\u0105 zalety \u015brub nierdzewnych? - ELGO \u015aruby","description":"Po\u0142\u0105czenie \u015brubowe jest \u015bwietnym rozwi\u0105zaniem, je\u015bli zale\u017cy nam na zespoleniu element\u00f3w, kt\u00f3re chcemy zamontowa\u0107.","robots":{"index":"noindex","follow":"nofollow"},"og_locale":"en_US","og_type":"article","og_title":"Jakie s\u0105 zalety \u015brub nierdzewnych? - ELGO \u015aruby","og_description":"Po\u0142\u0105czenie \u015brubowe jest \u015bwietnym rozwi\u0105zaniem, je\u015bli zale\u017cy nam na zespoleniu element\u00f3w, kt\u00f3re chcemy zamontowa\u0107.","og_url":"https:\/\/elgo.pl\/en\/jakie-sa-zalety-srub-nierdzewnych\/","og_site_name":"ELGO \u015aruby","twitter_card":"summary_large_image","schema":{"@context":"https:\/\/schema.org","@graph":[{"@type":"WebPage","@id":"https:\/\/elgo.pl\/en\/jakie-sa-zalety-srub-nierdzewnych\/","url":"https:\/\/elgo.pl\/en\/jakie-sa-zalety-srub-nierdzewnych\/","name":"Jakie s\u0105 zalety \u015brub nierdzewnych? - ELGO \u015aruby","isPartOf":{"@id":"https:\/\/elgo.pl\/#website"},"datePublished":"2022-08-13T07:32:59+00:00","description":"Po\u0142\u0105czenie \u015brubowe jest \u015bwietnym rozwi\u0105zaniem, je\u015bli zale\u017cy nam na zespoleniu element\u00f3w, kt\u00f3re chcemy zamontowa\u0107.","breadcrumb":{"@id":"https:\/\/elgo.pl\/en\/jakie-sa-zalety-srub-nierdzewnych\/#breadcrumb"},"inLanguage":"en-US","potentialAction":[{"@type":"ReadAction","target":["https:\/\/elgo.pl\/en\/jakie-sa-zalety-srub-nierdzewnych\/"]}]},{"@type":"BreadcrumbList","@id":"https:\/\/elgo.pl\/en\/jakie-sa-zalety-srub-nierdzewnych\/#breadcrumb","itemListElement":[{"@type":"ListItem","position":1,"name":"Strona g\u0142\u00f3wna","item":"https:\/\/elgo.pl\/en\/"},{"@type":"ListItem","position":2,"name":"Jakie s\u0105 zalety \u015brub nierdzewnych?"}]},{"@type":"WebSite","@id":"https:\/\/elgo.pl\/#website","url":"https:\/\/elgo.pl\/","name":"Elgo","description":"ELGO takes special products, Bolts for flange bolts acid-resistant, in zinc plating, issues certificates. See product catalog.","potentialAction":[{"@type":"SearchAction","target":{"@type":"EntryPoint","urlTemplate":"https:\/\/elgo.pl\/?s={search_term_string}"},"query-input":{"@type":"PropertyValueSpecification","valueRequired":true,"valueName":"search_term_string"}}],"inLanguage":"en-US"}]}},"_links":{"self":[{"href":"https:\/\/elgo.pl\/en\/wp-json\/wp\/v2\/pages\/5607","targetHints":{"allow":["GET"]}}],"collection":[{"href":"https:\/\/elgo.pl\/en\/wp-json\/wp\/v2\/pages"}],"about":[{"href":"https:\/\/elgo.pl\/en\/wp-json\/wp\/v2\/types\/page"}],"author":[{"embeddable":true,"href":"https:\/\/elgo.pl\/en\/wp-json\/wp\/v2\/users\/2125"}],"replies":[{"embeddable":true,"href":"https:\/\/elgo.pl\/en\/wp-json\/wp\/v2\/comments?post=5607"}],"version-history":[{"count":0,"href":"https:\/\/elgo.pl\/en\/wp-json\/wp\/v2\/pages\/5607\/revisions"}],"wp:attachment":[{"href":"https:\/\/elgo.pl\/en\/wp-json\/wp\/v2\/media?parent=5607"}],"curies":[{"name":"wp","href":"https:\/\/api.w.org\/{rel}","templated":true}]}}