{"id":5612,"date":"2022-08-13T09:37:07","date_gmt":"2022-08-13T07:37:07","guid":{"rendered":"https:\/\/www.elgo-sruby.pl\/?page_id=5612"},"modified":"2022-08-13T11:48:25","modified_gmt":"2022-08-13T09:48:25","slug":"oznaczenie-na-srubach-jak-je-czytac","status":"publish","type":"page","link":"https:\/\/elgo.pl\/en\/oznaczenie-na-srubach-jak-je-czytac\/","title":{"rendered":"Oznaczenie na&nbsp;\u015brubach &#8211; jak je czyta\u0107?"},"content":{"rendered":"","protected":false},"excerpt":{"rendered":"","protected":false},"author":2125,"featured_media":0,"parent":0,"menu_order":0,"comment_status":"closed","ping_status":"closed","template":"","meta":{"_acf_changed":false,"footnotes":""},"class_list":["post-5612","page","type-page","status-publish","hentry"],"acf":[],"yoast_head":"<!-- This site is optimized with the Yoast SEO plugin v27.3 - https:\/\/yoast.com\/product\/yoast-seo-wordpress\/ -->\n<title>Oznaczenie na \u015brubach - jak je czyta\u0107? - ELGO \u015aruby<\/title>\n<meta name=\"description\" content=\"Korzysta si\u0119 z\u00a0nich w\u00a0bardzo wielu przedsi\u0119wzi\u0119ciach w\u00a0wielu bran\u017cach. Po\u0142\u0105czenie \u015brubowe jest \u015bwietnym rozwi\u0105zaniem, je\u015bli zale\u017cy nam na\u00a0zespoleniu element\u00f3w, kt\u00f3re chcemy zamontowa\u0107.\" \/>\n<meta name=\"robots\" content=\"noindex, nofollow\" \/>\n<meta property=\"og:locale\" content=\"en_US\" \/>\n<meta property=\"og:type\" content=\"article\" \/>\n<meta property=\"og:title\" content=\"Oznaczenie na \u015brubach - jak je czyta\u0107? - ELGO \u015aruby\" \/>\n<meta property=\"og:description\" content=\"Korzysta si\u0119 z\u00a0nich w\u00a0bardzo wielu przedsi\u0119wzi\u0119ciach w\u00a0wielu bran\u017cach. Po\u0142\u0105czenie \u015brubowe jest \u015bwietnym rozwi\u0105zaniem, je\u015bli zale\u017cy nam na\u00a0zespoleniu element\u00f3w, kt\u00f3re chcemy zamontowa\u0107.\" \/>\n<meta property=\"og:url\" content=\"https:\/\/elgo.pl\/en\/oznaczenie-na-srubach-jak-je-czytac\/\" \/>\n<meta property=\"og:site_name\" content=\"ELGO \u015aruby\" \/>\n<meta property=\"article:modified_time\" content=\"2022-08-13T09:48:25+00:00\" \/>\n<meta name=\"twitter:card\" content=\"summary_large_image\" \/>\n<script type=\"application\/ld+json\" class=\"yoast-schema-graph\">{\"@context\":\"https:\\\/\\\/schema.org\",\"@graph\":[{\"@type\":\"WebPage\",\"@id\":\"https:\\\/\\\/elgo.pl\\\/en\\\/oznaczenie-na-srubach-jak-je-czytac\\\/\",\"url\":\"https:\\\/\\\/elgo.pl\\\/en\\\/oznaczenie-na-srubach-jak-je-czytac\\\/\",\"name\":\"Oznaczenie na \u015brubach - jak je czyta\u0107? - ELGO \u015aruby\",\"isPartOf\":{\"@id\":\"https:\\\/\\\/elgo.pl\\\/#website\"},\"datePublished\":\"2022-08-13T07:37:07+00:00\",\"dateModified\":\"2022-08-13T09:48:25+00:00\",\"description\":\"Korzysta si\u0119 z\u00a0nich w\u00a0bardzo wielu przedsi\u0119wzi\u0119ciach w\u00a0wielu bran\u017cach. Po\u0142\u0105czenie \u015brubowe jest \u015bwietnym rozwi\u0105zaniem, je\u015bli zale\u017cy nam na\u00a0zespoleniu element\u00f3w, kt\u00f3re chcemy zamontowa\u0107.\",\"breadcrumb\":{\"@id\":\"https:\\\/\\\/elgo.pl\\\/en\\\/oznaczenie-na-srubach-jak-je-czytac\\\/#breadcrumb\"},\"inLanguage\":\"en-US\",\"potentialAction\":[{\"@type\":\"ReadAction\",\"target\":[\"https:\\\/\\\/elgo.pl\\\/en\\\/oznaczenie-na-srubach-jak-je-czytac\\\/\"]}]},{\"@type\":\"BreadcrumbList\",\"@id\":\"https:\\\/\\\/elgo.pl\\\/en\\\/oznaczenie-na-srubach-jak-je-czytac\\\/#breadcrumb\",\"itemListElement\":[{\"@type\":\"ListItem\",\"position\":1,\"name\":\"Strona g\u0142\u00f3wna\",\"item\":\"https:\\\/\\\/elgo.pl\\\/en\\\/\"},{\"@type\":\"ListItem\",\"position\":2,\"name\":\"Oznaczenie na&nbsp;\u015brubach &#8211; jak je czyta\u0107?\"}]},{\"@type\":\"WebSite\",\"@id\":\"https:\\\/\\\/elgo.pl\\\/#website\",\"url\":\"https:\\\/\\\/elgo.pl\\\/\",\"name\":\"Elgo\",\"description\":\"ELGO takes special products, Bolts for flange bolts acid-resistant, in zinc plating, issues certificates. See product catalog.\",\"potentialAction\":[{\"@type\":\"SearchAction\",\"target\":{\"@type\":\"EntryPoint\",\"urlTemplate\":\"https:\\\/\\\/elgo.pl\\\/?s={search_term_string}\"},\"query-input\":{\"@type\":\"PropertyValueSpecification\",\"valueRequired\":true,\"valueName\":\"search_term_string\"}}],\"inLanguage\":\"en-US\"}]}<\/script>\n<!-- \/ Yoast SEO plugin. -->","yoast_head_json":{"title":"Oznaczenie na \u015brubach - jak je czyta\u0107? - ELGO \u015aruby","description":"Korzysta si\u0119 z\u00a0nich w\u00a0bardzo wielu przedsi\u0119wzi\u0119ciach w\u00a0wielu bran\u017cach. Po\u0142\u0105czenie \u015brubowe jest \u015bwietnym rozwi\u0105zaniem, je\u015bli zale\u017cy nam na\u00a0zespoleniu element\u00f3w, kt\u00f3re chcemy zamontowa\u0107.","robots":{"index":"noindex","follow":"nofollow"},"og_locale":"en_US","og_type":"article","og_title":"Oznaczenie na \u015brubach - jak je czyta\u0107? - ELGO \u015aruby","og_description":"Korzysta si\u0119 z\u00a0nich w\u00a0bardzo wielu przedsi\u0119wzi\u0119ciach w\u00a0wielu bran\u017cach. Po\u0142\u0105czenie \u015brubowe jest \u015bwietnym rozwi\u0105zaniem, je\u015bli zale\u017cy nam na\u00a0zespoleniu element\u00f3w, kt\u00f3re chcemy zamontowa\u0107.","og_url":"https:\/\/elgo.pl\/en\/oznaczenie-na-srubach-jak-je-czytac\/","og_site_name":"ELGO \u015aruby","article_modified_time":"2022-08-13T09:48:25+00:00","twitter_card":"summary_large_image","schema":{"@context":"https:\/\/schema.org","@graph":[{"@type":"WebPage","@id":"https:\/\/elgo.pl\/en\/oznaczenie-na-srubach-jak-je-czytac\/","url":"https:\/\/elgo.pl\/en\/oznaczenie-na-srubach-jak-je-czytac\/","name":"Oznaczenie na \u015brubach - jak je czyta\u0107? - ELGO \u015aruby","isPartOf":{"@id":"https:\/\/elgo.pl\/#website"},"datePublished":"2022-08-13T07:37:07+00:00","dateModified":"2022-08-13T09:48:25+00:00","description":"Korzysta si\u0119 z\u00a0nich w\u00a0bardzo wielu przedsi\u0119wzi\u0119ciach w\u00a0wielu bran\u017cach. Po\u0142\u0105czenie \u015brubowe jest \u015bwietnym rozwi\u0105zaniem, je\u015bli zale\u017cy nam na\u00a0zespoleniu element\u00f3w, kt\u00f3re chcemy zamontowa\u0107.","breadcrumb":{"@id":"https:\/\/elgo.pl\/en\/oznaczenie-na-srubach-jak-je-czytac\/#breadcrumb"},"inLanguage":"en-US","potentialAction":[{"@type":"ReadAction","target":["https:\/\/elgo.pl\/en\/oznaczenie-na-srubach-jak-je-czytac\/"]}]},{"@type":"BreadcrumbList","@id":"https:\/\/elgo.pl\/en\/oznaczenie-na-srubach-jak-je-czytac\/#breadcrumb","itemListElement":[{"@type":"ListItem","position":1,"name":"Strona g\u0142\u00f3wna","item":"https:\/\/elgo.pl\/en\/"},{"@type":"ListItem","position":2,"name":"Oznaczenie na&nbsp;\u015brubach &#8211; jak je czyta\u0107?"}]},{"@type":"WebSite","@id":"https:\/\/elgo.pl\/#website","url":"https:\/\/elgo.pl\/","name":"Elgo","description":"ELGO takes special products, Bolts for flange bolts acid-resistant, in zinc plating, issues certificates. See product catalog.","potentialAction":[{"@type":"SearchAction","target":{"@type":"EntryPoint","urlTemplate":"https:\/\/elgo.pl\/?s={search_term_string}"},"query-input":{"@type":"PropertyValueSpecification","valueRequired":true,"valueName":"search_term_string"}}],"inLanguage":"en-US"}]}},"_links":{"self":[{"href":"https:\/\/elgo.pl\/en\/wp-json\/wp\/v2\/pages\/5612","targetHints":{"allow":["GET"]}}],"collection":[{"href":"https:\/\/elgo.pl\/en\/wp-json\/wp\/v2\/pages"}],"about":[{"href":"https:\/\/elgo.pl\/en\/wp-json\/wp\/v2\/types\/page"}],"author":[{"embeddable":true,"href":"https:\/\/elgo.pl\/en\/wp-json\/wp\/v2\/users\/2125"}],"replies":[{"embeddable":true,"href":"https:\/\/elgo.pl\/en\/wp-json\/wp\/v2\/comments?post=5612"}],"version-history":[{"count":0,"href":"https:\/\/elgo.pl\/en\/wp-json\/wp\/v2\/pages\/5612\/revisions"}],"wp:attachment":[{"href":"https:\/\/elgo.pl\/en\/wp-json\/wp\/v2\/media?parent=5612"}],"curies":[{"name":"wp","href":"https:\/\/api.w.org\/{rel}","templated":true}]}}