{"id":5627,"date":"2022-08-13T12:38:09","date_gmt":"2022-08-13T10:38:09","guid":{"rendered":"https:\/\/www.elgo-sruby.pl\/?page_id=5627"},"modified":"2022-08-29T08:45:39","modified_gmt":"2022-08-29T06:45:39","slug":"blachowkrety-charakterystyka-i-zastosowanie","status":"publish","type":"page","link":"https:\/\/elgo.pl\/en\/blachowkrety-charakterystyka-i-zastosowanie\/","title":{"rendered":"Blachowkr\u0119ty &#8211; charakterystyka i&nbsp;zastosowanie"},"content":{"rendered":"","protected":false},"excerpt":{"rendered":"","protected":false},"author":2125,"featured_media":0,"parent":0,"menu_order":0,"comment_status":"closed","ping_status":"closed","template":"","meta":{"_acf_changed":false,"footnotes":""},"class_list":["post-5627","page","type-page","status-publish","hentry"],"acf":[],"yoast_head":"<!-- This site is optimized with the Yoast SEO plugin v27.3 - https:\/\/yoast.com\/product\/yoast-seo-wordpress\/ -->\n<title>Blachowkr\u0119ty - charakterystyka i zastosowanie - ELGO \u015aruby<\/title>\n<meta name=\"description\" content=\"Blachowkr\u0119ty s\u0105 jednymi z cz\u0119\u015bciej wybieranych rodzaj\u00f3w element\u00f3w z\u0142\u0105cznych, kt\u00f3re zazwyczaj wykorzystuje si\u0119 w tzw. suchej zabudowie.\" \/>\n<meta name=\"robots\" content=\"noindex, nofollow\" \/>\n<meta property=\"og:locale\" content=\"en_US\" \/>\n<meta property=\"og:type\" content=\"article\" \/>\n<meta property=\"og:title\" content=\"Blachowkr\u0119ty - charakterystyka i zastosowanie - ELGO \u015aruby\" \/>\n<meta property=\"og:description\" content=\"Blachowkr\u0119ty s\u0105 jednymi z cz\u0119\u015bciej wybieranych rodzaj\u00f3w element\u00f3w z\u0142\u0105cznych, kt\u00f3re zazwyczaj wykorzystuje si\u0119 w tzw. suchej zabudowie.\" \/>\n<meta property=\"og:url\" content=\"https:\/\/elgo.pl\/en\/blachowkrety-charakterystyka-i-zastosowanie\/\" \/>\n<meta property=\"og:site_name\" content=\"ELGO \u015aruby\" \/>\n<meta property=\"article:modified_time\" content=\"2022-08-29T06:45:39+00:00\" \/>\n<meta name=\"twitter:card\" content=\"summary_large_image\" \/>\n<script type=\"application\/ld+json\" class=\"yoast-schema-graph\">{\"@context\":\"https:\\\/\\\/schema.org\",\"@graph\":[{\"@type\":\"WebPage\",\"@id\":\"https:\\\/\\\/elgo.pl\\\/en\\\/blachowkrety-charakterystyka-i-zastosowanie\\\/\",\"url\":\"https:\\\/\\\/elgo.pl\\\/en\\\/blachowkrety-charakterystyka-i-zastosowanie\\\/\",\"name\":\"Blachowkr\u0119ty - charakterystyka i zastosowanie - ELGO \u015aruby\",\"isPartOf\":{\"@id\":\"https:\\\/\\\/elgo.pl\\\/#website\"},\"datePublished\":\"2022-08-13T10:38:09+00:00\",\"dateModified\":\"2022-08-29T06:45:39+00:00\",\"description\":\"Blachowkr\u0119ty s\u0105 jednymi z cz\u0119\u015bciej wybieranych rodzaj\u00f3w element\u00f3w z\u0142\u0105cznych, kt\u00f3re zazwyczaj wykorzystuje si\u0119 w tzw. suchej zabudowie.\",\"breadcrumb\":{\"@id\":\"https:\\\/\\\/elgo.pl\\\/en\\\/blachowkrety-charakterystyka-i-zastosowanie\\\/#breadcrumb\"},\"inLanguage\":\"en-US\",\"potentialAction\":[{\"@type\":\"ReadAction\",\"target\":[\"https:\\\/\\\/elgo.pl\\\/en\\\/blachowkrety-charakterystyka-i-zastosowanie\\\/\"]}]},{\"@type\":\"BreadcrumbList\",\"@id\":\"https:\\\/\\\/elgo.pl\\\/en\\\/blachowkrety-charakterystyka-i-zastosowanie\\\/#breadcrumb\",\"itemListElement\":[{\"@type\":\"ListItem\",\"position\":1,\"name\":\"Strona g\u0142\u00f3wna\",\"item\":\"https:\\\/\\\/elgo.pl\\\/en\\\/\"},{\"@type\":\"ListItem\",\"position\":2,\"name\":\"Blachowkr\u0119ty &#8211; charakterystyka i&nbsp;zastosowanie\"}]},{\"@type\":\"WebSite\",\"@id\":\"https:\\\/\\\/elgo.pl\\\/#website\",\"url\":\"https:\\\/\\\/elgo.pl\\\/\",\"name\":\"Elgo\",\"description\":\"ELGO takes special products, Bolts for flange bolts acid-resistant, in zinc plating, issues certificates. See product catalog.\",\"potentialAction\":[{\"@type\":\"SearchAction\",\"target\":{\"@type\":\"EntryPoint\",\"urlTemplate\":\"https:\\\/\\\/elgo.pl\\\/?s={search_term_string}\"},\"query-input\":{\"@type\":\"PropertyValueSpecification\",\"valueRequired\":true,\"valueName\":\"search_term_string\"}}],\"inLanguage\":\"en-US\"}]}<\/script>\n<!-- \/ Yoast SEO plugin. -->","yoast_head_json":{"title":"Blachowkr\u0119ty - charakterystyka i zastosowanie - ELGO \u015aruby","description":"Blachowkr\u0119ty s\u0105 jednymi z cz\u0119\u015bciej wybieranych rodzaj\u00f3w element\u00f3w z\u0142\u0105cznych, kt\u00f3re zazwyczaj wykorzystuje si\u0119 w tzw. suchej zabudowie.","robots":{"index":"noindex","follow":"nofollow"},"og_locale":"en_US","og_type":"article","og_title":"Blachowkr\u0119ty - charakterystyka i zastosowanie - ELGO \u015aruby","og_description":"Blachowkr\u0119ty s\u0105 jednymi z cz\u0119\u015bciej wybieranych rodzaj\u00f3w element\u00f3w z\u0142\u0105cznych, kt\u00f3re zazwyczaj wykorzystuje si\u0119 w tzw. suchej zabudowie.","og_url":"https:\/\/elgo.pl\/en\/blachowkrety-charakterystyka-i-zastosowanie\/","og_site_name":"ELGO \u015aruby","article_modified_time":"2022-08-29T06:45:39+00:00","twitter_card":"summary_large_image","schema":{"@context":"https:\/\/schema.org","@graph":[{"@type":"WebPage","@id":"https:\/\/elgo.pl\/en\/blachowkrety-charakterystyka-i-zastosowanie\/","url":"https:\/\/elgo.pl\/en\/blachowkrety-charakterystyka-i-zastosowanie\/","name":"Blachowkr\u0119ty - charakterystyka i zastosowanie - ELGO \u015aruby","isPartOf":{"@id":"https:\/\/elgo.pl\/#website"},"datePublished":"2022-08-13T10:38:09+00:00","dateModified":"2022-08-29T06:45:39+00:00","description":"Blachowkr\u0119ty s\u0105 jednymi z cz\u0119\u015bciej wybieranych rodzaj\u00f3w element\u00f3w z\u0142\u0105cznych, kt\u00f3re zazwyczaj wykorzystuje si\u0119 w tzw. suchej zabudowie.","breadcrumb":{"@id":"https:\/\/elgo.pl\/en\/blachowkrety-charakterystyka-i-zastosowanie\/#breadcrumb"},"inLanguage":"en-US","potentialAction":[{"@type":"ReadAction","target":["https:\/\/elgo.pl\/en\/blachowkrety-charakterystyka-i-zastosowanie\/"]}]},{"@type":"BreadcrumbList","@id":"https:\/\/elgo.pl\/en\/blachowkrety-charakterystyka-i-zastosowanie\/#breadcrumb","itemListElement":[{"@type":"ListItem","position":1,"name":"Strona g\u0142\u00f3wna","item":"https:\/\/elgo.pl\/en\/"},{"@type":"ListItem","position":2,"name":"Blachowkr\u0119ty &#8211; charakterystyka i&nbsp;zastosowanie"}]},{"@type":"WebSite","@id":"https:\/\/elgo.pl\/#website","url":"https:\/\/elgo.pl\/","name":"Elgo","description":"ELGO takes special products, Bolts for flange bolts acid-resistant, in zinc plating, issues certificates. See product catalog.","potentialAction":[{"@type":"SearchAction","target":{"@type":"EntryPoint","urlTemplate":"https:\/\/elgo.pl\/?s={search_term_string}"},"query-input":{"@type":"PropertyValueSpecification","valueRequired":true,"valueName":"search_term_string"}}],"inLanguage":"en-US"}]}},"_links":{"self":[{"href":"https:\/\/elgo.pl\/en\/wp-json\/wp\/v2\/pages\/5627","targetHints":{"allow":["GET"]}}],"collection":[{"href":"https:\/\/elgo.pl\/en\/wp-json\/wp\/v2\/pages"}],"about":[{"href":"https:\/\/elgo.pl\/en\/wp-json\/wp\/v2\/types\/page"}],"author":[{"embeddable":true,"href":"https:\/\/elgo.pl\/en\/wp-json\/wp\/v2\/users\/2125"}],"replies":[{"embeddable":true,"href":"https:\/\/elgo.pl\/en\/wp-json\/wp\/v2\/comments?post=5627"}],"version-history":[{"count":2,"href":"https:\/\/elgo.pl\/en\/wp-json\/wp\/v2\/pages\/5627\/revisions"}],"predecessor-version":[{"id":5736,"href":"https:\/\/elgo.pl\/en\/wp-json\/wp\/v2\/pages\/5627\/revisions\/5736"}],"wp:attachment":[{"href":"https:\/\/elgo.pl\/en\/wp-json\/wp\/v2\/media?parent=5627"}],"curies":[{"name":"wp","href":"https:\/\/api.w.org\/{rel}","templated":true}]}}