{"id":6021,"date":"2023-01-05T19:54:49","date_gmt":"2023-01-05T18:54:49","guid":{"rendered":"https:\/\/www.elgo-sruby.pl\/?page_id=6021"},"modified":"2025-01-20T13:40:37","modified_gmt":"2025-01-20T12:40:37","slug":"co-to-sa-maszyny-cnc-i-w-jaki-sposob-dzialaja-obrabiarki-cnc","status":"publish","type":"page","link":"https:\/\/elgo.pl\/en\/co-to-sa-maszyny-cnc-i-w-jaki-sposob-dzialaja-obrabiarki-cnc\/","title":{"rendered":"Co to s\u0105 maszyny CNC i&nbsp;w jaki spos\u00f3b dzia\u0142aj\u0105 obrabiarki CNC?"},"content":{"rendered":"","protected":false},"excerpt":{"rendered":"","protected":false},"author":2125,"featured_media":0,"parent":0,"menu_order":0,"comment_status":"closed","ping_status":"closed","template":"","meta":{"_acf_changed":false,"footnotes":""},"class_list":["post-6021","page","type-page","status-publish","hentry","blog_categories-obrobka-metali"],"acf":[],"yoast_head":"<!-- This site is optimized with the Yoast SEO plugin v27.3 - https:\/\/yoast.com\/product\/yoast-seo-wordpress\/ -->\n<title>Co to s\u0105 maszyny CNC i w jaki spos\u00f3b dzia\u0142aj\u0105 obrabiarki CNC? - ELGO \u015aruby<\/title>\n<meta name=\"description\" content=\"Czy\u00a0wiesz jednak\u00a0jak dzia\u0142aj\u0105 takie maszyny? Czym wyr\u00f3\u017cniaj\u0105 si\u0119 obrabiarki CNC i\u00a0co sprawia, \u017ce\u00a0ich zastosowanie jest tak popularne.\" \/>\n<meta name=\"robots\" content=\"noindex, nofollow\" \/>\n<meta property=\"og:locale\" content=\"en_US\" \/>\n<meta property=\"og:type\" content=\"article\" \/>\n<meta property=\"og:title\" content=\"Co to s\u0105 maszyny CNC i w jaki spos\u00f3b dzia\u0142aj\u0105 obrabiarki CNC? - ELGO \u015aruby\" \/>\n<meta property=\"og:description\" content=\"Czy\u00a0wiesz jednak\u00a0jak dzia\u0142aj\u0105 takie maszyny? Czym wyr\u00f3\u017cniaj\u0105 si\u0119 obrabiarki CNC i\u00a0co sprawia, \u017ce\u00a0ich zastosowanie jest tak popularne.\" \/>\n<meta property=\"og:url\" content=\"https:\/\/elgo.pl\/en\/co-to-sa-maszyny-cnc-i-w-jaki-sposob-dzialaja-obrabiarki-cnc\/\" \/>\n<meta property=\"og:site_name\" content=\"ELGO \u015aruby\" \/>\n<meta property=\"article:modified_time\" content=\"2025-01-20T12:40:37+00:00\" \/>\n<meta name=\"twitter:card\" content=\"summary_large_image\" \/>\n<script type=\"application\/ld+json\" class=\"yoast-schema-graph\">{\"@context\":\"https:\\\/\\\/schema.org\",\"@graph\":[{\"@type\":\"WebPage\",\"@id\":\"https:\\\/\\\/elgo.pl\\\/en\\\/co-to-sa-maszyny-cnc-i-w-jaki-sposob-dzialaja-obrabiarki-cnc\\\/\",\"url\":\"https:\\\/\\\/elgo.pl\\\/en\\\/co-to-sa-maszyny-cnc-i-w-jaki-sposob-dzialaja-obrabiarki-cnc\\\/\",\"name\":\"Co to s\u0105 maszyny CNC i w jaki spos\u00f3b dzia\u0142aj\u0105 obrabiarki CNC? - ELGO \u015aruby\",\"isPartOf\":{\"@id\":\"https:\\\/\\\/elgo.pl\\\/#website\"},\"datePublished\":\"2023-01-05T18:54:49+00:00\",\"dateModified\":\"2025-01-20T12:40:37+00:00\",\"description\":\"Czy\u00a0wiesz jednak\u00a0jak dzia\u0142aj\u0105 takie maszyny? Czym wyr\u00f3\u017cniaj\u0105 si\u0119 obrabiarki CNC i\u00a0co sprawia, \u017ce\u00a0ich zastosowanie jest tak popularne.\",\"breadcrumb\":{\"@id\":\"https:\\\/\\\/elgo.pl\\\/en\\\/co-to-sa-maszyny-cnc-i-w-jaki-sposob-dzialaja-obrabiarki-cnc\\\/#breadcrumb\"},\"inLanguage\":\"en-US\",\"potentialAction\":[{\"@type\":\"ReadAction\",\"target\":[\"https:\\\/\\\/elgo.pl\\\/en\\\/co-to-sa-maszyny-cnc-i-w-jaki-sposob-dzialaja-obrabiarki-cnc\\\/\"]}]},{\"@type\":\"BreadcrumbList\",\"@id\":\"https:\\\/\\\/elgo.pl\\\/en\\\/co-to-sa-maszyny-cnc-i-w-jaki-sposob-dzialaja-obrabiarki-cnc\\\/#breadcrumb\",\"itemListElement\":[{\"@type\":\"ListItem\",\"position\":1,\"name\":\"Strona g\u0142\u00f3wna\",\"item\":\"https:\\\/\\\/elgo.pl\\\/en\\\/\"},{\"@type\":\"ListItem\",\"position\":2,\"name\":\"Co to s\u0105 maszyny CNC i&nbsp;w jaki spos\u00f3b dzia\u0142aj\u0105 obrabiarki CNC?\"}]},{\"@type\":\"WebSite\",\"@id\":\"https:\\\/\\\/elgo.pl\\\/#website\",\"url\":\"https:\\\/\\\/elgo.pl\\\/\",\"name\":\"Elgo\",\"description\":\"ELGO takes special products, Bolts for flange bolts acid-resistant, in zinc plating, issues certificates. See product catalog.\",\"potentialAction\":[{\"@type\":\"SearchAction\",\"target\":{\"@type\":\"EntryPoint\",\"urlTemplate\":\"https:\\\/\\\/elgo.pl\\\/?s={search_term_string}\"},\"query-input\":{\"@type\":\"PropertyValueSpecification\",\"valueRequired\":true,\"valueName\":\"search_term_string\"}}],\"inLanguage\":\"en-US\"}]}<\/script>\n<!-- \/ Yoast SEO plugin. -->","yoast_head_json":{"title":"Co to s\u0105 maszyny CNC i w jaki spos\u00f3b dzia\u0142aj\u0105 obrabiarki CNC? - ELGO \u015aruby","description":"Czy\u00a0wiesz jednak\u00a0jak dzia\u0142aj\u0105 takie maszyny? Czym wyr\u00f3\u017cniaj\u0105 si\u0119 obrabiarki CNC i\u00a0co sprawia, \u017ce\u00a0ich zastosowanie jest tak popularne.","robots":{"index":"noindex","follow":"nofollow"},"og_locale":"en_US","og_type":"article","og_title":"Co to s\u0105 maszyny CNC i w jaki spos\u00f3b dzia\u0142aj\u0105 obrabiarki CNC? - ELGO \u015aruby","og_description":"Czy\u00a0wiesz jednak\u00a0jak dzia\u0142aj\u0105 takie maszyny? Czym wyr\u00f3\u017cniaj\u0105 si\u0119 obrabiarki CNC i\u00a0co sprawia, \u017ce\u00a0ich zastosowanie jest tak popularne.","og_url":"https:\/\/elgo.pl\/en\/co-to-sa-maszyny-cnc-i-w-jaki-sposob-dzialaja-obrabiarki-cnc\/","og_site_name":"ELGO \u015aruby","article_modified_time":"2025-01-20T12:40:37+00:00","twitter_card":"summary_large_image","schema":{"@context":"https:\/\/schema.org","@graph":[{"@type":"WebPage","@id":"https:\/\/elgo.pl\/en\/co-to-sa-maszyny-cnc-i-w-jaki-sposob-dzialaja-obrabiarki-cnc\/","url":"https:\/\/elgo.pl\/en\/co-to-sa-maszyny-cnc-i-w-jaki-sposob-dzialaja-obrabiarki-cnc\/","name":"Co to s\u0105 maszyny CNC i w jaki spos\u00f3b dzia\u0142aj\u0105 obrabiarki CNC? - ELGO \u015aruby","isPartOf":{"@id":"https:\/\/elgo.pl\/#website"},"datePublished":"2023-01-05T18:54:49+00:00","dateModified":"2025-01-20T12:40:37+00:00","description":"Czy\u00a0wiesz jednak\u00a0jak dzia\u0142aj\u0105 takie maszyny? Czym wyr\u00f3\u017cniaj\u0105 si\u0119 obrabiarki CNC i\u00a0co sprawia, \u017ce\u00a0ich zastosowanie jest tak popularne.","breadcrumb":{"@id":"https:\/\/elgo.pl\/en\/co-to-sa-maszyny-cnc-i-w-jaki-sposob-dzialaja-obrabiarki-cnc\/#breadcrumb"},"inLanguage":"en-US","potentialAction":[{"@type":"ReadAction","target":["https:\/\/elgo.pl\/en\/co-to-sa-maszyny-cnc-i-w-jaki-sposob-dzialaja-obrabiarki-cnc\/"]}]},{"@type":"BreadcrumbList","@id":"https:\/\/elgo.pl\/en\/co-to-sa-maszyny-cnc-i-w-jaki-sposob-dzialaja-obrabiarki-cnc\/#breadcrumb","itemListElement":[{"@type":"ListItem","position":1,"name":"Strona g\u0142\u00f3wna","item":"https:\/\/elgo.pl\/en\/"},{"@type":"ListItem","position":2,"name":"Co to s\u0105 maszyny CNC i&nbsp;w jaki spos\u00f3b dzia\u0142aj\u0105 obrabiarki CNC?"}]},{"@type":"WebSite","@id":"https:\/\/elgo.pl\/#website","url":"https:\/\/elgo.pl\/","name":"Elgo","description":"ELGO takes special products, Bolts for flange bolts acid-resistant, in zinc plating, issues certificates. See product catalog.","potentialAction":[{"@type":"SearchAction","target":{"@type":"EntryPoint","urlTemplate":"https:\/\/elgo.pl\/?s={search_term_string}"},"query-input":{"@type":"PropertyValueSpecification","valueRequired":true,"valueName":"search_term_string"}}],"inLanguage":"en-US"}]}},"_links":{"self":[{"href":"https:\/\/elgo.pl\/en\/wp-json\/wp\/v2\/pages\/6021","targetHints":{"allow":["GET"]}}],"collection":[{"href":"https:\/\/elgo.pl\/en\/wp-json\/wp\/v2\/pages"}],"about":[{"href":"https:\/\/elgo.pl\/en\/wp-json\/wp\/v2\/types\/page"}],"author":[{"embeddable":true,"href":"https:\/\/elgo.pl\/en\/wp-json\/wp\/v2\/users\/2125"}],"replies":[{"embeddable":true,"href":"https:\/\/elgo.pl\/en\/wp-json\/wp\/v2\/comments?post=6021"}],"version-history":[{"count":11,"href":"https:\/\/elgo.pl\/en\/wp-json\/wp\/v2\/pages\/6021\/revisions"}],"predecessor-version":[{"id":6856,"href":"https:\/\/elgo.pl\/en\/wp-json\/wp\/v2\/pages\/6021\/revisions\/6856"}],"wp:attachment":[{"href":"https:\/\/elgo.pl\/en\/wp-json\/wp\/v2\/media?parent=6021"}],"curies":[{"name":"wp","href":"https:\/\/api.w.org\/{rel}","templated":true}]}}