{"id":6107,"date":"2023-05-24T20:48:52","date_gmt":"2023-05-24T18:48:52","guid":{"rendered":"https:\/\/www.elgo-sruby.pl\/?page_id=6107"},"modified":"2025-01-20T13:24:24","modified_gmt":"2025-01-20T12:24:24","slug":"czym-sa-sruby-pasowane-najwazniejsze-informacje-i-specyfikacja","status":"publish","type":"page","link":"https:\/\/elgo.pl\/en\/czym-sa-sruby-pasowane-najwazniejsze-informacje-i-specyfikacja\/","title":{"rendered":"Czym s\u0105 \u015bruby pasowane? Najwa\u017cniejsze informacje i&nbsp;specyfikacja."},"content":{"rendered":"","protected":false},"excerpt":{"rendered":"","protected":false},"author":2125,"featured_media":0,"parent":0,"menu_order":0,"comment_status":"closed","ping_status":"closed","template":"","meta":{"_acf_changed":false,"footnotes":""},"class_list":["post-6107","page","type-page","status-publish","hentry","blog_categories-sruby-i-wkrety"],"acf":[],"yoast_head":"<!-- This site is optimized with the Yoast SEO plugin v27.3 - https:\/\/yoast.com\/product\/yoast-seo-wordpress\/ -->\n<title>Czym s\u0105 \u015bruby pasowane? Najwa\u017cniejsze informacje i specyfikacja. - ELGO \u015aruby<\/title>\n<meta name=\"description\" content=\"\u015aruby pasowane to rodzaj \u015brub, kt\u00f3re wyr\u00f3\u017cniaj\u0105 si\u0119 tym, \u017ce g\u0142adka cz\u0119\u015b\u0107 trzpienia ma wi\u0119ksz\u0105 \u015brednic\u0119 ni\u017c jego cz\u0119\u015b\u0107 nagwintowana. Dzi\u0119ki takiej konstrukcji mo\u017cliwe jest stworzenie precyzyjnego i sztywnego po\u0142\u0105czenia mi\u0119dzy elementami.\" \/>\n<meta name=\"robots\" content=\"noindex, nofollow\" \/>\n<meta property=\"og:locale\" content=\"en_US\" \/>\n<meta property=\"og:type\" content=\"article\" \/>\n<meta property=\"og:title\" content=\"Czym s\u0105 \u015bruby pasowane? Najwa\u017cniejsze informacje i specyfikacja. - ELGO \u015aruby\" \/>\n<meta property=\"og:description\" content=\"\u015aruby pasowane to rodzaj \u015brub, kt\u00f3re wyr\u00f3\u017cniaj\u0105 si\u0119 tym, \u017ce g\u0142adka cz\u0119\u015b\u0107 trzpienia ma wi\u0119ksz\u0105 \u015brednic\u0119 ni\u017c jego cz\u0119\u015b\u0107 nagwintowana. Dzi\u0119ki takiej konstrukcji mo\u017cliwe jest stworzenie precyzyjnego i sztywnego po\u0142\u0105czenia mi\u0119dzy elementami.\" \/>\n<meta property=\"og:url\" content=\"https:\/\/elgo.pl\/en\/czym-sa-sruby-pasowane-najwazniejsze-informacje-i-specyfikacja\/\" \/>\n<meta property=\"og:site_name\" content=\"ELGO \u015aruby\" \/>\n<meta property=\"article:modified_time\" content=\"2025-01-20T12:24:24+00:00\" \/>\n<meta name=\"twitter:card\" content=\"summary_large_image\" \/>\n<script type=\"application\/ld+json\" class=\"yoast-schema-graph\">{\"@context\":\"https:\\\/\\\/schema.org\",\"@graph\":[{\"@type\":\"WebPage\",\"@id\":\"https:\\\/\\\/elgo.pl\\\/en\\\/czym-sa-sruby-pasowane-najwazniejsze-informacje-i-specyfikacja\\\/\",\"url\":\"https:\\\/\\\/elgo.pl\\\/en\\\/czym-sa-sruby-pasowane-najwazniejsze-informacje-i-specyfikacja\\\/\",\"name\":\"Czym s\u0105 \u015bruby pasowane? Najwa\u017cniejsze informacje i specyfikacja. - ELGO \u015aruby\",\"isPartOf\":{\"@id\":\"https:\\\/\\\/elgo.pl\\\/#website\"},\"datePublished\":\"2023-05-24T18:48:52+00:00\",\"dateModified\":\"2025-01-20T12:24:24+00:00\",\"description\":\"\u015aruby pasowane to rodzaj \u015brub, kt\u00f3re wyr\u00f3\u017cniaj\u0105 si\u0119 tym, \u017ce g\u0142adka cz\u0119\u015b\u0107 trzpienia ma wi\u0119ksz\u0105 \u015brednic\u0119 ni\u017c jego cz\u0119\u015b\u0107 nagwintowana. Dzi\u0119ki takiej konstrukcji mo\u017cliwe jest stworzenie precyzyjnego i sztywnego po\u0142\u0105czenia mi\u0119dzy elementami.\",\"breadcrumb\":{\"@id\":\"https:\\\/\\\/elgo.pl\\\/en\\\/czym-sa-sruby-pasowane-najwazniejsze-informacje-i-specyfikacja\\\/#breadcrumb\"},\"inLanguage\":\"en-US\",\"potentialAction\":[{\"@type\":\"ReadAction\",\"target\":[\"https:\\\/\\\/elgo.pl\\\/en\\\/czym-sa-sruby-pasowane-najwazniejsze-informacje-i-specyfikacja\\\/\"]}]},{\"@type\":\"BreadcrumbList\",\"@id\":\"https:\\\/\\\/elgo.pl\\\/en\\\/czym-sa-sruby-pasowane-najwazniejsze-informacje-i-specyfikacja\\\/#breadcrumb\",\"itemListElement\":[{\"@type\":\"ListItem\",\"position\":1,\"name\":\"Strona g\u0142\u00f3wna\",\"item\":\"https:\\\/\\\/elgo.pl\\\/en\\\/\"},{\"@type\":\"ListItem\",\"position\":2,\"name\":\"Czym s\u0105 \u015bruby pasowane? Najwa\u017cniejsze informacje i&nbsp;specyfikacja.\"}]},{\"@type\":\"WebSite\",\"@id\":\"https:\\\/\\\/elgo.pl\\\/#website\",\"url\":\"https:\\\/\\\/elgo.pl\\\/\",\"name\":\"Elgo\",\"description\":\"ELGO takes special products, Bolts for flange bolts acid-resistant, in zinc plating, issues certificates. See product catalog.\",\"potentialAction\":[{\"@type\":\"SearchAction\",\"target\":{\"@type\":\"EntryPoint\",\"urlTemplate\":\"https:\\\/\\\/elgo.pl\\\/?s={search_term_string}\"},\"query-input\":{\"@type\":\"PropertyValueSpecification\",\"valueRequired\":true,\"valueName\":\"search_term_string\"}}],\"inLanguage\":\"en-US\"}]}<\/script>\n<!-- \/ Yoast SEO plugin. -->","yoast_head_json":{"title":"Czym s\u0105 \u015bruby pasowane? Najwa\u017cniejsze informacje i specyfikacja. - ELGO \u015aruby","description":"\u015aruby pasowane to rodzaj \u015brub, kt\u00f3re wyr\u00f3\u017cniaj\u0105 si\u0119 tym, \u017ce g\u0142adka cz\u0119\u015b\u0107 trzpienia ma wi\u0119ksz\u0105 \u015brednic\u0119 ni\u017c jego cz\u0119\u015b\u0107 nagwintowana. Dzi\u0119ki takiej konstrukcji mo\u017cliwe jest stworzenie precyzyjnego i sztywnego po\u0142\u0105czenia mi\u0119dzy elementami.","robots":{"index":"noindex","follow":"nofollow"},"og_locale":"en_US","og_type":"article","og_title":"Czym s\u0105 \u015bruby pasowane? Najwa\u017cniejsze informacje i specyfikacja. - ELGO \u015aruby","og_description":"\u015aruby pasowane to rodzaj \u015brub, kt\u00f3re wyr\u00f3\u017cniaj\u0105 si\u0119 tym, \u017ce g\u0142adka cz\u0119\u015b\u0107 trzpienia ma wi\u0119ksz\u0105 \u015brednic\u0119 ni\u017c jego cz\u0119\u015b\u0107 nagwintowana. Dzi\u0119ki takiej konstrukcji mo\u017cliwe jest stworzenie precyzyjnego i sztywnego po\u0142\u0105czenia mi\u0119dzy elementami.","og_url":"https:\/\/elgo.pl\/en\/czym-sa-sruby-pasowane-najwazniejsze-informacje-i-specyfikacja\/","og_site_name":"ELGO \u015aruby","article_modified_time":"2025-01-20T12:24:24+00:00","twitter_card":"summary_large_image","schema":{"@context":"https:\/\/schema.org","@graph":[{"@type":"WebPage","@id":"https:\/\/elgo.pl\/en\/czym-sa-sruby-pasowane-najwazniejsze-informacje-i-specyfikacja\/","url":"https:\/\/elgo.pl\/en\/czym-sa-sruby-pasowane-najwazniejsze-informacje-i-specyfikacja\/","name":"Czym s\u0105 \u015bruby pasowane? Najwa\u017cniejsze informacje i specyfikacja. - ELGO \u015aruby","isPartOf":{"@id":"https:\/\/elgo.pl\/#website"},"datePublished":"2023-05-24T18:48:52+00:00","dateModified":"2025-01-20T12:24:24+00:00","description":"\u015aruby pasowane to rodzaj \u015brub, kt\u00f3re wyr\u00f3\u017cniaj\u0105 si\u0119 tym, \u017ce g\u0142adka cz\u0119\u015b\u0107 trzpienia ma wi\u0119ksz\u0105 \u015brednic\u0119 ni\u017c jego cz\u0119\u015b\u0107 nagwintowana. Dzi\u0119ki takiej konstrukcji mo\u017cliwe jest stworzenie precyzyjnego i sztywnego po\u0142\u0105czenia mi\u0119dzy elementami.","breadcrumb":{"@id":"https:\/\/elgo.pl\/en\/czym-sa-sruby-pasowane-najwazniejsze-informacje-i-specyfikacja\/#breadcrumb"},"inLanguage":"en-US","potentialAction":[{"@type":"ReadAction","target":["https:\/\/elgo.pl\/en\/czym-sa-sruby-pasowane-najwazniejsze-informacje-i-specyfikacja\/"]}]},{"@type":"BreadcrumbList","@id":"https:\/\/elgo.pl\/en\/czym-sa-sruby-pasowane-najwazniejsze-informacje-i-specyfikacja\/#breadcrumb","itemListElement":[{"@type":"ListItem","position":1,"name":"Strona g\u0142\u00f3wna","item":"https:\/\/elgo.pl\/en\/"},{"@type":"ListItem","position":2,"name":"Czym s\u0105 \u015bruby pasowane? Najwa\u017cniejsze informacje i&nbsp;specyfikacja."}]},{"@type":"WebSite","@id":"https:\/\/elgo.pl\/#website","url":"https:\/\/elgo.pl\/","name":"Elgo","description":"ELGO takes special products, Bolts for flange bolts acid-resistant, in zinc plating, issues certificates. See product catalog.","potentialAction":[{"@type":"SearchAction","target":{"@type":"EntryPoint","urlTemplate":"https:\/\/elgo.pl\/?s={search_term_string}"},"query-input":{"@type":"PropertyValueSpecification","valueRequired":true,"valueName":"search_term_string"}}],"inLanguage":"en-US"}]}},"_links":{"self":[{"href":"https:\/\/elgo.pl\/en\/wp-json\/wp\/v2\/pages\/6107","targetHints":{"allow":["GET"]}}],"collection":[{"href":"https:\/\/elgo.pl\/en\/wp-json\/wp\/v2\/pages"}],"about":[{"href":"https:\/\/elgo.pl\/en\/wp-json\/wp\/v2\/types\/page"}],"author":[{"embeddable":true,"href":"https:\/\/elgo.pl\/en\/wp-json\/wp\/v2\/users\/2125"}],"replies":[{"embeddable":true,"href":"https:\/\/elgo.pl\/en\/wp-json\/wp\/v2\/comments?post=6107"}],"version-history":[{"count":2,"href":"https:\/\/elgo.pl\/en\/wp-json\/wp\/v2\/pages\/6107\/revisions"}],"predecessor-version":[{"id":6842,"href":"https:\/\/elgo.pl\/en\/wp-json\/wp\/v2\/pages\/6107\/revisions\/6842"}],"wp:attachment":[{"href":"https:\/\/elgo.pl\/en\/wp-json\/wp\/v2\/media?parent=6107"}],"curies":[{"name":"wp","href":"https:\/\/api.w.org\/{rel}","templated":true}]}}