{"id":6127,"date":"2023-06-26T19:25:07","date_gmt":"2023-06-26T17:25:07","guid":{"rendered":"https:\/\/www.elgo-sruby.pl\/?page_id=6127"},"modified":"2025-01-20T14:11:19","modified_gmt":"2025-01-20T13:11:19","slug":"jakie-sa-klasy-twardosci-srub","status":"publish","type":"page","link":"https:\/\/elgo.pl\/en\/jakie-sa-klasy-twardosci-srub\/","title":{"rendered":"Jakie s\u0105 klasy twardo\u015bci \u015brub?"},"content":{"rendered":"","protected":false},"excerpt":{"rendered":"","protected":false},"author":2125,"featured_media":0,"parent":0,"menu_order":0,"comment_status":"closed","ping_status":"closed","template":"","meta":{"_acf_changed":false,"footnotes":""},"class_list":["post-6127","page","type-page","status-publish","hentry"],"acf":[],"yoast_head":"<!-- This site is optimized with the Yoast SEO plugin v27.3 - https:\/\/yoast.com\/product\/yoast-seo-wordpress\/ -->\n<title>Jakie s\u0105 klasy twardo\u015bci \u015brub? - ELGO \u015aruby<\/title>\n<meta name=\"description\" content=\"Jak oznaczamy klasy twardo\u015bci i wytrzyma\u0142o\u015bci \u015brub? Zapoznaj si\u0119 z naszym artyku\u0142em i sprawd\u017a co warto wiedzie\u0107?\" \/>\n<meta name=\"robots\" content=\"noindex, nofollow\" \/>\n<meta property=\"og:locale\" content=\"en_US\" \/>\n<meta property=\"og:type\" content=\"article\" \/>\n<meta property=\"og:title\" content=\"Jakie s\u0105 klasy twardo\u015bci \u015brub? - ELGO \u015aruby\" \/>\n<meta property=\"og:description\" content=\"Jak oznaczamy klasy twardo\u015bci i wytrzyma\u0142o\u015bci \u015brub? Zapoznaj si\u0119 z naszym artyku\u0142em i sprawd\u017a co warto wiedzie\u0107?\" \/>\n<meta property=\"og:url\" content=\"https:\/\/elgo.pl\/en\/jakie-sa-klasy-twardosci-srub\/\" \/>\n<meta property=\"og:site_name\" content=\"ELGO \u015aruby\" \/>\n<meta property=\"article:modified_time\" content=\"2025-01-20T13:11:19+00:00\" \/>\n<meta name=\"twitter:card\" content=\"summary_large_image\" \/>\n<script type=\"application\/ld+json\" class=\"yoast-schema-graph\">{\"@context\":\"https:\\\/\\\/schema.org\",\"@graph\":[{\"@type\":\"WebPage\",\"@id\":\"https:\\\/\\\/elgo.pl\\\/en\\\/jakie-sa-klasy-twardosci-srub\\\/\",\"url\":\"https:\\\/\\\/elgo.pl\\\/en\\\/jakie-sa-klasy-twardosci-srub\\\/\",\"name\":\"Jakie s\u0105 klasy twardo\u015bci \u015brub? - ELGO \u015aruby\",\"isPartOf\":{\"@id\":\"https:\\\/\\\/elgo.pl\\\/#website\"},\"datePublished\":\"2023-06-26T17:25:07+00:00\",\"dateModified\":\"2025-01-20T13:11:19+00:00\",\"description\":\"Jak oznaczamy klasy twardo\u015bci i wytrzyma\u0142o\u015bci \u015brub? Zapoznaj si\u0119 z naszym artyku\u0142em i sprawd\u017a co warto wiedzie\u0107?\",\"breadcrumb\":{\"@id\":\"https:\\\/\\\/elgo.pl\\\/en\\\/jakie-sa-klasy-twardosci-srub\\\/#breadcrumb\"},\"inLanguage\":\"en-US\",\"potentialAction\":[{\"@type\":\"ReadAction\",\"target\":[\"https:\\\/\\\/elgo.pl\\\/en\\\/jakie-sa-klasy-twardosci-srub\\\/\"]}]},{\"@type\":\"BreadcrumbList\",\"@id\":\"https:\\\/\\\/elgo.pl\\\/en\\\/jakie-sa-klasy-twardosci-srub\\\/#breadcrumb\",\"itemListElement\":[{\"@type\":\"ListItem\",\"position\":1,\"name\":\"Strona g\u0142\u00f3wna\",\"item\":\"https:\\\/\\\/elgo.pl\\\/en\\\/\"},{\"@type\":\"ListItem\",\"position\":2,\"name\":\"Jakie s\u0105 klasy twardo\u015bci \u015brub?\"}]},{\"@type\":\"WebSite\",\"@id\":\"https:\\\/\\\/elgo.pl\\\/#website\",\"url\":\"https:\\\/\\\/elgo.pl\\\/\",\"name\":\"Elgo\",\"description\":\"ELGO takes special products, Bolts for flange bolts acid-resistant, in zinc plating, issues certificates. See product catalog.\",\"potentialAction\":[{\"@type\":\"SearchAction\",\"target\":{\"@type\":\"EntryPoint\",\"urlTemplate\":\"https:\\\/\\\/elgo.pl\\\/?s={search_term_string}\"},\"query-input\":{\"@type\":\"PropertyValueSpecification\",\"valueRequired\":true,\"valueName\":\"search_term_string\"}}],\"inLanguage\":\"en-US\"}]}<\/script>\n<!-- \/ Yoast SEO plugin. -->","yoast_head_json":{"title":"Jakie s\u0105 klasy twardo\u015bci \u015brub? - ELGO \u015aruby","description":"Jak oznaczamy klasy twardo\u015bci i wytrzyma\u0142o\u015bci \u015brub? Zapoznaj si\u0119 z naszym artyku\u0142em i sprawd\u017a co warto wiedzie\u0107?","robots":{"index":"noindex","follow":"nofollow"},"og_locale":"en_US","og_type":"article","og_title":"Jakie s\u0105 klasy twardo\u015bci \u015brub? - ELGO \u015aruby","og_description":"Jak oznaczamy klasy twardo\u015bci i wytrzyma\u0142o\u015bci \u015brub? Zapoznaj si\u0119 z naszym artyku\u0142em i sprawd\u017a co warto wiedzie\u0107?","og_url":"https:\/\/elgo.pl\/en\/jakie-sa-klasy-twardosci-srub\/","og_site_name":"ELGO \u015aruby","article_modified_time":"2025-01-20T13:11:19+00:00","twitter_card":"summary_large_image","schema":{"@context":"https:\/\/schema.org","@graph":[{"@type":"WebPage","@id":"https:\/\/elgo.pl\/en\/jakie-sa-klasy-twardosci-srub\/","url":"https:\/\/elgo.pl\/en\/jakie-sa-klasy-twardosci-srub\/","name":"Jakie s\u0105 klasy twardo\u015bci \u015brub? - ELGO \u015aruby","isPartOf":{"@id":"https:\/\/elgo.pl\/#website"},"datePublished":"2023-06-26T17:25:07+00:00","dateModified":"2025-01-20T13:11:19+00:00","description":"Jak oznaczamy klasy twardo\u015bci i wytrzyma\u0142o\u015bci \u015brub? Zapoznaj si\u0119 z naszym artyku\u0142em i sprawd\u017a co warto wiedzie\u0107?","breadcrumb":{"@id":"https:\/\/elgo.pl\/en\/jakie-sa-klasy-twardosci-srub\/#breadcrumb"},"inLanguage":"en-US","potentialAction":[{"@type":"ReadAction","target":["https:\/\/elgo.pl\/en\/jakie-sa-klasy-twardosci-srub\/"]}]},{"@type":"BreadcrumbList","@id":"https:\/\/elgo.pl\/en\/jakie-sa-klasy-twardosci-srub\/#breadcrumb","itemListElement":[{"@type":"ListItem","position":1,"name":"Strona g\u0142\u00f3wna","item":"https:\/\/elgo.pl\/en\/"},{"@type":"ListItem","position":2,"name":"Jakie s\u0105 klasy twardo\u015bci \u015brub?"}]},{"@type":"WebSite","@id":"https:\/\/elgo.pl\/#website","url":"https:\/\/elgo.pl\/","name":"Elgo","description":"ELGO takes special products, Bolts for flange bolts acid-resistant, in zinc plating, issues certificates. See product catalog.","potentialAction":[{"@type":"SearchAction","target":{"@type":"EntryPoint","urlTemplate":"https:\/\/elgo.pl\/?s={search_term_string}"},"query-input":{"@type":"PropertyValueSpecification","valueRequired":true,"valueName":"search_term_string"}}],"inLanguage":"en-US"}]}},"_links":{"self":[{"href":"https:\/\/elgo.pl\/en\/wp-json\/wp\/v2\/pages\/6127","targetHints":{"allow":["GET"]}}],"collection":[{"href":"https:\/\/elgo.pl\/en\/wp-json\/wp\/v2\/pages"}],"about":[{"href":"https:\/\/elgo.pl\/en\/wp-json\/wp\/v2\/types\/page"}],"author":[{"embeddable":true,"href":"https:\/\/elgo.pl\/en\/wp-json\/wp\/v2\/users\/2125"}],"replies":[{"embeddable":true,"href":"https:\/\/elgo.pl\/en\/wp-json\/wp\/v2\/comments?post=6127"}],"version-history":[{"count":1,"href":"https:\/\/elgo.pl\/en\/wp-json\/wp\/v2\/pages\/6127\/revisions"}],"predecessor-version":[{"id":6130,"href":"https:\/\/elgo.pl\/en\/wp-json\/wp\/v2\/pages\/6127\/revisions\/6130"}],"wp:attachment":[{"href":"https:\/\/elgo.pl\/en\/wp-json\/wp\/v2\/media?parent=6127"}],"curies":[{"name":"wp","href":"https:\/\/api.w.org\/{rel}","templated":true}]}}