{"id":6141,"date":"2023-07-08T13:21:58","date_gmt":"2023-07-08T11:21:58","guid":{"rendered":"https:\/\/www.elgo-sruby.pl\/?page_id=6141"},"modified":"2025-01-20T13:45:57","modified_gmt":"2025-01-20T12:45:57","slug":"w-jakich-dziedzinach-przemyslu-stosowane-sa-stale-nierdzewne-i-kwasoodporne","status":"publish","type":"page","link":"https:\/\/elgo.pl\/en\/w-jakich-dziedzinach-przemyslu-stosowane-sa-stale-nierdzewne-i-kwasoodporne\/","title":{"rendered":"W jakich dziedzinach przemys\u0142u stosowane s\u0105 stale nierdzewne i&nbsp;kwasoodporne?"},"content":{"rendered":"","protected":false},"excerpt":{"rendered":"","protected":false},"author":2125,"featured_media":0,"parent":0,"menu_order":0,"comment_status":"closed","ping_status":"closed","template":"","meta":{"_acf_changed":false,"footnotes":""},"class_list":["post-6141","page","type-page","status-publish","hentry","blog_categories-stale-i-materialy"],"acf":[],"yoast_head":"<!-- This site is optimized with the Yoast SEO plugin v27.3 - https:\/\/yoast.com\/product\/yoast-seo-wordpress\/ -->\n<title>W jakich dziedzinach przemys\u0142u stosowane s\u0105 stale nierdzewne i kwasoodporne? - ELGO \u015aruby<\/title>\n<meta name=\"description\" content=\"Stal nierdzewna i kwasoodporna s\u0105 niezwykle wszechstronnymi materia\u0142ami, kt\u00f3re znajduj\u0105 szerokie zastosowanie w r\u00f3\u017cnych dziedzinach przemys\u0142u.\" \/>\n<meta name=\"robots\" content=\"noindex, nofollow\" \/>\n<meta property=\"og:locale\" content=\"en_US\" \/>\n<meta property=\"og:type\" content=\"article\" \/>\n<meta property=\"og:title\" content=\"W jakich dziedzinach przemys\u0142u stosowane s\u0105 stale nierdzewne i kwasoodporne? - ELGO \u015aruby\" \/>\n<meta property=\"og:description\" content=\"Stal nierdzewna i kwasoodporna s\u0105 niezwykle wszechstronnymi materia\u0142ami, kt\u00f3re znajduj\u0105 szerokie zastosowanie w r\u00f3\u017cnych dziedzinach przemys\u0142u.\" \/>\n<meta property=\"og:url\" content=\"https:\/\/elgo.pl\/en\/w-jakich-dziedzinach-przemyslu-stosowane-sa-stale-nierdzewne-i-kwasoodporne\/\" \/>\n<meta property=\"og:site_name\" content=\"ELGO \u015aruby\" \/>\n<meta property=\"article:modified_time\" content=\"2025-01-20T12:45:57+00:00\" \/>\n<meta name=\"twitter:card\" content=\"summary_large_image\" \/>\n<script type=\"application\/ld+json\" class=\"yoast-schema-graph\">{\"@context\":\"https:\\\/\\\/schema.org\",\"@graph\":[{\"@type\":\"WebPage\",\"@id\":\"https:\\\/\\\/elgo.pl\\\/en\\\/w-jakich-dziedzinach-przemyslu-stosowane-sa-stale-nierdzewne-i-kwasoodporne\\\/\",\"url\":\"https:\\\/\\\/elgo.pl\\\/en\\\/w-jakich-dziedzinach-przemyslu-stosowane-sa-stale-nierdzewne-i-kwasoodporne\\\/\",\"name\":\"W jakich dziedzinach przemys\u0142u stosowane s\u0105 stale nierdzewne i kwasoodporne? - ELGO \u015aruby\",\"isPartOf\":{\"@id\":\"https:\\\/\\\/elgo.pl\\\/#website\"},\"datePublished\":\"2023-07-08T11:21:58+00:00\",\"dateModified\":\"2025-01-20T12:45:57+00:00\",\"description\":\"Stal nierdzewna i kwasoodporna s\u0105 niezwykle wszechstronnymi materia\u0142ami, kt\u00f3re znajduj\u0105 szerokie zastosowanie w r\u00f3\u017cnych dziedzinach przemys\u0142u.\",\"breadcrumb\":{\"@id\":\"https:\\\/\\\/elgo.pl\\\/en\\\/w-jakich-dziedzinach-przemyslu-stosowane-sa-stale-nierdzewne-i-kwasoodporne\\\/#breadcrumb\"},\"inLanguage\":\"en-US\",\"potentialAction\":[{\"@type\":\"ReadAction\",\"target\":[\"https:\\\/\\\/elgo.pl\\\/en\\\/w-jakich-dziedzinach-przemyslu-stosowane-sa-stale-nierdzewne-i-kwasoodporne\\\/\"]}]},{\"@type\":\"BreadcrumbList\",\"@id\":\"https:\\\/\\\/elgo.pl\\\/en\\\/w-jakich-dziedzinach-przemyslu-stosowane-sa-stale-nierdzewne-i-kwasoodporne\\\/#breadcrumb\",\"itemListElement\":[{\"@type\":\"ListItem\",\"position\":1,\"name\":\"Strona g\u0142\u00f3wna\",\"item\":\"https:\\\/\\\/elgo.pl\\\/en\\\/\"},{\"@type\":\"ListItem\",\"position\":2,\"name\":\"W jakich dziedzinach przemys\u0142u stosowane s\u0105 stale nierdzewne i&nbsp;kwasoodporne?\"}]},{\"@type\":\"WebSite\",\"@id\":\"https:\\\/\\\/elgo.pl\\\/#website\",\"url\":\"https:\\\/\\\/elgo.pl\\\/\",\"name\":\"Elgo\",\"description\":\"ELGO takes special products, Bolts for flange bolts acid-resistant, in zinc plating, issues certificates. See product catalog.\",\"potentialAction\":[{\"@type\":\"SearchAction\",\"target\":{\"@type\":\"EntryPoint\",\"urlTemplate\":\"https:\\\/\\\/elgo.pl\\\/?s={search_term_string}\"},\"query-input\":{\"@type\":\"PropertyValueSpecification\",\"valueRequired\":true,\"valueName\":\"search_term_string\"}}],\"inLanguage\":\"en-US\"}]}<\/script>\n<!-- \/ Yoast SEO plugin. -->","yoast_head_json":{"title":"W jakich dziedzinach przemys\u0142u stosowane s\u0105 stale nierdzewne i kwasoodporne? - ELGO \u015aruby","description":"Stal nierdzewna i kwasoodporna s\u0105 niezwykle wszechstronnymi materia\u0142ami, kt\u00f3re znajduj\u0105 szerokie zastosowanie w r\u00f3\u017cnych dziedzinach przemys\u0142u.","robots":{"index":"noindex","follow":"nofollow"},"og_locale":"en_US","og_type":"article","og_title":"W jakich dziedzinach przemys\u0142u stosowane s\u0105 stale nierdzewne i kwasoodporne? - ELGO \u015aruby","og_description":"Stal nierdzewna i kwasoodporna s\u0105 niezwykle wszechstronnymi materia\u0142ami, kt\u00f3re znajduj\u0105 szerokie zastosowanie w r\u00f3\u017cnych dziedzinach przemys\u0142u.","og_url":"https:\/\/elgo.pl\/en\/w-jakich-dziedzinach-przemyslu-stosowane-sa-stale-nierdzewne-i-kwasoodporne\/","og_site_name":"ELGO \u015aruby","article_modified_time":"2025-01-20T12:45:57+00:00","twitter_card":"summary_large_image","schema":{"@context":"https:\/\/schema.org","@graph":[{"@type":"WebPage","@id":"https:\/\/elgo.pl\/en\/w-jakich-dziedzinach-przemyslu-stosowane-sa-stale-nierdzewne-i-kwasoodporne\/","url":"https:\/\/elgo.pl\/en\/w-jakich-dziedzinach-przemyslu-stosowane-sa-stale-nierdzewne-i-kwasoodporne\/","name":"W jakich dziedzinach przemys\u0142u stosowane s\u0105 stale nierdzewne i kwasoodporne? - ELGO \u015aruby","isPartOf":{"@id":"https:\/\/elgo.pl\/#website"},"datePublished":"2023-07-08T11:21:58+00:00","dateModified":"2025-01-20T12:45:57+00:00","description":"Stal nierdzewna i kwasoodporna s\u0105 niezwykle wszechstronnymi materia\u0142ami, kt\u00f3re znajduj\u0105 szerokie zastosowanie w r\u00f3\u017cnych dziedzinach przemys\u0142u.","breadcrumb":{"@id":"https:\/\/elgo.pl\/en\/w-jakich-dziedzinach-przemyslu-stosowane-sa-stale-nierdzewne-i-kwasoodporne\/#breadcrumb"},"inLanguage":"en-US","potentialAction":[{"@type":"ReadAction","target":["https:\/\/elgo.pl\/en\/w-jakich-dziedzinach-przemyslu-stosowane-sa-stale-nierdzewne-i-kwasoodporne\/"]}]},{"@type":"BreadcrumbList","@id":"https:\/\/elgo.pl\/en\/w-jakich-dziedzinach-przemyslu-stosowane-sa-stale-nierdzewne-i-kwasoodporne\/#breadcrumb","itemListElement":[{"@type":"ListItem","position":1,"name":"Strona g\u0142\u00f3wna","item":"https:\/\/elgo.pl\/en\/"},{"@type":"ListItem","position":2,"name":"W jakich dziedzinach przemys\u0142u stosowane s\u0105 stale nierdzewne i&nbsp;kwasoodporne?"}]},{"@type":"WebSite","@id":"https:\/\/elgo.pl\/#website","url":"https:\/\/elgo.pl\/","name":"Elgo","description":"ELGO takes special products, Bolts for flange bolts acid-resistant, in zinc plating, issues certificates. See product catalog.","potentialAction":[{"@type":"SearchAction","target":{"@type":"EntryPoint","urlTemplate":"https:\/\/elgo.pl\/?s={search_term_string}"},"query-input":{"@type":"PropertyValueSpecification","valueRequired":true,"valueName":"search_term_string"}}],"inLanguage":"en-US"}]}},"_links":{"self":[{"href":"https:\/\/elgo.pl\/en\/wp-json\/wp\/v2\/pages\/6141","targetHints":{"allow":["GET"]}}],"collection":[{"href":"https:\/\/elgo.pl\/en\/wp-json\/wp\/v2\/pages"}],"about":[{"href":"https:\/\/elgo.pl\/en\/wp-json\/wp\/v2\/types\/page"}],"author":[{"embeddable":true,"href":"https:\/\/elgo.pl\/en\/wp-json\/wp\/v2\/users\/2125"}],"replies":[{"embeddable":true,"href":"https:\/\/elgo.pl\/en\/wp-json\/wp\/v2\/comments?post=6141"}],"version-history":[{"count":2,"href":"https:\/\/elgo.pl\/en\/wp-json\/wp\/v2\/pages\/6141\/revisions"}],"predecessor-version":[{"id":6862,"href":"https:\/\/elgo.pl\/en\/wp-json\/wp\/v2\/pages\/6141\/revisions\/6862"}],"wp:attachment":[{"href":"https:\/\/elgo.pl\/en\/wp-json\/wp\/v2\/media?parent=6141"}],"curies":[{"name":"wp","href":"https:\/\/api.w.org\/{rel}","templated":true}]}}