{"id":6181,"date":"2023-10-08T20:04:23","date_gmt":"2023-10-08T18:04:23","guid":{"rendered":"https:\/\/www.elgo-sruby.pl\/?page_id=6181"},"modified":"2025-01-20T13:42:16","modified_gmt":"2025-01-20T12:42:16","slug":"ocynk-ogniowy-na-czym-polega-i-czym-jest-ten-rodzaj-pokrycia-elementow-stalowych","status":"publish","type":"page","link":"https:\/\/elgo.pl\/en\/ocynk-ogniowy-na-czym-polega-i-czym-jest-ten-rodzaj-pokrycia-elementow-stalowych\/","title":{"rendered":"Ocynk ogniowy &#8211; na&nbsp;czym polega i&nbsp;czym jest ten rodzaj pokrycia element\u00f3w stalowych?"},"content":{"rendered":"","protected":false},"excerpt":{"rendered":"","protected":false},"author":2125,"featured_media":0,"parent":0,"menu_order":0,"comment_status":"closed","ping_status":"closed","template":"","meta":{"_acf_changed":false,"footnotes":""},"class_list":["post-6181","page","type-page","status-publish","hentry","blog_categories-powloki-ochronne"],"acf":[],"yoast_head":"<!-- This site is optimized with the Yoast SEO plugin v27.3 - https:\/\/yoast.com\/product\/yoast-seo-wordpress\/ -->\n<title>Ocynk ogniowy - na czym polega i czym jest ten rodzaj pokrycia element\u00f3w stalowych? - ELGO \u015aruby<\/title>\n<meta name=\"description\" content=\"Czym jest ocynk ogniowy? Kiedy i gdzie jest stosowany? Zapoznaj si\u0119 z naszym artyku\u0142em i dowiedz si\u0119 wi\u0119cej.\" \/>\n<meta name=\"robots\" content=\"noindex, nofollow\" \/>\n<meta property=\"og:locale\" content=\"en_US\" \/>\n<meta property=\"og:type\" content=\"article\" \/>\n<meta property=\"og:title\" content=\"Ocynk ogniowy - na czym polega i czym jest ten rodzaj pokrycia element\u00f3w stalowych? - ELGO \u015aruby\" \/>\n<meta property=\"og:description\" content=\"Czym jest ocynk ogniowy? Kiedy i gdzie jest stosowany? Zapoznaj si\u0119 z naszym artyku\u0142em i dowiedz si\u0119 wi\u0119cej.\" \/>\n<meta property=\"og:url\" content=\"https:\/\/elgo.pl\/en\/ocynk-ogniowy-na-czym-polega-i-czym-jest-ten-rodzaj-pokrycia-elementow-stalowych\/\" \/>\n<meta property=\"og:site_name\" content=\"ELGO \u015aruby\" \/>\n<meta property=\"article:modified_time\" content=\"2025-01-20T12:42:16+00:00\" \/>\n<meta name=\"twitter:card\" content=\"summary_large_image\" \/>\n<script type=\"application\/ld+json\" class=\"yoast-schema-graph\">{\"@context\":\"https:\\\/\\\/schema.org\",\"@graph\":[{\"@type\":\"WebPage\",\"@id\":\"https:\\\/\\\/elgo.pl\\\/en\\\/ocynk-ogniowy-na-czym-polega-i-czym-jest-ten-rodzaj-pokrycia-elementow-stalowych\\\/\",\"url\":\"https:\\\/\\\/elgo.pl\\\/en\\\/ocynk-ogniowy-na-czym-polega-i-czym-jest-ten-rodzaj-pokrycia-elementow-stalowych\\\/\",\"name\":\"Ocynk ogniowy - na czym polega i czym jest ten rodzaj pokrycia element\u00f3w stalowych? - ELGO \u015aruby\",\"isPartOf\":{\"@id\":\"https:\\\/\\\/elgo.pl\\\/#website\"},\"datePublished\":\"2023-10-08T18:04:23+00:00\",\"dateModified\":\"2025-01-20T12:42:16+00:00\",\"description\":\"Czym jest ocynk ogniowy? Kiedy i gdzie jest stosowany? Zapoznaj si\u0119 z naszym artyku\u0142em i dowiedz si\u0119 wi\u0119cej.\",\"breadcrumb\":{\"@id\":\"https:\\\/\\\/elgo.pl\\\/en\\\/ocynk-ogniowy-na-czym-polega-i-czym-jest-ten-rodzaj-pokrycia-elementow-stalowych\\\/#breadcrumb\"},\"inLanguage\":\"en-US\",\"potentialAction\":[{\"@type\":\"ReadAction\",\"target\":[\"https:\\\/\\\/elgo.pl\\\/en\\\/ocynk-ogniowy-na-czym-polega-i-czym-jest-ten-rodzaj-pokrycia-elementow-stalowych\\\/\"]}]},{\"@type\":\"BreadcrumbList\",\"@id\":\"https:\\\/\\\/elgo.pl\\\/en\\\/ocynk-ogniowy-na-czym-polega-i-czym-jest-ten-rodzaj-pokrycia-elementow-stalowych\\\/#breadcrumb\",\"itemListElement\":[{\"@type\":\"ListItem\",\"position\":1,\"name\":\"Strona g\u0142\u00f3wna\",\"item\":\"https:\\\/\\\/elgo.pl\\\/en\\\/\"},{\"@type\":\"ListItem\",\"position\":2,\"name\":\"Ocynk ogniowy &#8211; na&nbsp;czym polega i&nbsp;czym jest ten rodzaj pokrycia element\u00f3w stalowych?\"}]},{\"@type\":\"WebSite\",\"@id\":\"https:\\\/\\\/elgo.pl\\\/#website\",\"url\":\"https:\\\/\\\/elgo.pl\\\/\",\"name\":\"Elgo\",\"description\":\"ELGO takes special products, Bolts for flange bolts acid-resistant, in zinc plating, issues certificates. See product catalog.\",\"potentialAction\":[{\"@type\":\"SearchAction\",\"target\":{\"@type\":\"EntryPoint\",\"urlTemplate\":\"https:\\\/\\\/elgo.pl\\\/?s={search_term_string}\"},\"query-input\":{\"@type\":\"PropertyValueSpecification\",\"valueRequired\":true,\"valueName\":\"search_term_string\"}}],\"inLanguage\":\"en-US\"}]}<\/script>\n<!-- \/ Yoast SEO plugin. -->","yoast_head_json":{"title":"Ocynk ogniowy - na czym polega i czym jest ten rodzaj pokrycia element\u00f3w stalowych? - ELGO \u015aruby","description":"Czym jest ocynk ogniowy? Kiedy i gdzie jest stosowany? Zapoznaj si\u0119 z naszym artyku\u0142em i dowiedz si\u0119 wi\u0119cej.","robots":{"index":"noindex","follow":"nofollow"},"og_locale":"en_US","og_type":"article","og_title":"Ocynk ogniowy - na czym polega i czym jest ten rodzaj pokrycia element\u00f3w stalowych? - ELGO \u015aruby","og_description":"Czym jest ocynk ogniowy? Kiedy i gdzie jest stosowany? Zapoznaj si\u0119 z naszym artyku\u0142em i dowiedz si\u0119 wi\u0119cej.","og_url":"https:\/\/elgo.pl\/en\/ocynk-ogniowy-na-czym-polega-i-czym-jest-ten-rodzaj-pokrycia-elementow-stalowych\/","og_site_name":"ELGO \u015aruby","article_modified_time":"2025-01-20T12:42:16+00:00","twitter_card":"summary_large_image","schema":{"@context":"https:\/\/schema.org","@graph":[{"@type":"WebPage","@id":"https:\/\/elgo.pl\/en\/ocynk-ogniowy-na-czym-polega-i-czym-jest-ten-rodzaj-pokrycia-elementow-stalowych\/","url":"https:\/\/elgo.pl\/en\/ocynk-ogniowy-na-czym-polega-i-czym-jest-ten-rodzaj-pokrycia-elementow-stalowych\/","name":"Ocynk ogniowy - na czym polega i czym jest ten rodzaj pokrycia element\u00f3w stalowych? - ELGO \u015aruby","isPartOf":{"@id":"https:\/\/elgo.pl\/#website"},"datePublished":"2023-10-08T18:04:23+00:00","dateModified":"2025-01-20T12:42:16+00:00","description":"Czym jest ocynk ogniowy? Kiedy i gdzie jest stosowany? Zapoznaj si\u0119 z naszym artyku\u0142em i dowiedz si\u0119 wi\u0119cej.","breadcrumb":{"@id":"https:\/\/elgo.pl\/en\/ocynk-ogniowy-na-czym-polega-i-czym-jest-ten-rodzaj-pokrycia-elementow-stalowych\/#breadcrumb"},"inLanguage":"en-US","potentialAction":[{"@type":"ReadAction","target":["https:\/\/elgo.pl\/en\/ocynk-ogniowy-na-czym-polega-i-czym-jest-ten-rodzaj-pokrycia-elementow-stalowych\/"]}]},{"@type":"BreadcrumbList","@id":"https:\/\/elgo.pl\/en\/ocynk-ogniowy-na-czym-polega-i-czym-jest-ten-rodzaj-pokrycia-elementow-stalowych\/#breadcrumb","itemListElement":[{"@type":"ListItem","position":1,"name":"Strona g\u0142\u00f3wna","item":"https:\/\/elgo.pl\/en\/"},{"@type":"ListItem","position":2,"name":"Ocynk ogniowy &#8211; na&nbsp;czym polega i&nbsp;czym jest ten rodzaj pokrycia element\u00f3w stalowych?"}]},{"@type":"WebSite","@id":"https:\/\/elgo.pl\/#website","url":"https:\/\/elgo.pl\/","name":"Elgo","description":"ELGO takes special products, Bolts for flange bolts acid-resistant, in zinc plating, issues certificates. See product catalog.","potentialAction":[{"@type":"SearchAction","target":{"@type":"EntryPoint","urlTemplate":"https:\/\/elgo.pl\/?s={search_term_string}"},"query-input":{"@type":"PropertyValueSpecification","valueRequired":true,"valueName":"search_term_string"}}],"inLanguage":"en-US"}]}},"_links":{"self":[{"href":"https:\/\/elgo.pl\/en\/wp-json\/wp\/v2\/pages\/6181","targetHints":{"allow":["GET"]}}],"collection":[{"href":"https:\/\/elgo.pl\/en\/wp-json\/wp\/v2\/pages"}],"about":[{"href":"https:\/\/elgo.pl\/en\/wp-json\/wp\/v2\/types\/page"}],"author":[{"embeddable":true,"href":"https:\/\/elgo.pl\/en\/wp-json\/wp\/v2\/users\/2125"}],"replies":[{"embeddable":true,"href":"https:\/\/elgo.pl\/en\/wp-json\/wp\/v2\/comments?post=6181"}],"version-history":[{"count":3,"href":"https:\/\/elgo.pl\/en\/wp-json\/wp\/v2\/pages\/6181\/revisions"}],"predecessor-version":[{"id":6859,"href":"https:\/\/elgo.pl\/en\/wp-json\/wp\/v2\/pages\/6181\/revisions\/6859"}],"wp:attachment":[{"href":"https:\/\/elgo.pl\/en\/wp-json\/wp\/v2\/media?parent=6181"}],"curies":[{"name":"wp","href":"https:\/\/api.w.org\/{rel}","templated":true}]}}