{"id":6189,"date":"2023-10-09T17:48:53","date_gmt":"2023-10-09T15:48:53","guid":{"rendered":"https:\/\/www.elgo-sruby.pl\/?page_id=6189"},"modified":"2025-01-20T13:57:50","modified_gmt":"2025-01-20T12:57:50","slug":"jaki-pret-gwintowany-najlepiej-zastosowac-do-szalunkow-najwazniejsze-informacje","status":"publish","type":"page","link":"https:\/\/elgo.pl\/en\/jaki-pret-gwintowany-najlepiej-zastosowac-do-szalunkow-najwazniejsze-informacje\/","title":{"rendered":"Jaki pr\u0119t gwintowany najlepiej zastosowa\u0107 do&nbsp;szalunk\u00f3w? Najwa\u017cniejsze informacje."},"content":{"rendered":"","protected":false},"excerpt":{"rendered":"","protected":false},"author":2125,"featured_media":0,"parent":0,"menu_order":0,"comment_status":"closed","ping_status":"closed","template":"","meta":{"_acf_changed":false,"footnotes":""},"class_list":["post-6189","page","type-page","status-publish","hentry","blog_categories-prety-gwintowane"],"acf":[],"yoast_head":"<!-- This site is optimized with the Yoast SEO plugin v27.3 - https:\/\/yoast.com\/product\/yoast-seo-wordpress\/ -->\n<title>Jaki pr\u0119t gwintowany najlepiej zastosowa\u0107 do szalunk\u00f3w? Najwa\u017cniejsze informacje. - ELGO \u015aruby<\/title>\n<meta name=\"description\" content=\"Pr\u0119ty gwintowane w szalunkach odgrywaj\u0105 kluczow\u0105 rol\u0119 w utrzymaniu stabilno\u015bci i odpowiedniej wytrzyma\u0142o\u015bci ca\u0142ej konstrukcji. Wyb\u00f3r odpowiedniego pr\u0119ta gwintowanego ma istotne znaczenie dla efektywnego wykonania prac szalunkowych.\" \/>\n<meta name=\"robots\" content=\"noindex, nofollow\" \/>\n<meta property=\"og:locale\" content=\"en_US\" \/>\n<meta property=\"og:type\" content=\"article\" \/>\n<meta property=\"og:title\" content=\"Jaki pr\u0119t gwintowany najlepiej zastosowa\u0107 do szalunk\u00f3w? Najwa\u017cniejsze informacje. - ELGO \u015aruby\" \/>\n<meta property=\"og:description\" content=\"Pr\u0119ty gwintowane w szalunkach odgrywaj\u0105 kluczow\u0105 rol\u0119 w utrzymaniu stabilno\u015bci i odpowiedniej wytrzyma\u0142o\u015bci ca\u0142ej konstrukcji. Wyb\u00f3r odpowiedniego pr\u0119ta gwintowanego ma istotne znaczenie dla efektywnego wykonania prac szalunkowych.\" \/>\n<meta property=\"og:url\" content=\"https:\/\/elgo.pl\/en\/jaki-pret-gwintowany-najlepiej-zastosowac-do-szalunkow-najwazniejsze-informacje\/\" \/>\n<meta property=\"og:site_name\" content=\"ELGO \u015aruby\" \/>\n<meta property=\"article:modified_time\" content=\"2025-01-20T12:57:50+00:00\" \/>\n<meta name=\"twitter:card\" content=\"summary_large_image\" \/>\n<script type=\"application\/ld+json\" class=\"yoast-schema-graph\">{\"@context\":\"https:\\\/\\\/schema.org\",\"@graph\":[{\"@type\":\"WebPage\",\"@id\":\"https:\\\/\\\/elgo.pl\\\/en\\\/jaki-pret-gwintowany-najlepiej-zastosowac-do-szalunkow-najwazniejsze-informacje\\\/\",\"url\":\"https:\\\/\\\/elgo.pl\\\/en\\\/jaki-pret-gwintowany-najlepiej-zastosowac-do-szalunkow-najwazniejsze-informacje\\\/\",\"name\":\"Jaki pr\u0119t gwintowany najlepiej zastosowa\u0107 do szalunk\u00f3w? Najwa\u017cniejsze informacje. - ELGO \u015aruby\",\"isPartOf\":{\"@id\":\"https:\\\/\\\/elgo.pl\\\/#website\"},\"datePublished\":\"2023-10-09T15:48:53+00:00\",\"dateModified\":\"2025-01-20T12:57:50+00:00\",\"description\":\"Pr\u0119ty gwintowane w szalunkach odgrywaj\u0105 kluczow\u0105 rol\u0119 w utrzymaniu stabilno\u015bci i odpowiedniej wytrzyma\u0142o\u015bci ca\u0142ej konstrukcji. Wyb\u00f3r odpowiedniego pr\u0119ta gwintowanego ma istotne znaczenie dla efektywnego wykonania prac szalunkowych.\",\"breadcrumb\":{\"@id\":\"https:\\\/\\\/elgo.pl\\\/en\\\/jaki-pret-gwintowany-najlepiej-zastosowac-do-szalunkow-najwazniejsze-informacje\\\/#breadcrumb\"},\"inLanguage\":\"en-US\",\"potentialAction\":[{\"@type\":\"ReadAction\",\"target\":[\"https:\\\/\\\/elgo.pl\\\/en\\\/jaki-pret-gwintowany-najlepiej-zastosowac-do-szalunkow-najwazniejsze-informacje\\\/\"]}]},{\"@type\":\"BreadcrumbList\",\"@id\":\"https:\\\/\\\/elgo.pl\\\/en\\\/jaki-pret-gwintowany-najlepiej-zastosowac-do-szalunkow-najwazniejsze-informacje\\\/#breadcrumb\",\"itemListElement\":[{\"@type\":\"ListItem\",\"position\":1,\"name\":\"Strona g\u0142\u00f3wna\",\"item\":\"https:\\\/\\\/elgo.pl\\\/en\\\/\"},{\"@type\":\"ListItem\",\"position\":2,\"name\":\"Jaki pr\u0119t gwintowany najlepiej zastosowa\u0107 do&nbsp;szalunk\u00f3w? Najwa\u017cniejsze informacje.\"}]},{\"@type\":\"WebSite\",\"@id\":\"https:\\\/\\\/elgo.pl\\\/#website\",\"url\":\"https:\\\/\\\/elgo.pl\\\/\",\"name\":\"Elgo\",\"description\":\"ELGO takes special products, Bolts for flange bolts acid-resistant, in zinc plating, issues certificates. See product catalog.\",\"potentialAction\":[{\"@type\":\"SearchAction\",\"target\":{\"@type\":\"EntryPoint\",\"urlTemplate\":\"https:\\\/\\\/elgo.pl\\\/?s={search_term_string}\"},\"query-input\":{\"@type\":\"PropertyValueSpecification\",\"valueRequired\":true,\"valueName\":\"search_term_string\"}}],\"inLanguage\":\"en-US\"}]}<\/script>\n<!-- \/ Yoast SEO plugin. -->","yoast_head_json":{"title":"Jaki pr\u0119t gwintowany najlepiej zastosowa\u0107 do szalunk\u00f3w? Najwa\u017cniejsze informacje. - ELGO \u015aruby","description":"Pr\u0119ty gwintowane w szalunkach odgrywaj\u0105 kluczow\u0105 rol\u0119 w utrzymaniu stabilno\u015bci i odpowiedniej wytrzyma\u0142o\u015bci ca\u0142ej konstrukcji. Wyb\u00f3r odpowiedniego pr\u0119ta gwintowanego ma istotne znaczenie dla efektywnego wykonania prac szalunkowych.","robots":{"index":"noindex","follow":"nofollow"},"og_locale":"en_US","og_type":"article","og_title":"Jaki pr\u0119t gwintowany najlepiej zastosowa\u0107 do szalunk\u00f3w? Najwa\u017cniejsze informacje. - ELGO \u015aruby","og_description":"Pr\u0119ty gwintowane w szalunkach odgrywaj\u0105 kluczow\u0105 rol\u0119 w utrzymaniu stabilno\u015bci i odpowiedniej wytrzyma\u0142o\u015bci ca\u0142ej konstrukcji. Wyb\u00f3r odpowiedniego pr\u0119ta gwintowanego ma istotne znaczenie dla efektywnego wykonania prac szalunkowych.","og_url":"https:\/\/elgo.pl\/en\/jaki-pret-gwintowany-najlepiej-zastosowac-do-szalunkow-najwazniejsze-informacje\/","og_site_name":"ELGO \u015aruby","article_modified_time":"2025-01-20T12:57:50+00:00","twitter_card":"summary_large_image","schema":{"@context":"https:\/\/schema.org","@graph":[{"@type":"WebPage","@id":"https:\/\/elgo.pl\/en\/jaki-pret-gwintowany-najlepiej-zastosowac-do-szalunkow-najwazniejsze-informacje\/","url":"https:\/\/elgo.pl\/en\/jaki-pret-gwintowany-najlepiej-zastosowac-do-szalunkow-najwazniejsze-informacje\/","name":"Jaki pr\u0119t gwintowany najlepiej zastosowa\u0107 do szalunk\u00f3w? Najwa\u017cniejsze informacje. - ELGO \u015aruby","isPartOf":{"@id":"https:\/\/elgo.pl\/#website"},"datePublished":"2023-10-09T15:48:53+00:00","dateModified":"2025-01-20T12:57:50+00:00","description":"Pr\u0119ty gwintowane w szalunkach odgrywaj\u0105 kluczow\u0105 rol\u0119 w utrzymaniu stabilno\u015bci i odpowiedniej wytrzyma\u0142o\u015bci ca\u0142ej konstrukcji. Wyb\u00f3r odpowiedniego pr\u0119ta gwintowanego ma istotne znaczenie dla efektywnego wykonania prac szalunkowych.","breadcrumb":{"@id":"https:\/\/elgo.pl\/en\/jaki-pret-gwintowany-najlepiej-zastosowac-do-szalunkow-najwazniejsze-informacje\/#breadcrumb"},"inLanguage":"en-US","potentialAction":[{"@type":"ReadAction","target":["https:\/\/elgo.pl\/en\/jaki-pret-gwintowany-najlepiej-zastosowac-do-szalunkow-najwazniejsze-informacje\/"]}]},{"@type":"BreadcrumbList","@id":"https:\/\/elgo.pl\/en\/jaki-pret-gwintowany-najlepiej-zastosowac-do-szalunkow-najwazniejsze-informacje\/#breadcrumb","itemListElement":[{"@type":"ListItem","position":1,"name":"Strona g\u0142\u00f3wna","item":"https:\/\/elgo.pl\/en\/"},{"@type":"ListItem","position":2,"name":"Jaki pr\u0119t gwintowany najlepiej zastosowa\u0107 do&nbsp;szalunk\u00f3w? Najwa\u017cniejsze informacje."}]},{"@type":"WebSite","@id":"https:\/\/elgo.pl\/#website","url":"https:\/\/elgo.pl\/","name":"Elgo","description":"ELGO takes special products, Bolts for flange bolts acid-resistant, in zinc plating, issues certificates. See product catalog.","potentialAction":[{"@type":"SearchAction","target":{"@type":"EntryPoint","urlTemplate":"https:\/\/elgo.pl\/?s={search_term_string}"},"query-input":{"@type":"PropertyValueSpecification","valueRequired":true,"valueName":"search_term_string"}}],"inLanguage":"en-US"}]}},"_links":{"self":[{"href":"https:\/\/elgo.pl\/en\/wp-json\/wp\/v2\/pages\/6189","targetHints":{"allow":["GET"]}}],"collection":[{"href":"https:\/\/elgo.pl\/en\/wp-json\/wp\/v2\/pages"}],"about":[{"href":"https:\/\/elgo.pl\/en\/wp-json\/wp\/v2\/types\/page"}],"author":[{"embeddable":true,"href":"https:\/\/elgo.pl\/en\/wp-json\/wp\/v2\/users\/2125"}],"replies":[{"embeddable":true,"href":"https:\/\/elgo.pl\/en\/wp-json\/wp\/v2\/comments?post=6189"}],"version-history":[{"count":4,"href":"https:\/\/elgo.pl\/en\/wp-json\/wp\/v2\/pages\/6189\/revisions"}],"predecessor-version":[{"id":6877,"href":"https:\/\/elgo.pl\/en\/wp-json\/wp\/v2\/pages\/6189\/revisions\/6877"}],"wp:attachment":[{"href":"https:\/\/elgo.pl\/en\/wp-json\/wp\/v2\/media?parent=6189"}],"curies":[{"name":"wp","href":"https:\/\/api.w.org\/{rel}","templated":true}]}}