{"id":6226,"date":"2024-01-02T11:52:33","date_gmt":"2024-01-02T10:52:33","guid":{"rendered":"https:\/\/www.elgo-sruby.pl\/?page_id=6226"},"modified":"2024-01-02T11:58:20","modified_gmt":"2024-01-02T10:58:20","slug":"polaczenie-gwintowe-czym-jest-dziala-zastosowanie","status":"publish","type":"page","link":"https:\/\/elgo.pl\/en\/polaczenie-gwintowe-czym-jest-dziala-zastosowanie\/","title":{"rendered":"Po\u0142\u0105czenie gwintowe &#8211; czym, jest dzia\u0142a, zastosowanie"},"content":{"rendered":"","protected":false},"excerpt":{"rendered":"","protected":false},"author":2125,"featured_media":6231,"parent":0,"menu_order":0,"comment_status":"closed","ping_status":"closed","template":"","meta":{"_acf_changed":false,"footnotes":""},"class_list":["post-6226","page","type-page","status-publish","has-post-thumbnail","hentry","blog_categories-prety-gwintowane"],"acf":[],"yoast_head":"<!-- This site is optimized with the Yoast SEO plugin v27.3 - https:\/\/yoast.com\/product\/yoast-seo-wordpress\/ -->\n<title>Po\u0142\u0105czenie gwintowe - czym, jest dzia\u0142a, zastosowanie - ELGO \u015aruby<\/title>\n<meta name=\"description\" content=\"Po\u0142\u0105czenia gwintowe wykorzystuje si\u0119 w prasach, nap\u0119dach obrabiarek, a\u00a0wi\u0119c\u00a0w mechanizmach zamieniaj\u0105cych obrotowy ruch na\u00a0post\u0119powy.\" \/>\n<meta name=\"robots\" content=\"noindex, nofollow\" \/>\n<meta property=\"og:locale\" content=\"en_US\" \/>\n<meta property=\"og:type\" content=\"article\" \/>\n<meta property=\"og:title\" content=\"Po\u0142\u0105czenie gwintowe - czym, jest dzia\u0142a, zastosowanie - ELGO \u015aruby\" \/>\n<meta property=\"og:description\" content=\"Po\u0142\u0105czenia gwintowe wykorzystuje si\u0119 w prasach, nap\u0119dach obrabiarek, a\u00a0wi\u0119c\u00a0w mechanizmach zamieniaj\u0105cych obrotowy ruch na\u00a0post\u0119powy.\" \/>\n<meta property=\"og:url\" content=\"https:\/\/elgo.pl\/en\/polaczenie-gwintowe-czym-jest-dziala-zastosowanie\/\" \/>\n<meta property=\"og:site_name\" content=\"ELGO \u015aruby\" \/>\n<meta property=\"article:modified_time\" content=\"2024-01-02T10:58:20+00:00\" \/>\n<meta property=\"og:image\" content=\"https:\/\/elgo.pl\/wp-content\/uploads\/2024\/01\/polaczenie-gwintowe-czym-jest-dziala-zastosowanie-1.jpg\" \/>\n\t<meta property=\"og:image:width\" content=\"1920\" \/>\n\t<meta property=\"og:image:height\" content=\"788\" \/>\n\t<meta property=\"og:image:type\" content=\"image\/jpeg\" \/>\n<meta name=\"twitter:card\" content=\"summary_large_image\" \/>\n<script type=\"application\/ld+json\" class=\"yoast-schema-graph\">{\"@context\":\"https:\\\/\\\/schema.org\",\"@graph\":[{\"@type\":\"WebPage\",\"@id\":\"https:\\\/\\\/elgo.pl\\\/en\\\/polaczenie-gwintowe-czym-jest-dziala-zastosowanie\\\/\",\"url\":\"https:\\\/\\\/elgo.pl\\\/en\\\/polaczenie-gwintowe-czym-jest-dziala-zastosowanie\\\/\",\"name\":\"Po\u0142\u0105czenie gwintowe - czym, jest dzia\u0142a, zastosowanie - ELGO \u015aruby\",\"isPartOf\":{\"@id\":\"https:\\\/\\\/elgo.pl\\\/#website\"},\"primaryImageOfPage\":{\"@id\":\"https:\\\/\\\/elgo.pl\\\/en\\\/polaczenie-gwintowe-czym-jest-dziala-zastosowanie\\\/#primaryimage\"},\"image\":{\"@id\":\"https:\\\/\\\/elgo.pl\\\/en\\\/polaczenie-gwintowe-czym-jest-dziala-zastosowanie\\\/#primaryimage\"},\"thumbnailUrl\":\"https:\\\/\\\/elgo.pl\\\/wp-content\\\/uploads\\\/2024\\\/01\\\/polaczenie-gwintowe-czym-jest-dziala-zastosowanie-1.jpg\",\"datePublished\":\"2024-01-02T10:52:33+00:00\",\"dateModified\":\"2024-01-02T10:58:20+00:00\",\"description\":\"Po\u0142\u0105czenia gwintowe wykorzystuje si\u0119 w prasach, nap\u0119dach obrabiarek, a\u00a0wi\u0119c\u00a0w mechanizmach zamieniaj\u0105cych obrotowy ruch na\u00a0post\u0119powy.\",\"breadcrumb\":{\"@id\":\"https:\\\/\\\/elgo.pl\\\/en\\\/polaczenie-gwintowe-czym-jest-dziala-zastosowanie\\\/#breadcrumb\"},\"inLanguage\":\"en-US\",\"potentialAction\":[{\"@type\":\"ReadAction\",\"target\":[\"https:\\\/\\\/elgo.pl\\\/en\\\/polaczenie-gwintowe-czym-jest-dziala-zastosowanie\\\/\"]}]},{\"@type\":\"ImageObject\",\"inLanguage\":\"en-US\",\"@id\":\"https:\\\/\\\/elgo.pl\\\/en\\\/polaczenie-gwintowe-czym-jest-dziala-zastosowanie\\\/#primaryimage\",\"url\":\"https:\\\/\\\/elgo.pl\\\/wp-content\\\/uploads\\\/2024\\\/01\\\/polaczenie-gwintowe-czym-jest-dziala-zastosowanie-1.jpg\",\"contentUrl\":\"https:\\\/\\\/elgo.pl\\\/wp-content\\\/uploads\\\/2024\\\/01\\\/polaczenie-gwintowe-czym-jest-dziala-zastosowanie-1.jpg\",\"width\":1920,\"height\":788,\"caption\":\"Po\u0142\u0105czenie gwintowe - czym, jest dzia\u0142a, zastosowanie\"},{\"@type\":\"BreadcrumbList\",\"@id\":\"https:\\\/\\\/elgo.pl\\\/en\\\/polaczenie-gwintowe-czym-jest-dziala-zastosowanie\\\/#breadcrumb\",\"itemListElement\":[{\"@type\":\"ListItem\",\"position\":1,\"name\":\"Strona g\u0142\u00f3wna\",\"item\":\"https:\\\/\\\/elgo.pl\\\/en\\\/\"},{\"@type\":\"ListItem\",\"position\":2,\"name\":\"Po\u0142\u0105czenie gwintowe &#8211; czym, jest dzia\u0142a, zastosowanie\"}]},{\"@type\":\"WebSite\",\"@id\":\"https:\\\/\\\/elgo.pl\\\/#website\",\"url\":\"https:\\\/\\\/elgo.pl\\\/\",\"name\":\"Elgo\",\"description\":\"ELGO takes special products, Bolts for flange bolts acid-resistant, in zinc plating, issues certificates. See product catalog.\",\"potentialAction\":[{\"@type\":\"SearchAction\",\"target\":{\"@type\":\"EntryPoint\",\"urlTemplate\":\"https:\\\/\\\/elgo.pl\\\/?s={search_term_string}\"},\"query-input\":{\"@type\":\"PropertyValueSpecification\",\"valueRequired\":true,\"valueName\":\"search_term_string\"}}],\"inLanguage\":\"en-US\"}]}<\/script>\n<!-- \/ Yoast SEO plugin. -->","yoast_head_json":{"title":"Po\u0142\u0105czenie gwintowe - czym, jest dzia\u0142a, zastosowanie - ELGO \u015aruby","description":"Po\u0142\u0105czenia gwintowe wykorzystuje si\u0119 w prasach, nap\u0119dach obrabiarek, a\u00a0wi\u0119c\u00a0w mechanizmach zamieniaj\u0105cych obrotowy ruch na\u00a0post\u0119powy.","robots":{"index":"noindex","follow":"nofollow"},"og_locale":"en_US","og_type":"article","og_title":"Po\u0142\u0105czenie gwintowe - czym, jest dzia\u0142a, zastosowanie - ELGO \u015aruby","og_description":"Po\u0142\u0105czenia gwintowe wykorzystuje si\u0119 w prasach, nap\u0119dach obrabiarek, a\u00a0wi\u0119c\u00a0w mechanizmach zamieniaj\u0105cych obrotowy ruch na\u00a0post\u0119powy.","og_url":"https:\/\/elgo.pl\/en\/polaczenie-gwintowe-czym-jest-dziala-zastosowanie\/","og_site_name":"ELGO \u015aruby","article_modified_time":"2024-01-02T10:58:20+00:00","og_image":[{"width":1920,"height":788,"url":"https:\/\/elgo.pl\/wp-content\/uploads\/2024\/01\/polaczenie-gwintowe-czym-jest-dziala-zastosowanie-1.jpg","type":"image\/jpeg"}],"twitter_card":"summary_large_image","schema":{"@context":"https:\/\/schema.org","@graph":[{"@type":"WebPage","@id":"https:\/\/elgo.pl\/en\/polaczenie-gwintowe-czym-jest-dziala-zastosowanie\/","url":"https:\/\/elgo.pl\/en\/polaczenie-gwintowe-czym-jest-dziala-zastosowanie\/","name":"Po\u0142\u0105czenie gwintowe - czym, jest dzia\u0142a, zastosowanie - ELGO \u015aruby","isPartOf":{"@id":"https:\/\/elgo.pl\/#website"},"primaryImageOfPage":{"@id":"https:\/\/elgo.pl\/en\/polaczenie-gwintowe-czym-jest-dziala-zastosowanie\/#primaryimage"},"image":{"@id":"https:\/\/elgo.pl\/en\/polaczenie-gwintowe-czym-jest-dziala-zastosowanie\/#primaryimage"},"thumbnailUrl":"https:\/\/elgo.pl\/wp-content\/uploads\/2024\/01\/polaczenie-gwintowe-czym-jest-dziala-zastosowanie-1.jpg","datePublished":"2024-01-02T10:52:33+00:00","dateModified":"2024-01-02T10:58:20+00:00","description":"Po\u0142\u0105czenia gwintowe wykorzystuje si\u0119 w prasach, nap\u0119dach obrabiarek, a\u00a0wi\u0119c\u00a0w mechanizmach zamieniaj\u0105cych obrotowy ruch na\u00a0post\u0119powy.","breadcrumb":{"@id":"https:\/\/elgo.pl\/en\/polaczenie-gwintowe-czym-jest-dziala-zastosowanie\/#breadcrumb"},"inLanguage":"en-US","potentialAction":[{"@type":"ReadAction","target":["https:\/\/elgo.pl\/en\/polaczenie-gwintowe-czym-jest-dziala-zastosowanie\/"]}]},{"@type":"ImageObject","inLanguage":"en-US","@id":"https:\/\/elgo.pl\/en\/polaczenie-gwintowe-czym-jest-dziala-zastosowanie\/#primaryimage","url":"https:\/\/elgo.pl\/wp-content\/uploads\/2024\/01\/polaczenie-gwintowe-czym-jest-dziala-zastosowanie-1.jpg","contentUrl":"https:\/\/elgo.pl\/wp-content\/uploads\/2024\/01\/polaczenie-gwintowe-czym-jest-dziala-zastosowanie-1.jpg","width":1920,"height":788,"caption":"Po\u0142\u0105czenie gwintowe - czym, jest dzia\u0142a, zastosowanie"},{"@type":"BreadcrumbList","@id":"https:\/\/elgo.pl\/en\/polaczenie-gwintowe-czym-jest-dziala-zastosowanie\/#breadcrumb","itemListElement":[{"@type":"ListItem","position":1,"name":"Strona g\u0142\u00f3wna","item":"https:\/\/elgo.pl\/en\/"},{"@type":"ListItem","position":2,"name":"Po\u0142\u0105czenie gwintowe &#8211; czym, jest dzia\u0142a, zastosowanie"}]},{"@type":"WebSite","@id":"https:\/\/elgo.pl\/#website","url":"https:\/\/elgo.pl\/","name":"Elgo","description":"ELGO takes special products, Bolts for flange bolts acid-resistant, in zinc plating, issues certificates. See product catalog.","potentialAction":[{"@type":"SearchAction","target":{"@type":"EntryPoint","urlTemplate":"https:\/\/elgo.pl\/?s={search_term_string}"},"query-input":{"@type":"PropertyValueSpecification","valueRequired":true,"valueName":"search_term_string"}}],"inLanguage":"en-US"}]}},"_links":{"self":[{"href":"https:\/\/elgo.pl\/en\/wp-json\/wp\/v2\/pages\/6226","targetHints":{"allow":["GET"]}}],"collection":[{"href":"https:\/\/elgo.pl\/en\/wp-json\/wp\/v2\/pages"}],"about":[{"href":"https:\/\/elgo.pl\/en\/wp-json\/wp\/v2\/types\/page"}],"author":[{"embeddable":true,"href":"https:\/\/elgo.pl\/en\/wp-json\/wp\/v2\/users\/2125"}],"replies":[{"embeddable":true,"href":"https:\/\/elgo.pl\/en\/wp-json\/wp\/v2\/comments?post=6226"}],"version-history":[{"count":2,"href":"https:\/\/elgo.pl\/en\/wp-json\/wp\/v2\/pages\/6226\/revisions"}],"predecessor-version":[{"id":6233,"href":"https:\/\/elgo.pl\/en\/wp-json\/wp\/v2\/pages\/6226\/revisions\/6233"}],"wp:featuredmedia":[{"embeddable":true,"href":"https:\/\/elgo.pl\/en\/wp-json\/wp\/v2\/media\/6231"}],"wp:attachment":[{"href":"https:\/\/elgo.pl\/en\/wp-json\/wp\/v2\/media?parent=6226"}],"curies":[{"name":"wp","href":"https:\/\/api.w.org\/{rel}","templated":true}]}}