{"id":6240,"date":"2024-01-02T12:48:33","date_gmt":"2024-01-02T11:48:33","guid":{"rendered":"https:\/\/www.elgo-sruby.pl\/?page_id=6240"},"modified":"2025-01-20T13:26:15","modified_gmt":"2025-01-20T12:26:15","slug":"sruba-calowa-gwint-unf-i-unc-co-to-jest-zastosowanie-podstawowe-roznice","status":"publish","type":"page","link":"https:\/\/elgo.pl\/en\/sruba-calowa-gwint-unf-i-unc-co-to-jest-zastosowanie-podstawowe-roznice\/","title":{"rendered":"\u015aruba calowa gwint UNF i&nbsp;UNC \u2013 co to jest, zastosowanie, podstawowe r\u00f3\u017cnice"},"content":{"rendered":"","protected":false},"excerpt":{"rendered":"","protected":false},"author":2125,"featured_media":6244,"parent":0,"menu_order":0,"comment_status":"closed","ping_status":"closed","template":"","meta":{"_acf_changed":false,"footnotes":""},"class_list":["post-6240","page","type-page","status-publish","has-post-thumbnail","hentry","blog_categories-sruby-i-wkrety"],"acf":[],"yoast_head":"<!-- This site is optimized with the Yoast SEO plugin v27.3 - https:\/\/yoast.com\/product\/yoast-seo-wordpress\/ -->\n<title>\u015aruba calowa gwint UNF i UNC \u2013 co to jest, zastosowanie, podstawowe r\u00f3\u017cnice - ELGO \u015aruby<\/title>\n<meta name=\"description\" content=\"\u015aruby calowe to elementy z\u0142\u0105czne gwarantuj\u0105ce bezpiecze\u0144stwo i stabilno\u015b\u0107 po\u0142\u0105cze\u0144. Jakie jest ich zastosowanie i czym r\u00f3\u017cni\u0105 si\u0119 od siebie UNF i UNC?\" \/>\n<meta name=\"robots\" content=\"noindex, nofollow\" \/>\n<meta property=\"og:locale\" content=\"en_US\" \/>\n<meta property=\"og:type\" content=\"article\" \/>\n<meta property=\"og:title\" content=\"\u015aruba calowa gwint UNF i UNC \u2013 co to jest, zastosowanie, podstawowe r\u00f3\u017cnice - ELGO \u015aruby\" \/>\n<meta property=\"og:description\" content=\"\u015aruby calowe to elementy z\u0142\u0105czne gwarantuj\u0105ce bezpiecze\u0144stwo i stabilno\u015b\u0107 po\u0142\u0105cze\u0144. Jakie jest ich zastosowanie i czym r\u00f3\u017cni\u0105 si\u0119 od siebie UNF i UNC?\" \/>\n<meta property=\"og:url\" content=\"https:\/\/elgo.pl\/en\/sruba-calowa-gwint-unf-i-unc-co-to-jest-zastosowanie-podstawowe-roznice\/\" \/>\n<meta property=\"og:site_name\" content=\"ELGO \u015aruby\" \/>\n<meta property=\"article:modified_time\" content=\"2025-01-20T12:26:15+00:00\" \/>\n<meta property=\"og:image\" content=\"https:\/\/elgo.pl\/wp-content\/uploads\/2024\/01\/sruby-calowe-1.jpg\" \/>\n\t<meta property=\"og:image:width\" content=\"1920\" \/>\n\t<meta property=\"og:image:height\" content=\"788\" \/>\n\t<meta property=\"og:image:type\" content=\"image\/jpeg\" \/>\n<meta name=\"twitter:card\" content=\"summary_large_image\" \/>\n<meta name=\"twitter:label1\" content=\"Est. reading time\" \/>\n\t<meta name=\"twitter:data1\" content=\"1 minute\" \/>\n<script type=\"application\/ld+json\" class=\"yoast-schema-graph\">{\"@context\":\"https:\\\/\\\/schema.org\",\"@graph\":[{\"@type\":\"WebPage\",\"@id\":\"https:\\\/\\\/elgo.pl\\\/en\\\/sruba-calowa-gwint-unf-i-unc-co-to-jest-zastosowanie-podstawowe-roznice\\\/\",\"url\":\"https:\\\/\\\/elgo.pl\\\/en\\\/sruba-calowa-gwint-unf-i-unc-co-to-jest-zastosowanie-podstawowe-roznice\\\/\",\"name\":\"\u015aruba calowa gwint UNF i UNC \u2013 co to jest, zastosowanie, podstawowe r\u00f3\u017cnice - ELGO \u015aruby\",\"isPartOf\":{\"@id\":\"https:\\\/\\\/elgo.pl\\\/#website\"},\"primaryImageOfPage\":{\"@id\":\"https:\\\/\\\/elgo.pl\\\/en\\\/sruba-calowa-gwint-unf-i-unc-co-to-jest-zastosowanie-podstawowe-roznice\\\/#primaryimage\"},\"image\":{\"@id\":\"https:\\\/\\\/elgo.pl\\\/en\\\/sruba-calowa-gwint-unf-i-unc-co-to-jest-zastosowanie-podstawowe-roznice\\\/#primaryimage\"},\"thumbnailUrl\":\"https:\\\/\\\/elgo.pl\\\/wp-content\\\/uploads\\\/2024\\\/01\\\/sruby-calowe-1.jpg\",\"datePublished\":\"2024-01-02T11:48:33+00:00\",\"dateModified\":\"2025-01-20T12:26:15+00:00\",\"description\":\"\u015aruby calowe to elementy z\u0142\u0105czne gwarantuj\u0105ce bezpiecze\u0144stwo i stabilno\u015b\u0107 po\u0142\u0105cze\u0144. Jakie jest ich zastosowanie i czym r\u00f3\u017cni\u0105 si\u0119 od siebie UNF i UNC?\",\"breadcrumb\":{\"@id\":\"https:\\\/\\\/elgo.pl\\\/en\\\/sruba-calowa-gwint-unf-i-unc-co-to-jest-zastosowanie-podstawowe-roznice\\\/#breadcrumb\"},\"inLanguage\":\"en-US\",\"potentialAction\":[{\"@type\":\"ReadAction\",\"target\":[\"https:\\\/\\\/elgo.pl\\\/en\\\/sruba-calowa-gwint-unf-i-unc-co-to-jest-zastosowanie-podstawowe-roznice\\\/\"]}]},{\"@type\":\"ImageObject\",\"inLanguage\":\"en-US\",\"@id\":\"https:\\\/\\\/elgo.pl\\\/en\\\/sruba-calowa-gwint-unf-i-unc-co-to-jest-zastosowanie-podstawowe-roznice\\\/#primaryimage\",\"url\":\"https:\\\/\\\/elgo.pl\\\/wp-content\\\/uploads\\\/2024\\\/01\\\/sruby-calowe-1.jpg\",\"contentUrl\":\"https:\\\/\\\/elgo.pl\\\/wp-content\\\/uploads\\\/2024\\\/01\\\/sruby-calowe-1.jpg\",\"width\":1920,\"height\":788,\"caption\":\"\u015bruby calowe najwa\u017cniejsze informacje\"},{\"@type\":\"BreadcrumbList\",\"@id\":\"https:\\\/\\\/elgo.pl\\\/en\\\/sruba-calowa-gwint-unf-i-unc-co-to-jest-zastosowanie-podstawowe-roznice\\\/#breadcrumb\",\"itemListElement\":[{\"@type\":\"ListItem\",\"position\":1,\"name\":\"Strona g\u0142\u00f3wna\",\"item\":\"https:\\\/\\\/elgo.pl\\\/en\\\/\"},{\"@type\":\"ListItem\",\"position\":2,\"name\":\"\u015aruba calowa gwint UNF i&nbsp;UNC \u2013 co to jest, zastosowanie, podstawowe r\u00f3\u017cnice\"}]},{\"@type\":\"WebSite\",\"@id\":\"https:\\\/\\\/elgo.pl\\\/#website\",\"url\":\"https:\\\/\\\/elgo.pl\\\/\",\"name\":\"Elgo\",\"description\":\"ELGO takes special products, Bolts for flange bolts acid-resistant, in zinc plating, issues certificates. See product catalog.\",\"potentialAction\":[{\"@type\":\"SearchAction\",\"target\":{\"@type\":\"EntryPoint\",\"urlTemplate\":\"https:\\\/\\\/elgo.pl\\\/?s={search_term_string}\"},\"query-input\":{\"@type\":\"PropertyValueSpecification\",\"valueRequired\":true,\"valueName\":\"search_term_string\"}}],\"inLanguage\":\"en-US\"}]}<\/script>\n<!-- \/ Yoast SEO plugin. -->","yoast_head_json":{"title":"\u015aruba calowa gwint UNF i UNC \u2013 co to jest, zastosowanie, podstawowe r\u00f3\u017cnice - ELGO \u015aruby","description":"\u015aruby calowe to elementy z\u0142\u0105czne gwarantuj\u0105ce bezpiecze\u0144stwo i stabilno\u015b\u0107 po\u0142\u0105cze\u0144. Jakie jest ich zastosowanie i czym r\u00f3\u017cni\u0105 si\u0119 od siebie UNF i UNC?","robots":{"index":"noindex","follow":"nofollow"},"og_locale":"en_US","og_type":"article","og_title":"\u015aruba calowa gwint UNF i UNC \u2013 co to jest, zastosowanie, podstawowe r\u00f3\u017cnice - ELGO \u015aruby","og_description":"\u015aruby calowe to elementy z\u0142\u0105czne gwarantuj\u0105ce bezpiecze\u0144stwo i stabilno\u015b\u0107 po\u0142\u0105cze\u0144. Jakie jest ich zastosowanie i czym r\u00f3\u017cni\u0105 si\u0119 od siebie UNF i UNC?","og_url":"https:\/\/elgo.pl\/en\/sruba-calowa-gwint-unf-i-unc-co-to-jest-zastosowanie-podstawowe-roznice\/","og_site_name":"ELGO \u015aruby","article_modified_time":"2025-01-20T12:26:15+00:00","og_image":[{"width":1920,"height":788,"url":"https:\/\/elgo.pl\/wp-content\/uploads\/2024\/01\/sruby-calowe-1.jpg","type":"image\/jpeg"}],"twitter_card":"summary_large_image","twitter_misc":{"Est. reading time":"1 minute"},"schema":{"@context":"https:\/\/schema.org","@graph":[{"@type":"WebPage","@id":"https:\/\/elgo.pl\/en\/sruba-calowa-gwint-unf-i-unc-co-to-jest-zastosowanie-podstawowe-roznice\/","url":"https:\/\/elgo.pl\/en\/sruba-calowa-gwint-unf-i-unc-co-to-jest-zastosowanie-podstawowe-roznice\/","name":"\u015aruba calowa gwint UNF i UNC \u2013 co to jest, zastosowanie, podstawowe r\u00f3\u017cnice - ELGO \u015aruby","isPartOf":{"@id":"https:\/\/elgo.pl\/#website"},"primaryImageOfPage":{"@id":"https:\/\/elgo.pl\/en\/sruba-calowa-gwint-unf-i-unc-co-to-jest-zastosowanie-podstawowe-roznice\/#primaryimage"},"image":{"@id":"https:\/\/elgo.pl\/en\/sruba-calowa-gwint-unf-i-unc-co-to-jest-zastosowanie-podstawowe-roznice\/#primaryimage"},"thumbnailUrl":"https:\/\/elgo.pl\/wp-content\/uploads\/2024\/01\/sruby-calowe-1.jpg","datePublished":"2024-01-02T11:48:33+00:00","dateModified":"2025-01-20T12:26:15+00:00","description":"\u015aruby calowe to elementy z\u0142\u0105czne gwarantuj\u0105ce bezpiecze\u0144stwo i stabilno\u015b\u0107 po\u0142\u0105cze\u0144. Jakie jest ich zastosowanie i czym r\u00f3\u017cni\u0105 si\u0119 od siebie UNF i UNC?","breadcrumb":{"@id":"https:\/\/elgo.pl\/en\/sruba-calowa-gwint-unf-i-unc-co-to-jest-zastosowanie-podstawowe-roznice\/#breadcrumb"},"inLanguage":"en-US","potentialAction":[{"@type":"ReadAction","target":["https:\/\/elgo.pl\/en\/sruba-calowa-gwint-unf-i-unc-co-to-jest-zastosowanie-podstawowe-roznice\/"]}]},{"@type":"ImageObject","inLanguage":"en-US","@id":"https:\/\/elgo.pl\/en\/sruba-calowa-gwint-unf-i-unc-co-to-jest-zastosowanie-podstawowe-roznice\/#primaryimage","url":"https:\/\/elgo.pl\/wp-content\/uploads\/2024\/01\/sruby-calowe-1.jpg","contentUrl":"https:\/\/elgo.pl\/wp-content\/uploads\/2024\/01\/sruby-calowe-1.jpg","width":1920,"height":788,"caption":"\u015bruby calowe najwa\u017cniejsze informacje"},{"@type":"BreadcrumbList","@id":"https:\/\/elgo.pl\/en\/sruba-calowa-gwint-unf-i-unc-co-to-jest-zastosowanie-podstawowe-roznice\/#breadcrumb","itemListElement":[{"@type":"ListItem","position":1,"name":"Strona g\u0142\u00f3wna","item":"https:\/\/elgo.pl\/en\/"},{"@type":"ListItem","position":2,"name":"\u015aruba calowa gwint UNF i&nbsp;UNC \u2013 co to jest, zastosowanie, podstawowe r\u00f3\u017cnice"}]},{"@type":"WebSite","@id":"https:\/\/elgo.pl\/#website","url":"https:\/\/elgo.pl\/","name":"Elgo","description":"ELGO takes special products, Bolts for flange bolts acid-resistant, in zinc plating, issues certificates. See product catalog.","potentialAction":[{"@type":"SearchAction","target":{"@type":"EntryPoint","urlTemplate":"https:\/\/elgo.pl\/?s={search_term_string}"},"query-input":{"@type":"PropertyValueSpecification","valueRequired":true,"valueName":"search_term_string"}}],"inLanguage":"en-US"}]}},"_links":{"self":[{"href":"https:\/\/elgo.pl\/en\/wp-json\/wp\/v2\/pages\/6240","targetHints":{"allow":["GET"]}}],"collection":[{"href":"https:\/\/elgo.pl\/en\/wp-json\/wp\/v2\/pages"}],"about":[{"href":"https:\/\/elgo.pl\/en\/wp-json\/wp\/v2\/types\/page"}],"author":[{"embeddable":true,"href":"https:\/\/elgo.pl\/en\/wp-json\/wp\/v2\/users\/2125"}],"replies":[{"embeddable":true,"href":"https:\/\/elgo.pl\/en\/wp-json\/wp\/v2\/comments?post=6240"}],"version-history":[{"count":2,"href":"https:\/\/elgo.pl\/en\/wp-json\/wp\/v2\/pages\/6240\/revisions"}],"predecessor-version":[{"id":6847,"href":"https:\/\/elgo.pl\/en\/wp-json\/wp\/v2\/pages\/6240\/revisions\/6847"}],"wp:featuredmedia":[{"embeddable":true,"href":"https:\/\/elgo.pl\/en\/wp-json\/wp\/v2\/media\/6244"}],"wp:attachment":[{"href":"https:\/\/elgo.pl\/en\/wp-json\/wp\/v2\/media?parent=6240"}],"curies":[{"name":"wp","href":"https:\/\/api.w.org\/{rel}","templated":true}]}}