{"id":6327,"date":"2024-06-16T21:38:58","date_gmt":"2024-06-16T19:38:58","guid":{"rendered":"https:\/\/www.elgo-sruby.pl\/?page_id=6327"},"modified":"2025-01-20T13:40:50","modified_gmt":"2025-01-20T12:40:50","slug":"od-toczenia-do-frezowania-poznaj-metody-obrobki-metali","status":"publish","type":"page","link":"https:\/\/elgo.pl\/en\/od-toczenia-do-frezowania-poznaj-metody-obrobki-metali\/","title":{"rendered":"Od toczenia do&nbsp;frezowania \u2013 poznaj metody obr\u00f3bki metali"},"content":{"rendered":"","protected":false},"excerpt":{"rendered":"","protected":false},"author":2125,"featured_media":0,"parent":0,"menu_order":0,"comment_status":"closed","ping_status":"closed","template":"","meta":{"_acf_changed":false,"footnotes":""},"class_list":["post-6327","page","type-page","status-publish","hentry","blog_categories-obrobka-metali"],"acf":[],"yoast_head":"<!-- This site is optimized with the Yoast SEO plugin v27.3 - https:\/\/yoast.com\/product\/yoast-seo-wordpress\/ -->\n<title>Od toczenia do frezowania \u2013 poznaj metody obr\u00f3bki metali - ELGO \u015aruby<\/title>\n<meta name=\"description\" content=\"Obr\u00f3bka metali to proces przetwarzania surowych materia\u0142\u00f3w poprzez techniki pozwalaj\u0105ce na uzyskanie po\u017c\u0105danych kszta\u0142t\u00f3w, wymiar\u00f3w i w\u0142a\u015bciwo\u015bci.\" \/>\n<meta name=\"robots\" content=\"noindex, nofollow\" \/>\n<meta property=\"og:locale\" content=\"en_US\" \/>\n<meta property=\"og:type\" content=\"article\" \/>\n<meta property=\"og:title\" content=\"Od toczenia do frezowania \u2013 poznaj metody obr\u00f3bki metali - ELGO \u015aruby\" \/>\n<meta property=\"og:description\" content=\"Obr\u00f3bka metali to proces przetwarzania surowych materia\u0142\u00f3w poprzez techniki pozwalaj\u0105ce na uzyskanie po\u017c\u0105danych kszta\u0142t\u00f3w, wymiar\u00f3w i w\u0142a\u015bciwo\u015bci.\" \/>\n<meta property=\"og:url\" content=\"https:\/\/elgo.pl\/en\/od-toczenia-do-frezowania-poznaj-metody-obrobki-metali\/\" \/>\n<meta property=\"og:site_name\" content=\"ELGO \u015aruby\" \/>\n<meta property=\"article:modified_time\" content=\"2025-01-20T12:40:50+00:00\" \/>\n<meta name=\"twitter:card\" content=\"summary_large_image\" \/>\n<script type=\"application\/ld+json\" class=\"yoast-schema-graph\">{\"@context\":\"https:\\\/\\\/schema.org\",\"@graph\":[{\"@type\":\"WebPage\",\"@id\":\"https:\\\/\\\/elgo.pl\\\/en\\\/od-toczenia-do-frezowania-poznaj-metody-obrobki-metali\\\/\",\"url\":\"https:\\\/\\\/elgo.pl\\\/en\\\/od-toczenia-do-frezowania-poznaj-metody-obrobki-metali\\\/\",\"name\":\"Od toczenia do frezowania \u2013 poznaj metody obr\u00f3bki metali - ELGO \u015aruby\",\"isPartOf\":{\"@id\":\"https:\\\/\\\/elgo.pl\\\/#website\"},\"datePublished\":\"2024-06-16T19:38:58+00:00\",\"dateModified\":\"2025-01-20T12:40:50+00:00\",\"description\":\"Obr\u00f3bka metali to proces przetwarzania surowych materia\u0142\u00f3w poprzez techniki pozwalaj\u0105ce na uzyskanie po\u017c\u0105danych kszta\u0142t\u00f3w, wymiar\u00f3w i w\u0142a\u015bciwo\u015bci.\",\"breadcrumb\":{\"@id\":\"https:\\\/\\\/elgo.pl\\\/en\\\/od-toczenia-do-frezowania-poznaj-metody-obrobki-metali\\\/#breadcrumb\"},\"inLanguage\":\"en-US\",\"potentialAction\":[{\"@type\":\"ReadAction\",\"target\":[\"https:\\\/\\\/elgo.pl\\\/en\\\/od-toczenia-do-frezowania-poznaj-metody-obrobki-metali\\\/\"]}]},{\"@type\":\"BreadcrumbList\",\"@id\":\"https:\\\/\\\/elgo.pl\\\/en\\\/od-toczenia-do-frezowania-poznaj-metody-obrobki-metali\\\/#breadcrumb\",\"itemListElement\":[{\"@type\":\"ListItem\",\"position\":1,\"name\":\"Strona g\u0142\u00f3wna\",\"item\":\"https:\\\/\\\/elgo.pl\\\/en\\\/\"},{\"@type\":\"ListItem\",\"position\":2,\"name\":\"Od toczenia do&nbsp;frezowania \u2013 poznaj metody obr\u00f3bki metali\"}]},{\"@type\":\"WebSite\",\"@id\":\"https:\\\/\\\/elgo.pl\\\/#website\",\"url\":\"https:\\\/\\\/elgo.pl\\\/\",\"name\":\"Elgo\",\"description\":\"ELGO takes special products, Bolts for flange bolts acid-resistant, in zinc plating, issues certificates. See product catalog.\",\"potentialAction\":[{\"@type\":\"SearchAction\",\"target\":{\"@type\":\"EntryPoint\",\"urlTemplate\":\"https:\\\/\\\/elgo.pl\\\/?s={search_term_string}\"},\"query-input\":{\"@type\":\"PropertyValueSpecification\",\"valueRequired\":true,\"valueName\":\"search_term_string\"}}],\"inLanguage\":\"en-US\"}]}<\/script>\n<!-- \/ Yoast SEO plugin. -->","yoast_head_json":{"title":"Od toczenia do frezowania \u2013 poznaj metody obr\u00f3bki metali - ELGO \u015aruby","description":"Obr\u00f3bka metali to proces przetwarzania surowych materia\u0142\u00f3w poprzez techniki pozwalaj\u0105ce na uzyskanie po\u017c\u0105danych kszta\u0142t\u00f3w, wymiar\u00f3w i w\u0142a\u015bciwo\u015bci.","robots":{"index":"noindex","follow":"nofollow"},"og_locale":"en_US","og_type":"article","og_title":"Od toczenia do frezowania \u2013 poznaj metody obr\u00f3bki metali - ELGO \u015aruby","og_description":"Obr\u00f3bka metali to proces przetwarzania surowych materia\u0142\u00f3w poprzez techniki pozwalaj\u0105ce na uzyskanie po\u017c\u0105danych kszta\u0142t\u00f3w, wymiar\u00f3w i w\u0142a\u015bciwo\u015bci.","og_url":"https:\/\/elgo.pl\/en\/od-toczenia-do-frezowania-poznaj-metody-obrobki-metali\/","og_site_name":"ELGO \u015aruby","article_modified_time":"2025-01-20T12:40:50+00:00","twitter_card":"summary_large_image","schema":{"@context":"https:\/\/schema.org","@graph":[{"@type":"WebPage","@id":"https:\/\/elgo.pl\/en\/od-toczenia-do-frezowania-poznaj-metody-obrobki-metali\/","url":"https:\/\/elgo.pl\/en\/od-toczenia-do-frezowania-poznaj-metody-obrobki-metali\/","name":"Od toczenia do frezowania \u2013 poznaj metody obr\u00f3bki metali - ELGO \u015aruby","isPartOf":{"@id":"https:\/\/elgo.pl\/#website"},"datePublished":"2024-06-16T19:38:58+00:00","dateModified":"2025-01-20T12:40:50+00:00","description":"Obr\u00f3bka metali to proces przetwarzania surowych materia\u0142\u00f3w poprzez techniki pozwalaj\u0105ce na uzyskanie po\u017c\u0105danych kszta\u0142t\u00f3w, wymiar\u00f3w i w\u0142a\u015bciwo\u015bci.","breadcrumb":{"@id":"https:\/\/elgo.pl\/en\/od-toczenia-do-frezowania-poznaj-metody-obrobki-metali\/#breadcrumb"},"inLanguage":"en-US","potentialAction":[{"@type":"ReadAction","target":["https:\/\/elgo.pl\/en\/od-toczenia-do-frezowania-poznaj-metody-obrobki-metali\/"]}]},{"@type":"BreadcrumbList","@id":"https:\/\/elgo.pl\/en\/od-toczenia-do-frezowania-poznaj-metody-obrobki-metali\/#breadcrumb","itemListElement":[{"@type":"ListItem","position":1,"name":"Strona g\u0142\u00f3wna","item":"https:\/\/elgo.pl\/en\/"},{"@type":"ListItem","position":2,"name":"Od toczenia do&nbsp;frezowania \u2013 poznaj metody obr\u00f3bki metali"}]},{"@type":"WebSite","@id":"https:\/\/elgo.pl\/#website","url":"https:\/\/elgo.pl\/","name":"Elgo","description":"ELGO takes special products, Bolts for flange bolts acid-resistant, in zinc plating, issues certificates. See product catalog.","potentialAction":[{"@type":"SearchAction","target":{"@type":"EntryPoint","urlTemplate":"https:\/\/elgo.pl\/?s={search_term_string}"},"query-input":{"@type":"PropertyValueSpecification","valueRequired":true,"valueName":"search_term_string"}}],"inLanguage":"en-US"}]}},"_links":{"self":[{"href":"https:\/\/elgo.pl\/en\/wp-json\/wp\/v2\/pages\/6327","targetHints":{"allow":["GET"]}}],"collection":[{"href":"https:\/\/elgo.pl\/en\/wp-json\/wp\/v2\/pages"}],"about":[{"href":"https:\/\/elgo.pl\/en\/wp-json\/wp\/v2\/types\/page"}],"author":[{"embeddable":true,"href":"https:\/\/elgo.pl\/en\/wp-json\/wp\/v2\/users\/2125"}],"replies":[{"embeddable":true,"href":"https:\/\/elgo.pl\/en\/wp-json\/wp\/v2\/comments?post=6327"}],"version-history":[{"count":2,"href":"https:\/\/elgo.pl\/en\/wp-json\/wp\/v2\/pages\/6327\/revisions"}],"predecessor-version":[{"id":6858,"href":"https:\/\/elgo.pl\/en\/wp-json\/wp\/v2\/pages\/6327\/revisions\/6858"}],"wp:attachment":[{"href":"https:\/\/elgo.pl\/en\/wp-json\/wp\/v2\/media?parent=6327"}],"curies":[{"name":"wp","href":"https:\/\/api.w.org\/{rel}","templated":true}]}}