{"id":6335,"date":"2024-07-28T20:30:00","date_gmt":"2024-07-28T18:30:00","guid":{"rendered":"https:\/\/www.elgo-sruby.pl\/?page_id=6335"},"modified":"2025-02-14T16:17:55","modified_gmt":"2025-02-14T15:17:55","slug":"jakie-lby-moga-miec-sruby-najwazniejsze-informacje","status":"publish","type":"page","link":"https:\/\/elgo.pl\/en\/jakie-lby-moga-miec-sruby-najwazniejsze-informacje\/","title":{"rendered":"Jakie \u0142by mog\u0105 mie\u0107 \u015bruby? Najwa\u017cniejsze informacje"},"content":{"rendered":"","protected":false},"excerpt":{"rendered":"","protected":false},"author":2125,"featured_media":6244,"parent":0,"menu_order":0,"comment_status":"closed","ping_status":"closed","template":"","meta":{"_acf_changed":false,"footnotes":""},"class_list":["post-6335","page","type-page","status-publish","has-post-thumbnail","hentry","blog_categories-sruby-i-wkrety"],"acf":[],"yoast_head":"<!-- This site is optimized with the Yoast SEO plugin v27.3 - https:\/\/yoast.com\/product\/yoast-seo-wordpress\/ -->\n<title>Jakie \u0142by mog\u0105 mie\u0107 \u015bruby? Najwa\u017cniejsze informacje - ELGO \u015aruby<\/title>\n<meta name=\"description\" content=\"\u0141by \u015brub maj\u0105 r\u00f3\u017cne kszta\u0142ty i w\u0142a\u015bciwo\u015bci, kt\u00f3re determinuj\u0105 ich zastosowanie oraz spos\u00f3b monta\u017cu i demonta\u017cu. Zapoznaj si\u0119 z naszym artyku\u0142em!\" \/>\n<meta name=\"robots\" content=\"noindex, nofollow\" \/>\n<meta property=\"og:locale\" content=\"en_US\" \/>\n<meta property=\"og:type\" content=\"article\" \/>\n<meta property=\"og:title\" content=\"Jakie \u0142by mog\u0105 mie\u0107 \u015bruby? Najwa\u017cniejsze informacje - ELGO \u015aruby\" \/>\n<meta property=\"og:description\" content=\"\u0141by \u015brub maj\u0105 r\u00f3\u017cne kszta\u0142ty i w\u0142a\u015bciwo\u015bci, kt\u00f3re determinuj\u0105 ich zastosowanie oraz spos\u00f3b monta\u017cu i demonta\u017cu. Zapoznaj si\u0119 z naszym artyku\u0142em!\" \/>\n<meta property=\"og:url\" content=\"https:\/\/elgo.pl\/en\/jakie-lby-moga-miec-sruby-najwazniejsze-informacje\/\" \/>\n<meta property=\"og:site_name\" content=\"ELGO \u015aruby\" \/>\n<meta property=\"article:modified_time\" content=\"2025-02-14T15:17:55+00:00\" \/>\n<meta property=\"og:image\" content=\"https:\/\/elgo.pl\/wp-content\/uploads\/2024\/01\/sruby-calowe-1.jpg\" \/>\n\t<meta property=\"og:image:width\" content=\"1920\" \/>\n\t<meta property=\"og:image:height\" content=\"788\" \/>\n\t<meta property=\"og:image:type\" content=\"image\/jpeg\" \/>\n<meta name=\"twitter:card\" content=\"summary_large_image\" \/>\n<meta name=\"twitter:label1\" content=\"Est. reading time\" \/>\n\t<meta name=\"twitter:data1\" content=\"1 minute\" \/>\n<script type=\"application\/ld+json\" class=\"yoast-schema-graph\">{\"@context\":\"https:\\\/\\\/schema.org\",\"@graph\":[{\"@type\":\"WebPage\",\"@id\":\"https:\\\/\\\/elgo.pl\\\/en\\\/jakie-lby-moga-miec-sruby-najwazniejsze-informacje\\\/\",\"url\":\"https:\\\/\\\/elgo.pl\\\/en\\\/jakie-lby-moga-miec-sruby-najwazniejsze-informacje\\\/\",\"name\":\"Jakie \u0142by mog\u0105 mie\u0107 \u015bruby? Najwa\u017cniejsze informacje - ELGO \u015aruby\",\"isPartOf\":{\"@id\":\"https:\\\/\\\/elgo.pl\\\/#website\"},\"primaryImageOfPage\":{\"@id\":\"https:\\\/\\\/elgo.pl\\\/en\\\/jakie-lby-moga-miec-sruby-najwazniejsze-informacje\\\/#primaryimage\"},\"image\":{\"@id\":\"https:\\\/\\\/elgo.pl\\\/en\\\/jakie-lby-moga-miec-sruby-najwazniejsze-informacje\\\/#primaryimage\"},\"thumbnailUrl\":\"https:\\\/\\\/elgo.pl\\\/wp-content\\\/uploads\\\/2024\\\/01\\\/sruby-calowe-1.jpg\",\"datePublished\":\"2024-07-28T18:30:00+00:00\",\"dateModified\":\"2025-02-14T15:17:55+00:00\",\"description\":\"\u0141by \u015brub maj\u0105 r\u00f3\u017cne kszta\u0142ty i w\u0142a\u015bciwo\u015bci, kt\u00f3re determinuj\u0105 ich zastosowanie oraz spos\u00f3b monta\u017cu i demonta\u017cu. Zapoznaj si\u0119 z naszym artyku\u0142em!\",\"breadcrumb\":{\"@id\":\"https:\\\/\\\/elgo.pl\\\/en\\\/jakie-lby-moga-miec-sruby-najwazniejsze-informacje\\\/#breadcrumb\"},\"inLanguage\":\"en-US\",\"potentialAction\":[{\"@type\":\"ReadAction\",\"target\":[\"https:\\\/\\\/elgo.pl\\\/en\\\/jakie-lby-moga-miec-sruby-najwazniejsze-informacje\\\/\"]}]},{\"@type\":\"ImageObject\",\"inLanguage\":\"en-US\",\"@id\":\"https:\\\/\\\/elgo.pl\\\/en\\\/jakie-lby-moga-miec-sruby-najwazniejsze-informacje\\\/#primaryimage\",\"url\":\"https:\\\/\\\/elgo.pl\\\/wp-content\\\/uploads\\\/2024\\\/01\\\/sruby-calowe-1.jpg\",\"contentUrl\":\"https:\\\/\\\/elgo.pl\\\/wp-content\\\/uploads\\\/2024\\\/01\\\/sruby-calowe-1.jpg\",\"width\":1920,\"height\":788,\"caption\":\"\u015bruby calowe najwa\u017cniejsze informacje\"},{\"@type\":\"BreadcrumbList\",\"@id\":\"https:\\\/\\\/elgo.pl\\\/en\\\/jakie-lby-moga-miec-sruby-najwazniejsze-informacje\\\/#breadcrumb\",\"itemListElement\":[{\"@type\":\"ListItem\",\"position\":1,\"name\":\"Strona g\u0142\u00f3wna\",\"item\":\"https:\\\/\\\/elgo.pl\\\/en\\\/\"},{\"@type\":\"ListItem\",\"position\":2,\"name\":\"Jakie \u0142by mog\u0105 mie\u0107 \u015bruby? Najwa\u017cniejsze informacje\"}]},{\"@type\":\"WebSite\",\"@id\":\"https:\\\/\\\/elgo.pl\\\/#website\",\"url\":\"https:\\\/\\\/elgo.pl\\\/\",\"name\":\"Elgo\",\"description\":\"ELGO takes special products, Bolts for flange bolts acid-resistant, in zinc plating, issues certificates. See product catalog.\",\"potentialAction\":[{\"@type\":\"SearchAction\",\"target\":{\"@type\":\"EntryPoint\",\"urlTemplate\":\"https:\\\/\\\/elgo.pl\\\/?s={search_term_string}\"},\"query-input\":{\"@type\":\"PropertyValueSpecification\",\"valueRequired\":true,\"valueName\":\"search_term_string\"}}],\"inLanguage\":\"en-US\"}]}<\/script>\n<!-- \/ Yoast SEO plugin. -->","yoast_head_json":{"title":"Jakie \u0142by mog\u0105 mie\u0107 \u015bruby? Najwa\u017cniejsze informacje - ELGO \u015aruby","description":"\u0141by \u015brub maj\u0105 r\u00f3\u017cne kszta\u0142ty i w\u0142a\u015bciwo\u015bci, kt\u00f3re determinuj\u0105 ich zastosowanie oraz spos\u00f3b monta\u017cu i demonta\u017cu. Zapoznaj si\u0119 z naszym artyku\u0142em!","robots":{"index":"noindex","follow":"nofollow"},"og_locale":"en_US","og_type":"article","og_title":"Jakie \u0142by mog\u0105 mie\u0107 \u015bruby? Najwa\u017cniejsze informacje - ELGO \u015aruby","og_description":"\u0141by \u015brub maj\u0105 r\u00f3\u017cne kszta\u0142ty i w\u0142a\u015bciwo\u015bci, kt\u00f3re determinuj\u0105 ich zastosowanie oraz spos\u00f3b monta\u017cu i demonta\u017cu. Zapoznaj si\u0119 z naszym artyku\u0142em!","og_url":"https:\/\/elgo.pl\/en\/jakie-lby-moga-miec-sruby-najwazniejsze-informacje\/","og_site_name":"ELGO \u015aruby","article_modified_time":"2025-02-14T15:17:55+00:00","og_image":[{"width":1920,"height":788,"url":"https:\/\/elgo.pl\/wp-content\/uploads\/2024\/01\/sruby-calowe-1.jpg","type":"image\/jpeg"}],"twitter_card":"summary_large_image","twitter_misc":{"Est. reading time":"1 minute"},"schema":{"@context":"https:\/\/schema.org","@graph":[{"@type":"WebPage","@id":"https:\/\/elgo.pl\/en\/jakie-lby-moga-miec-sruby-najwazniejsze-informacje\/","url":"https:\/\/elgo.pl\/en\/jakie-lby-moga-miec-sruby-najwazniejsze-informacje\/","name":"Jakie \u0142by mog\u0105 mie\u0107 \u015bruby? Najwa\u017cniejsze informacje - ELGO \u015aruby","isPartOf":{"@id":"https:\/\/elgo.pl\/#website"},"primaryImageOfPage":{"@id":"https:\/\/elgo.pl\/en\/jakie-lby-moga-miec-sruby-najwazniejsze-informacje\/#primaryimage"},"image":{"@id":"https:\/\/elgo.pl\/en\/jakie-lby-moga-miec-sruby-najwazniejsze-informacje\/#primaryimage"},"thumbnailUrl":"https:\/\/elgo.pl\/wp-content\/uploads\/2024\/01\/sruby-calowe-1.jpg","datePublished":"2024-07-28T18:30:00+00:00","dateModified":"2025-02-14T15:17:55+00:00","description":"\u0141by \u015brub maj\u0105 r\u00f3\u017cne kszta\u0142ty i w\u0142a\u015bciwo\u015bci, kt\u00f3re determinuj\u0105 ich zastosowanie oraz spos\u00f3b monta\u017cu i demonta\u017cu. Zapoznaj si\u0119 z naszym artyku\u0142em!","breadcrumb":{"@id":"https:\/\/elgo.pl\/en\/jakie-lby-moga-miec-sruby-najwazniejsze-informacje\/#breadcrumb"},"inLanguage":"en-US","potentialAction":[{"@type":"ReadAction","target":["https:\/\/elgo.pl\/en\/jakie-lby-moga-miec-sruby-najwazniejsze-informacje\/"]}]},{"@type":"ImageObject","inLanguage":"en-US","@id":"https:\/\/elgo.pl\/en\/jakie-lby-moga-miec-sruby-najwazniejsze-informacje\/#primaryimage","url":"https:\/\/elgo.pl\/wp-content\/uploads\/2024\/01\/sruby-calowe-1.jpg","contentUrl":"https:\/\/elgo.pl\/wp-content\/uploads\/2024\/01\/sruby-calowe-1.jpg","width":1920,"height":788,"caption":"\u015bruby calowe najwa\u017cniejsze informacje"},{"@type":"BreadcrumbList","@id":"https:\/\/elgo.pl\/en\/jakie-lby-moga-miec-sruby-najwazniejsze-informacje\/#breadcrumb","itemListElement":[{"@type":"ListItem","position":1,"name":"Strona g\u0142\u00f3wna","item":"https:\/\/elgo.pl\/en\/"},{"@type":"ListItem","position":2,"name":"Jakie \u0142by mog\u0105 mie\u0107 \u015bruby? Najwa\u017cniejsze informacje"}]},{"@type":"WebSite","@id":"https:\/\/elgo.pl\/#website","url":"https:\/\/elgo.pl\/","name":"Elgo","description":"ELGO takes special products, Bolts for flange bolts acid-resistant, in zinc plating, issues certificates. See product catalog.","potentialAction":[{"@type":"SearchAction","target":{"@type":"EntryPoint","urlTemplate":"https:\/\/elgo.pl\/?s={search_term_string}"},"query-input":{"@type":"PropertyValueSpecification","valueRequired":true,"valueName":"search_term_string"}}],"inLanguage":"en-US"}]}},"_links":{"self":[{"href":"https:\/\/elgo.pl\/en\/wp-json\/wp\/v2\/pages\/6335","targetHints":{"allow":["GET"]}}],"collection":[{"href":"https:\/\/elgo.pl\/en\/wp-json\/wp\/v2\/pages"}],"about":[{"href":"https:\/\/elgo.pl\/en\/wp-json\/wp\/v2\/types\/page"}],"author":[{"embeddable":true,"href":"https:\/\/elgo.pl\/en\/wp-json\/wp\/v2\/users\/2125"}],"replies":[{"embeddable":true,"href":"https:\/\/elgo.pl\/en\/wp-json\/wp\/v2\/comments?post=6335"}],"version-history":[{"count":15,"href":"https:\/\/elgo.pl\/en\/wp-json\/wp\/v2\/pages\/6335\/revisions"}],"predecessor-version":[{"id":6946,"href":"https:\/\/elgo.pl\/en\/wp-json\/wp\/v2\/pages\/6335\/revisions\/6946"}],"wp:featuredmedia":[{"embeddable":true,"href":"https:\/\/elgo.pl\/en\/wp-json\/wp\/v2\/media\/6244"}],"wp:attachment":[{"href":"https:\/\/elgo.pl\/en\/wp-json\/wp\/v2\/media?parent=6335"}],"curies":[{"name":"wp","href":"https:\/\/api.w.org\/{rel}","templated":true}]}}