{"id":7050,"date":"2025-02-21T01:10:24","date_gmt":"2025-02-21T00:10:24","guid":{"rendered":"https:\/\/elgo.pl\/?page_id=7050"},"modified":"2025-12-12T09:03:51","modified_gmt":"2025-12-12T08:03:51","slug":"wycena-z-dzialu-handlowego","status":"publish","type":"page","link":"https:\/\/elgo.pl\/en\/wycena-z-dzialu-handlowego\/","title":{"rendered":"Wycena z&nbsp;dzia\u0142u handlowego"},"content":{"rendered":"","protected":false},"excerpt":{"rendered":"","protected":false},"author":2127,"featured_media":0,"parent":0,"menu_order":0,"comment_status":"closed","ping_status":"closed","template":"templates\/page-handlowy.php","meta":{"_acf_changed":false,"footnotes":""},"class_list":["post-7050","page","type-page","status-publish","hentry"],"acf":[],"yoast_head":"<!-- This site is optimized with the Yoast SEO plugin v27.3 - https:\/\/yoast.com\/product\/yoast-seo-wordpress\/ -->\n<title>Wycena element\u00f3w z\u0142\u0105cznych i doradztwo techniczne | Elgo.Wycena indywidualna i oferta hurtowa | Producent i Dystrybutor Elgo.pl<\/title>\n<meta name=\"description\" content=\"Jako producent i dystrybutor element\u00f3w z\u0142\u0105cznych, Elgo oferuje indywidualne wyceny dla firm. Zam\u00f3w hurtowo towar z magazynu lub zle\u0107 produkcj\u0119 nietypow\u0105 w jednym miejscu.\" \/>\n<meta name=\"robots\" content=\"noindex, nofollow\" \/>\n<meta property=\"og:locale\" content=\"en_US\" \/>\n<meta property=\"og:type\" content=\"article\" \/>\n<meta property=\"og:title\" content=\"Wycena element\u00f3w z\u0142\u0105cznych i doradztwo techniczne | Elgo.Wycena indywidualna i oferta hurtowa | Producent i Dystrybutor Elgo.pl\" \/>\n<meta property=\"og:description\" content=\"Jako producent i dystrybutor element\u00f3w z\u0142\u0105cznych, Elgo oferuje indywidualne wyceny dla firm. Zam\u00f3w hurtowo towar z magazynu lub zle\u0107 produkcj\u0119 nietypow\u0105 w jednym miejscu.\" \/>\n<meta property=\"og:url\" content=\"https:\/\/elgo.pl\/en\/wycena-z-dzialu-handlowego\/\" \/>\n<meta property=\"og:site_name\" content=\"ELGO \u015aruby\" \/>\n<meta property=\"article:modified_time\" content=\"2025-12-12T08:03:51+00:00\" \/>\n<meta name=\"twitter:card\" content=\"summary_large_image\" \/>\n<script type=\"application\/ld+json\" class=\"yoast-schema-graph\">{\"@context\":\"https:\\\/\\\/schema.org\",\"@graph\":[{\"@type\":\"WebPage\",\"@id\":\"https:\\\/\\\/elgo.pl\\\/en\\\/wycena-z-dzialu-handlowego\\\/\",\"url\":\"https:\\\/\\\/elgo.pl\\\/en\\\/wycena-z-dzialu-handlowego\\\/\",\"name\":\"Wycena element\u00f3w z\u0142\u0105cznych i doradztwo techniczne | Elgo.Wycena indywidualna i oferta hurtowa | Producent i Dystrybutor Elgo.pl\",\"isPartOf\":{\"@id\":\"https:\\\/\\\/elgo.pl\\\/#website\"},\"datePublished\":\"2025-02-21T00:10:24+00:00\",\"dateModified\":\"2025-12-12T08:03:51+00:00\",\"description\":\"Jako producent i dystrybutor element\u00f3w z\u0142\u0105cznych, Elgo oferuje indywidualne wyceny dla firm. Zam\u00f3w hurtowo towar z magazynu lub zle\u0107 produkcj\u0119 nietypow\u0105 w jednym miejscu.\",\"breadcrumb\":{\"@id\":\"https:\\\/\\\/elgo.pl\\\/en\\\/wycena-z-dzialu-handlowego\\\/#breadcrumb\"},\"inLanguage\":\"en-US\",\"potentialAction\":[{\"@type\":\"ReadAction\",\"target\":[\"https:\\\/\\\/elgo.pl\\\/en\\\/wycena-z-dzialu-handlowego\\\/\"]}]},{\"@type\":\"BreadcrumbList\",\"@id\":\"https:\\\/\\\/elgo.pl\\\/en\\\/wycena-z-dzialu-handlowego\\\/#breadcrumb\",\"itemListElement\":[{\"@type\":\"ListItem\",\"position\":1,\"name\":\"Strona g\u0142\u00f3wna\",\"item\":\"https:\\\/\\\/elgo.pl\\\/en\\\/\"},{\"@type\":\"ListItem\",\"position\":2,\"name\":\"Wycena z&nbsp;dzia\u0142u handlowego\"}]},{\"@type\":\"WebSite\",\"@id\":\"https:\\\/\\\/elgo.pl\\\/#website\",\"url\":\"https:\\\/\\\/elgo.pl\\\/\",\"name\":\"Elgo\",\"description\":\"ELGO takes special products, Bolts for flange bolts acid-resistant, in zinc plating, issues certificates. See product catalog.\",\"potentialAction\":[{\"@type\":\"SearchAction\",\"target\":{\"@type\":\"EntryPoint\",\"urlTemplate\":\"https:\\\/\\\/elgo.pl\\\/?s={search_term_string}\"},\"query-input\":{\"@type\":\"PropertyValueSpecification\",\"valueRequired\":true,\"valueName\":\"search_term_string\"}}],\"inLanguage\":\"en-US\"}]}<\/script>\n<!-- \/ Yoast SEO plugin. -->","yoast_head_json":{"title":"Wycena element\u00f3w z\u0142\u0105cznych i doradztwo techniczne | Elgo.Wycena indywidualna i oferta hurtowa | Producent i Dystrybutor Elgo.pl","description":"Jako producent i dystrybutor element\u00f3w z\u0142\u0105cznych, Elgo oferuje indywidualne wyceny dla firm. Zam\u00f3w hurtowo towar z magazynu lub zle\u0107 produkcj\u0119 nietypow\u0105 w jednym miejscu.","robots":{"index":"noindex","follow":"nofollow"},"og_locale":"en_US","og_type":"article","og_title":"Wycena element\u00f3w z\u0142\u0105cznych i doradztwo techniczne | Elgo.Wycena indywidualna i oferta hurtowa | Producent i Dystrybutor Elgo.pl","og_description":"Jako producent i dystrybutor element\u00f3w z\u0142\u0105cznych, Elgo oferuje indywidualne wyceny dla firm. Zam\u00f3w hurtowo towar z magazynu lub zle\u0107 produkcj\u0119 nietypow\u0105 w jednym miejscu.","og_url":"https:\/\/elgo.pl\/en\/wycena-z-dzialu-handlowego\/","og_site_name":"ELGO \u015aruby","article_modified_time":"2025-12-12T08:03:51+00:00","twitter_card":"summary_large_image","schema":{"@context":"https:\/\/schema.org","@graph":[{"@type":"WebPage","@id":"https:\/\/elgo.pl\/en\/wycena-z-dzialu-handlowego\/","url":"https:\/\/elgo.pl\/en\/wycena-z-dzialu-handlowego\/","name":"Wycena element\u00f3w z\u0142\u0105cznych i doradztwo techniczne | Elgo.Wycena indywidualna i oferta hurtowa | Producent i Dystrybutor Elgo.pl","isPartOf":{"@id":"https:\/\/elgo.pl\/#website"},"datePublished":"2025-02-21T00:10:24+00:00","dateModified":"2025-12-12T08:03:51+00:00","description":"Jako producent i dystrybutor element\u00f3w z\u0142\u0105cznych, Elgo oferuje indywidualne wyceny dla firm. Zam\u00f3w hurtowo towar z magazynu lub zle\u0107 produkcj\u0119 nietypow\u0105 w jednym miejscu.","breadcrumb":{"@id":"https:\/\/elgo.pl\/en\/wycena-z-dzialu-handlowego\/#breadcrumb"},"inLanguage":"en-US","potentialAction":[{"@type":"ReadAction","target":["https:\/\/elgo.pl\/en\/wycena-z-dzialu-handlowego\/"]}]},{"@type":"BreadcrumbList","@id":"https:\/\/elgo.pl\/en\/wycena-z-dzialu-handlowego\/#breadcrumb","itemListElement":[{"@type":"ListItem","position":1,"name":"Strona g\u0142\u00f3wna","item":"https:\/\/elgo.pl\/en\/"},{"@type":"ListItem","position":2,"name":"Wycena z&nbsp;dzia\u0142u handlowego"}]},{"@type":"WebSite","@id":"https:\/\/elgo.pl\/#website","url":"https:\/\/elgo.pl\/","name":"Elgo","description":"ELGO takes special products, Bolts for flange bolts acid-resistant, in zinc plating, issues certificates. See product catalog.","potentialAction":[{"@type":"SearchAction","target":{"@type":"EntryPoint","urlTemplate":"https:\/\/elgo.pl\/?s={search_term_string}"},"query-input":{"@type":"PropertyValueSpecification","valueRequired":true,"valueName":"search_term_string"}}],"inLanguage":"en-US"}]}},"_links":{"self":[{"href":"https:\/\/elgo.pl\/en\/wp-json\/wp\/v2\/pages\/7050","targetHints":{"allow":["GET"]}}],"collection":[{"href":"https:\/\/elgo.pl\/en\/wp-json\/wp\/v2\/pages"}],"about":[{"href":"https:\/\/elgo.pl\/en\/wp-json\/wp\/v2\/types\/page"}],"author":[{"embeddable":true,"href":"https:\/\/elgo.pl\/en\/wp-json\/wp\/v2\/users\/2127"}],"replies":[{"embeddable":true,"href":"https:\/\/elgo.pl\/en\/wp-json\/wp\/v2\/comments?post=7050"}],"version-history":[{"count":8,"href":"https:\/\/elgo.pl\/en\/wp-json\/wp\/v2\/pages\/7050\/revisions"}],"predecessor-version":[{"id":7063,"href":"https:\/\/elgo.pl\/en\/wp-json\/wp\/v2\/pages\/7050\/revisions\/7063"}],"wp:attachment":[{"href":"https:\/\/elgo.pl\/en\/wp-json\/wp\/v2\/media?parent=7050"}],"curies":[{"name":"wp","href":"https:\/\/api.w.org\/{rel}","templated":true}]}}