{"id":8264,"date":"2025-12-20T02:29:15","date_gmt":"2025-12-20T01:29:15","guid":{"rendered":"https:\/\/elgo.pl\/?page_id=8264"},"modified":"2026-04-23T10:53:59","modified_gmt":"2026-04-23T08:53:59","slug":"prety-gwintowane-na-zamowienie","status":"publish","type":"page","link":"https:\/\/elgo.pl\/en\/prety-gwintowane-na-zamowienie\/","title":{"rendered":"Pr\u0119ty gwintowane na&nbsp;zam\u00f3wienie"},"content":{"rendered":"","protected":false},"excerpt":{"rendered":"","protected":false},"author":2127,"featured_media":0,"parent":0,"menu_order":0,"comment_status":"closed","ping_status":"closed","template":"templates\/page-production-rods.php","meta":{"_acf_changed":false,"footnotes":""},"class_list":["post-8264","page","type-page","status-publish","hentry"],"acf":[],"yoast_head":"<!-- This site is optimized with the Yoast SEO plugin v27.3 - https:\/\/yoast.com\/product\/yoast-seo-wordpress\/ -->\n<title>Pr\u0119ty gwintowane na zam\u00f3wienie \u2013 produkcja pod wymiar | Elgo.pl<\/title>\n<meta name=\"description\" content=\"Produkcja pr\u0119t\u00f3w gwintowanych na zam\u00f3wienie w Elgo. Dowolne d\u0142ugo\u015bci pr\u0119t\u00f3w, \u015brednice M6-M110, stal 8.8, 10.9, 42CrMo4. Produkcja pr\u0119t\u00f3w pod wymiar!\" \/>\n<meta name=\"robots\" content=\"noindex, nofollow\" \/>\n<meta property=\"og:locale\" content=\"en_US\" \/>\n<meta property=\"og:type\" content=\"article\" \/>\n<meta property=\"og:title\" content=\"Pr\u0119ty gwintowane na zam\u00f3wienie \u2013 produkcja pod wymiar | Elgo.pl\" \/>\n<meta property=\"og:description\" content=\"Produkcja pr\u0119t\u00f3w gwintowanych na zam\u00f3wienie w Elgo. Dowolne d\u0142ugo\u015bci pr\u0119t\u00f3w, \u015brednice M6-M110, stal 8.8, 10.9, 42CrMo4. Produkcja pr\u0119t\u00f3w pod wymiar!\" \/>\n<meta property=\"og:url\" content=\"https:\/\/elgo.pl\/en\/prety-gwintowane-na-zamowienie\/\" \/>\n<meta property=\"og:site_name\" content=\"ELGO \u015aruby\" \/>\n<meta property=\"article:modified_time\" content=\"2026-04-23T08:53:59+00:00\" \/>\n<meta name=\"twitter:card\" content=\"summary_large_image\" \/>\n<script type=\"application\/ld+json\" class=\"yoast-schema-graph\">{\"@context\":\"https:\\\/\\\/schema.org\",\"@graph\":[{\"@type\":\"WebPage\",\"@id\":\"https:\\\/\\\/elgo.pl\\\/en\\\/prety-gwintowane-na-zamowienie\\\/\",\"url\":\"https:\\\/\\\/elgo.pl\\\/en\\\/prety-gwintowane-na-zamowienie\\\/\",\"name\":\"Pr\u0119ty gwintowane na zam\u00f3wienie \u2013 produkcja pod wymiar | Elgo.pl\",\"isPartOf\":{\"@id\":\"https:\\\/\\\/elgo.pl\\\/#website\"},\"datePublished\":\"2025-12-20T01:29:15+00:00\",\"dateModified\":\"2026-04-23T08:53:59+00:00\",\"description\":\"Produkcja pr\u0119t\u00f3w gwintowanych na zam\u00f3wienie w Elgo. Dowolne d\u0142ugo\u015bci pr\u0119t\u00f3w, \u015brednice M6-M110, stal 8.8, 10.9, 42CrMo4. Produkcja pr\u0119t\u00f3w pod wymiar!\",\"breadcrumb\":{\"@id\":\"https:\\\/\\\/elgo.pl\\\/en\\\/prety-gwintowane-na-zamowienie\\\/#breadcrumb\"},\"inLanguage\":\"en-US\",\"potentialAction\":[{\"@type\":\"ReadAction\",\"target\":[\"https:\\\/\\\/elgo.pl\\\/en\\\/prety-gwintowane-na-zamowienie\\\/\"]}]},{\"@type\":\"BreadcrumbList\",\"@id\":\"https:\\\/\\\/elgo.pl\\\/en\\\/prety-gwintowane-na-zamowienie\\\/#breadcrumb\",\"itemListElement\":[{\"@type\":\"ListItem\",\"position\":1,\"name\":\"Strona g\u0142\u00f3wna\",\"item\":\"https:\\\/\\\/elgo.pl\\\/en\\\/\"},{\"@type\":\"ListItem\",\"position\":2,\"name\":\"Pr\u0119ty gwintowane na&nbsp;zam\u00f3wienie\"}]},{\"@type\":\"WebSite\",\"@id\":\"https:\\\/\\\/elgo.pl\\\/#website\",\"url\":\"https:\\\/\\\/elgo.pl\\\/\",\"name\":\"Elgo\",\"description\":\"ELGO takes special products, Bolts for flange bolts acid-resistant, in zinc plating, issues certificates. See product catalog.\",\"potentialAction\":[{\"@type\":\"SearchAction\",\"target\":{\"@type\":\"EntryPoint\",\"urlTemplate\":\"https:\\\/\\\/elgo.pl\\\/?s={search_term_string}\"},\"query-input\":{\"@type\":\"PropertyValueSpecification\",\"valueRequired\":true,\"valueName\":\"search_term_string\"}}],\"inLanguage\":\"en-US\"}]}<\/script>\n<!-- \/ Yoast SEO plugin. -->","yoast_head_json":{"title":"Pr\u0119ty gwintowane na zam\u00f3wienie \u2013 produkcja pod wymiar | Elgo.pl","description":"Produkcja pr\u0119t\u00f3w gwintowanych na zam\u00f3wienie w Elgo. Dowolne d\u0142ugo\u015bci pr\u0119t\u00f3w, \u015brednice M6-M110, stal 8.8, 10.9, 42CrMo4. Produkcja pr\u0119t\u00f3w pod wymiar!","robots":{"index":"noindex","follow":"nofollow"},"og_locale":"en_US","og_type":"article","og_title":"Pr\u0119ty gwintowane na zam\u00f3wienie \u2013 produkcja pod wymiar | Elgo.pl","og_description":"Produkcja pr\u0119t\u00f3w gwintowanych na zam\u00f3wienie w Elgo. Dowolne d\u0142ugo\u015bci pr\u0119t\u00f3w, \u015brednice M6-M110, stal 8.8, 10.9, 42CrMo4. Produkcja pr\u0119t\u00f3w pod wymiar!","og_url":"https:\/\/elgo.pl\/en\/prety-gwintowane-na-zamowienie\/","og_site_name":"ELGO \u015aruby","article_modified_time":"2026-04-23T08:53:59+00:00","twitter_card":"summary_large_image","schema":{"@context":"https:\/\/schema.org","@graph":[{"@type":"WebPage","@id":"https:\/\/elgo.pl\/en\/prety-gwintowane-na-zamowienie\/","url":"https:\/\/elgo.pl\/en\/prety-gwintowane-na-zamowienie\/","name":"Pr\u0119ty gwintowane na zam\u00f3wienie \u2013 produkcja pod wymiar | Elgo.pl","isPartOf":{"@id":"https:\/\/elgo.pl\/#website"},"datePublished":"2025-12-20T01:29:15+00:00","dateModified":"2026-04-23T08:53:59+00:00","description":"Produkcja pr\u0119t\u00f3w gwintowanych na zam\u00f3wienie w Elgo. Dowolne d\u0142ugo\u015bci pr\u0119t\u00f3w, \u015brednice M6-M110, stal 8.8, 10.9, 42CrMo4. Produkcja pr\u0119t\u00f3w pod wymiar!","breadcrumb":{"@id":"https:\/\/elgo.pl\/en\/prety-gwintowane-na-zamowienie\/#breadcrumb"},"inLanguage":"en-US","potentialAction":[{"@type":"ReadAction","target":["https:\/\/elgo.pl\/en\/prety-gwintowane-na-zamowienie\/"]}]},{"@type":"BreadcrumbList","@id":"https:\/\/elgo.pl\/en\/prety-gwintowane-na-zamowienie\/#breadcrumb","itemListElement":[{"@type":"ListItem","position":1,"name":"Strona g\u0142\u00f3wna","item":"https:\/\/elgo.pl\/en\/"},{"@type":"ListItem","position":2,"name":"Pr\u0119ty gwintowane na&nbsp;zam\u00f3wienie"}]},{"@type":"WebSite","@id":"https:\/\/elgo.pl\/#website","url":"https:\/\/elgo.pl\/","name":"Elgo","description":"ELGO takes special products, Bolts for flange bolts acid-resistant, in zinc plating, issues certificates. See product catalog.","potentialAction":[{"@type":"SearchAction","target":{"@type":"EntryPoint","urlTemplate":"https:\/\/elgo.pl\/?s={search_term_string}"},"query-input":{"@type":"PropertyValueSpecification","valueRequired":true,"valueName":"search_term_string"}}],"inLanguage":"en-US"}]}},"_links":{"self":[{"href":"https:\/\/elgo.pl\/en\/wp-json\/wp\/v2\/pages\/8264","targetHints":{"allow":["GET"]}}],"collection":[{"href":"https:\/\/elgo.pl\/en\/wp-json\/wp\/v2\/pages"}],"about":[{"href":"https:\/\/elgo.pl\/en\/wp-json\/wp\/v2\/types\/page"}],"author":[{"embeddable":true,"href":"https:\/\/elgo.pl\/en\/wp-json\/wp\/v2\/users\/2127"}],"replies":[{"embeddable":true,"href":"https:\/\/elgo.pl\/en\/wp-json\/wp\/v2\/comments?post=8264"}],"version-history":[{"count":1,"href":"https:\/\/elgo.pl\/en\/wp-json\/wp\/v2\/pages\/8264\/revisions"}],"predecessor-version":[{"id":8265,"href":"https:\/\/elgo.pl\/en\/wp-json\/wp\/v2\/pages\/8264\/revisions\/8265"}],"wp:attachment":[{"href":"https:\/\/elgo.pl\/en\/wp-json\/wp\/v2\/media?parent=8264"}],"curies":[{"name":"wp","href":"https:\/\/api.w.org\/{rel}","templated":true}]}}