{"id":8325,"date":"2026-03-10T16:51:17","date_gmt":"2026-03-10T15:51:17","guid":{"rendered":"https:\/\/elgo.pl\/?page_id=8325"},"modified":"2026-03-10T16:51:17","modified_gmt":"2026-03-10T15:51:17","slug":"kotwy-i-elementy-zlaczne-do-konstrukcji-stalowych","status":"publish","type":"page","link":"https:\/\/elgo.pl\/en\/kotwy-i-elementy-zlaczne-do-konstrukcji-stalowych\/","title":{"rendered":"Kotwy i&nbsp;elementy z\u0142\u0105czne do&nbsp;konstrukcji stalowych"},"content":{"rendered":"","protected":false},"excerpt":{"rendered":"","protected":false},"author":2127,"featured_media":0,"parent":0,"menu_order":0,"comment_status":"closed","ping_status":"closed","template":"templates\/page-kotwy-new.php","meta":{"_acf_changed":false,"footnotes":""},"class_list":["post-8325","page","type-page","status-publish","hentry"],"acf":[],"yoast_head":"<!-- This site is optimized with the Yoast SEO plugin v27.3 - https:\/\/yoast.com\/product\/yoast-seo-wordpress\/ -->\n<title>Kotwy, pr\u0119ty gwintowane i \u015bruby HV do konstrukcji stalowych | Elgo.pl<\/title>\n<meta name=\"description\" content=\"Pr\u0119ty gwintowane do kotwie\u0144 fundamentowych, \u015bruby HV EN 14399 i SB EN 15048 oraz elementy cynkowane ogniowo do konstrukcji stalowych. Dokumentacja 3.1, klasy 8.8 \/ 10.9 i zgodno\u015b\u0107 z EN 1090.\" \/>\n<meta name=\"robots\" content=\"noindex, nofollow\" \/>\n<meta property=\"og:locale\" content=\"en_US\" \/>\n<meta property=\"og:type\" content=\"article\" \/>\n<meta property=\"og:title\" content=\"Kotwy, pr\u0119ty gwintowane i \u015bruby HV do konstrukcji stalowych | Elgo.pl\" \/>\n<meta property=\"og:description\" content=\"Pr\u0119ty gwintowane do kotwie\u0144 fundamentowych, \u015bruby HV EN 14399 i SB EN 15048 oraz elementy cynkowane ogniowo do konstrukcji stalowych. Dokumentacja 3.1, klasy 8.8 \/ 10.9 i zgodno\u015b\u0107 z EN 1090.\" \/>\n<meta property=\"og:url\" content=\"https:\/\/elgo.pl\/en\/kotwy-i-elementy-zlaczne-do-konstrukcji-stalowych\/\" \/>\n<meta property=\"og:site_name\" content=\"ELGO \u015aruby\" \/>\n<meta name=\"twitter:card\" content=\"summary_large_image\" \/>\n<script type=\"application\/ld+json\" class=\"yoast-schema-graph\">{\"@context\":\"https:\\\/\\\/schema.org\",\"@graph\":[{\"@type\":\"WebPage\",\"@id\":\"https:\\\/\\\/elgo.pl\\\/en\\\/kotwy-i-elementy-zlaczne-do-konstrukcji-stalowych\\\/\",\"url\":\"https:\\\/\\\/elgo.pl\\\/en\\\/kotwy-i-elementy-zlaczne-do-konstrukcji-stalowych\\\/\",\"name\":\"Kotwy, pr\u0119ty gwintowane i \u015bruby HV do konstrukcji stalowych | Elgo.pl\",\"isPartOf\":{\"@id\":\"https:\\\/\\\/elgo.pl\\\/#website\"},\"datePublished\":\"2026-03-10T15:51:17+00:00\",\"description\":\"Pr\u0119ty gwintowane do kotwie\u0144 fundamentowych, \u015bruby HV EN 14399 i SB EN 15048 oraz elementy cynkowane ogniowo do konstrukcji stalowych. Dokumentacja 3.1, klasy 8.8 \\\/ 10.9 i zgodno\u015b\u0107 z EN 1090.\",\"breadcrumb\":{\"@id\":\"https:\\\/\\\/elgo.pl\\\/en\\\/kotwy-i-elementy-zlaczne-do-konstrukcji-stalowych\\\/#breadcrumb\"},\"inLanguage\":\"en-US\",\"potentialAction\":[{\"@type\":\"ReadAction\",\"target\":[\"https:\\\/\\\/elgo.pl\\\/en\\\/kotwy-i-elementy-zlaczne-do-konstrukcji-stalowych\\\/\"]}]},{\"@type\":\"BreadcrumbList\",\"@id\":\"https:\\\/\\\/elgo.pl\\\/en\\\/kotwy-i-elementy-zlaczne-do-konstrukcji-stalowych\\\/#breadcrumb\",\"itemListElement\":[{\"@type\":\"ListItem\",\"position\":1,\"name\":\"Strona g\u0142\u00f3wna\",\"item\":\"https:\\\/\\\/elgo.pl\\\/en\\\/\"},{\"@type\":\"ListItem\",\"position\":2,\"name\":\"Kotwy i&nbsp;elementy z\u0142\u0105czne do&nbsp;konstrukcji stalowych\"}]},{\"@type\":\"WebSite\",\"@id\":\"https:\\\/\\\/elgo.pl\\\/#website\",\"url\":\"https:\\\/\\\/elgo.pl\\\/\",\"name\":\"Elgo\",\"description\":\"ELGO takes special products, Bolts for flange bolts acid-resistant, in zinc plating, issues certificates. See product catalog.\",\"potentialAction\":[{\"@type\":\"SearchAction\",\"target\":{\"@type\":\"EntryPoint\",\"urlTemplate\":\"https:\\\/\\\/elgo.pl\\\/?s={search_term_string}\"},\"query-input\":{\"@type\":\"PropertyValueSpecification\",\"valueRequired\":true,\"valueName\":\"search_term_string\"}}],\"inLanguage\":\"en-US\"}]}<\/script>\n<!-- \/ Yoast SEO plugin. -->","yoast_head_json":{"title":"Kotwy, pr\u0119ty gwintowane i \u015bruby HV do konstrukcji stalowych | Elgo.pl","description":"Pr\u0119ty gwintowane do kotwie\u0144 fundamentowych, \u015bruby HV EN 14399 i SB EN 15048 oraz elementy cynkowane ogniowo do konstrukcji stalowych. Dokumentacja 3.1, klasy 8.8 \/ 10.9 i zgodno\u015b\u0107 z EN 1090.","robots":{"index":"noindex","follow":"nofollow"},"og_locale":"en_US","og_type":"article","og_title":"Kotwy, pr\u0119ty gwintowane i \u015bruby HV do konstrukcji stalowych | Elgo.pl","og_description":"Pr\u0119ty gwintowane do kotwie\u0144 fundamentowych, \u015bruby HV EN 14399 i SB EN 15048 oraz elementy cynkowane ogniowo do konstrukcji stalowych. Dokumentacja 3.1, klasy 8.8 \/ 10.9 i zgodno\u015b\u0107 z EN 1090.","og_url":"https:\/\/elgo.pl\/en\/kotwy-i-elementy-zlaczne-do-konstrukcji-stalowych\/","og_site_name":"ELGO \u015aruby","twitter_card":"summary_large_image","schema":{"@context":"https:\/\/schema.org","@graph":[{"@type":"WebPage","@id":"https:\/\/elgo.pl\/en\/kotwy-i-elementy-zlaczne-do-konstrukcji-stalowych\/","url":"https:\/\/elgo.pl\/en\/kotwy-i-elementy-zlaczne-do-konstrukcji-stalowych\/","name":"Kotwy, pr\u0119ty gwintowane i \u015bruby HV do konstrukcji stalowych | Elgo.pl","isPartOf":{"@id":"https:\/\/elgo.pl\/#website"},"datePublished":"2026-03-10T15:51:17+00:00","description":"Pr\u0119ty gwintowane do kotwie\u0144 fundamentowych, \u015bruby HV EN 14399 i SB EN 15048 oraz elementy cynkowane ogniowo do konstrukcji stalowych. Dokumentacja 3.1, klasy 8.8 \/ 10.9 i zgodno\u015b\u0107 z EN 1090.","breadcrumb":{"@id":"https:\/\/elgo.pl\/en\/kotwy-i-elementy-zlaczne-do-konstrukcji-stalowych\/#breadcrumb"},"inLanguage":"en-US","potentialAction":[{"@type":"ReadAction","target":["https:\/\/elgo.pl\/en\/kotwy-i-elementy-zlaczne-do-konstrukcji-stalowych\/"]}]},{"@type":"BreadcrumbList","@id":"https:\/\/elgo.pl\/en\/kotwy-i-elementy-zlaczne-do-konstrukcji-stalowych\/#breadcrumb","itemListElement":[{"@type":"ListItem","position":1,"name":"Strona g\u0142\u00f3wna","item":"https:\/\/elgo.pl\/en\/"},{"@type":"ListItem","position":2,"name":"Kotwy i&nbsp;elementy z\u0142\u0105czne do&nbsp;konstrukcji stalowych"}]},{"@type":"WebSite","@id":"https:\/\/elgo.pl\/#website","url":"https:\/\/elgo.pl\/","name":"Elgo","description":"ELGO takes special products, Bolts for flange bolts acid-resistant, in zinc plating, issues certificates. See product catalog.","potentialAction":[{"@type":"SearchAction","target":{"@type":"EntryPoint","urlTemplate":"https:\/\/elgo.pl\/?s={search_term_string}"},"query-input":{"@type":"PropertyValueSpecification","valueRequired":true,"valueName":"search_term_string"}}],"inLanguage":"en-US"}]}},"_links":{"self":[{"href":"https:\/\/elgo.pl\/en\/wp-json\/wp\/v2\/pages\/8325","targetHints":{"allow":["GET"]}}],"collection":[{"href":"https:\/\/elgo.pl\/en\/wp-json\/wp\/v2\/pages"}],"about":[{"href":"https:\/\/elgo.pl\/en\/wp-json\/wp\/v2\/types\/page"}],"author":[{"embeddable":true,"href":"https:\/\/elgo.pl\/en\/wp-json\/wp\/v2\/users\/2127"}],"replies":[{"embeddable":true,"href":"https:\/\/elgo.pl\/en\/wp-json\/wp\/v2\/comments?post=8325"}],"version-history":[{"count":5,"href":"https:\/\/elgo.pl\/en\/wp-json\/wp\/v2\/pages\/8325\/revisions"}],"predecessor-version":[{"id":8439,"href":"https:\/\/elgo.pl\/en\/wp-json\/wp\/v2\/pages\/8325\/revisions\/8439"}],"wp:attachment":[{"href":"https:\/\/elgo.pl\/en\/wp-json\/wp\/v2\/media?parent=8325"}],"curies":[{"name":"wp","href":"https:\/\/api.w.org\/{rel}","templated":true}]}}