{"id":8440,"date":"2026-04-07T23:45:33","date_gmt":"2026-04-07T21:45:33","guid":{"rendered":"https:\/\/elgo.pl\/?page_id=8440"},"modified":"2026-05-08T09:22:35","modified_gmt":"2026-05-08T07:22:35","slug":"home-new","status":"publish","type":"page","link":"https:\/\/elgo.pl\/en\/","title":{"rendered":"Strona g\u0142\u00f3wna"},"content":{"rendered":"","protected":false},"excerpt":{"rendered":"","protected":false},"author":2127,"featured_media":0,"parent":0,"menu_order":0,"comment_status":"closed","ping_status":"closed","template":"templates\/page-home-new.php","meta":{"_acf_changed":false,"footnotes":""},"class_list":["post-8440","page","type-page","status-publish","hentry"],"acf":[],"yoast_head":"<!-- This site is optimized with the Yoast SEO plugin v27.3 - https:\/\/yoast.com\/product\/yoast-seo-wordpress\/ -->\n<title>Producent i dystrybutor element\u00f3w z\u0142\u0105cznych | Elgo.pl<\/title>\n<meta name=\"description\" content=\"Specjalizujemy si\u0119 w produkcji certyfikowanych element\u00f3w z\u0142\u0105cznych ze stali stopowych zgodnych z PED \u2022 Profesjonalne doradztwo \u2022 Sprawd\u017a teraz!\" \/>\n<meta name=\"robots\" content=\"noindex, nofollow\" \/>\n<meta property=\"og:locale\" content=\"en_US\" \/>\n<meta property=\"og:type\" content=\"article\" \/>\n<meta property=\"og:title\" content=\"Producent i dystrybutor element\u00f3w z\u0142\u0105cznych | Elgo.pl\" \/>\n<meta property=\"og:description\" content=\"Specjalizujemy si\u0119 w produkcji certyfikowanych element\u00f3w z\u0142\u0105cznych ze stali stopowych zgodnych z PED \u2022 Profesjonalne doradztwo \u2022 Sprawd\u017a teraz!\" \/>\n<meta property=\"og:url\" content=\"https:\/\/elgo.pl\/en\/\" \/>\n<meta property=\"og:site_name\" content=\"ELGO \u015aruby\" \/>\n<meta property=\"article:modified_time\" content=\"2026-05-08T07:22:35+00:00\" \/>\n<meta name=\"twitter:card\" content=\"summary_large_image\" \/>\n<script type=\"application\/ld+json\" class=\"yoast-schema-graph\">{\"@context\":\"https:\\\/\\\/schema.org\",\"@graph\":[{\"@type\":\"WebPage\",\"@id\":\"https:\\\/\\\/elgo.pl\\\/en\\\/\",\"url\":\"https:\\\/\\\/elgo.pl\\\/en\\\/\",\"name\":\"Producent i dystrybutor element\u00f3w z\u0142\u0105cznych | Elgo.pl\",\"isPartOf\":{\"@id\":\"https:\\\/\\\/elgo.pl\\\/#website\"},\"datePublished\":\"2026-04-07T21:45:33+00:00\",\"dateModified\":\"2026-05-08T07:22:35+00:00\",\"description\":\"Specjalizujemy si\u0119 w produkcji certyfikowanych element\u00f3w z\u0142\u0105cznych ze stali stopowych zgodnych z PED \u2022 Profesjonalne doradztwo \u2022 Sprawd\u017a teraz!\",\"breadcrumb\":{\"@id\":\"https:\\\/\\\/elgo.pl\\\/en\\\/#breadcrumb\"},\"inLanguage\":\"en-US\",\"potentialAction\":[{\"@type\":\"ReadAction\",\"target\":[\"https:\\\/\\\/elgo.pl\\\/en\\\/\"]}]},{\"@type\":\"BreadcrumbList\",\"@id\":\"https:\\\/\\\/elgo.pl\\\/en\\\/#breadcrumb\",\"itemListElement\":[{\"@type\":\"ListItem\",\"position\":1,\"name\":\"Strona g\u0142\u00f3wna\",\"item\":\"https:\\\/\\\/elgo.pl\\\/en\\\/\"},{\"@type\":\"ListItem\",\"position\":2,\"name\":\"Strona g\u0142\u00f3wna\"}]},{\"@type\":\"WebSite\",\"@id\":\"https:\\\/\\\/elgo.pl\\\/#website\",\"url\":\"https:\\\/\\\/elgo.pl\\\/\",\"name\":\"Elgo\",\"description\":\"ELGO takes special products, Bolts for flange bolts acid-resistant, in zinc plating, issues certificates. See product catalog.\",\"potentialAction\":[{\"@type\":\"SearchAction\",\"target\":{\"@type\":\"EntryPoint\",\"urlTemplate\":\"https:\\\/\\\/elgo.pl\\\/?s={search_term_string}\"},\"query-input\":{\"@type\":\"PropertyValueSpecification\",\"valueRequired\":true,\"valueName\":\"search_term_string\"}}],\"inLanguage\":\"en-US\"}]}<\/script>\n<!-- \/ Yoast SEO plugin. -->","yoast_head_json":{"title":"Producent i dystrybutor element\u00f3w z\u0142\u0105cznych | Elgo.pl","description":"Specjalizujemy si\u0119 w produkcji certyfikowanych element\u00f3w z\u0142\u0105cznych ze stali stopowych zgodnych z PED \u2022 Profesjonalne doradztwo \u2022 Sprawd\u017a teraz!","robots":{"index":"noindex","follow":"nofollow"},"og_locale":"en_US","og_type":"article","og_title":"Producent i dystrybutor element\u00f3w z\u0142\u0105cznych | Elgo.pl","og_description":"Specjalizujemy si\u0119 w produkcji certyfikowanych element\u00f3w z\u0142\u0105cznych ze stali stopowych zgodnych z PED \u2022 Profesjonalne doradztwo \u2022 Sprawd\u017a teraz!","og_url":"https:\/\/elgo.pl\/en\/","og_site_name":"ELGO \u015aruby","article_modified_time":"2026-05-08T07:22:35+00:00","twitter_card":"summary_large_image","schema":{"@context":"https:\/\/schema.org","@graph":[{"@type":"WebPage","@id":"https:\/\/elgo.pl\/en\/","url":"https:\/\/elgo.pl\/en\/","name":"Producent i dystrybutor element\u00f3w z\u0142\u0105cznych | Elgo.pl","isPartOf":{"@id":"https:\/\/elgo.pl\/#website"},"datePublished":"2026-04-07T21:45:33+00:00","dateModified":"2026-05-08T07:22:35+00:00","description":"Specjalizujemy si\u0119 w produkcji certyfikowanych element\u00f3w z\u0142\u0105cznych ze stali stopowych zgodnych z PED \u2022 Profesjonalne doradztwo \u2022 Sprawd\u017a teraz!","breadcrumb":{"@id":"https:\/\/elgo.pl\/en\/#breadcrumb"},"inLanguage":"en-US","potentialAction":[{"@type":"ReadAction","target":["https:\/\/elgo.pl\/en\/"]}]},{"@type":"BreadcrumbList","@id":"https:\/\/elgo.pl\/en\/#breadcrumb","itemListElement":[{"@type":"ListItem","position":1,"name":"Strona g\u0142\u00f3wna","item":"https:\/\/elgo.pl\/en\/"},{"@type":"ListItem","position":2,"name":"Strona g\u0142\u00f3wna"}]},{"@type":"WebSite","@id":"https:\/\/elgo.pl\/#website","url":"https:\/\/elgo.pl\/","name":"Elgo","description":"ELGO takes special products, Bolts for flange bolts acid-resistant, in zinc plating, issues certificates. See product catalog.","potentialAction":[{"@type":"SearchAction","target":{"@type":"EntryPoint","urlTemplate":"https:\/\/elgo.pl\/?s={search_term_string}"},"query-input":{"@type":"PropertyValueSpecification","valueRequired":true,"valueName":"search_term_string"}}],"inLanguage":"en-US"}]}},"_links":{"self":[{"href":"https:\/\/elgo.pl\/en\/wp-json\/wp\/v2\/pages\/8440","targetHints":{"allow":["GET"]}}],"collection":[{"href":"https:\/\/elgo.pl\/en\/wp-json\/wp\/v2\/pages"}],"about":[{"href":"https:\/\/elgo.pl\/en\/wp-json\/wp\/v2\/types\/page"}],"author":[{"embeddable":true,"href":"https:\/\/elgo.pl\/en\/wp-json\/wp\/v2\/users\/2127"}],"replies":[{"embeddable":true,"href":"https:\/\/elgo.pl\/en\/wp-json\/wp\/v2\/comments?post=8440"}],"version-history":[{"count":3,"href":"https:\/\/elgo.pl\/en\/wp-json\/wp\/v2\/pages\/8440\/revisions"}],"predecessor-version":[{"id":8664,"href":"https:\/\/elgo.pl\/en\/wp-json\/wp\/v2\/pages\/8440\/revisions\/8664"}],"wp:attachment":[{"href":"https:\/\/elgo.pl\/en\/wp-json\/wp\/v2\/media?parent=8440"}],"curies":[{"name":"wp","href":"https:\/\/api.w.org\/{rel}","templated":true}]}}